{"id":15632,"date":"2025-03-06T16:37:58","date_gmt":"2025-03-06T19:37:58","guid":{"rendered":"https:\/\/disma.ar\/clientes\/?post_type=product&#038;p=15632"},"modified":"2026-04-30T10:48:45","modified_gmt":"2026-04-30T13:48:45","slug":"auricular-bluetooth-earpods-a9-ibek-con-pantalla","status":"publish","type":"product","link":"https:\/\/disma.ar\/clientes\/producto\/auricular-bluetooth-earpods-a9-ibek-con-pantalla\/","title":{"rendered":"AURICULAR BLUETOOTH EARPODS A9 IBEK CON PANTALLA"},"content":{"rendered":"<p>Auricular inal\u00e1mbrico. Cable de carga type c. Tiempo de reproducci\u00f3n de m\u00fasica: 3-4 hrs. Tiempo de habla: 2-3 hrs. MODELO: A9. Con visor LED. (FONDOS DE PANTALLAS, OPCI\u00d3N PARA CAMBIA, ECUALIZAR M\u00daSICA DESDE LA PANTALLA)<\/p>\n","protected":false},"excerpt":{"rendered":"<p>IBEK<\/p>\n","protected":false},"featured_media":15634,"comment_status":"open","ping_status":"closed","template":"","meta":[],"product_brand":[],"product_cat":[33],"product_tag":[],"class_list":{"0":"post-15632","1":"product","2":"type-product","3":"status-publish","4":"has-post-thumbnail","6":"product_cat-auriculares-bluetooth","8":"first","9":"outofstock","10":"shipping-taxable","11":"purchasable","12":"product-type-simple"},"_links":{"self":[{"href":"https:\/\/disma.ar\/clientes\/wp-json\/wp\/v2\/product\/15632","targetHints":{"allow":["GET"]}}],"collection":[{"href":"https:\/\/disma.ar\/clientes\/wp-json\/wp\/v2\/product"}],"about":[{"href":"https:\/\/disma.ar\/clientes\/wp-json\/wp\/v2\/types\/product"}],"replies":[{"embeddable":true,"href":"https:\/\/disma.ar\/clientes\/wp-json\/wp\/v2\/comments?post=15632"}],"wp:featuredmedia":[{"embeddable":true,"href":"https:\/\/disma.ar\/clientes\/wp-json\/wp\/v2\/media\/15634"}],"wp:attachment":[{"href":"https:\/\/disma.ar\/clientes\/wp-json\/wp\/v2\/media?parent=15632"}],"wp:term":[{"taxonomy":"product_brand","embeddable":true,"href":"https:\/\/disma.ar\/clientes\/wp-json\/wp\/v2\/product_brand?post=15632"},{"taxonomy":"product_cat","embeddable":true,"href":"https:\/\/disma.ar\/clientes\/wp-json\/wp\/v2\/product_cat?post=15632"},{"taxonomy":"product_tag","embeddable":true,"href":"https:\/\/disma.ar\/clientes\/wp-json\/wp\/v2\/product_tag?post=15632"}],"curies":[{"name":"wp","href":"https:\/\/api.w.org\/{rel}","templated":true}]}}