{"id":15626,"date":"2025-03-06T16:34:33","date_gmt":"2025-03-06T19:34:33","guid":{"rendered":"https:\/\/disma.ar\/clientes\/?post_type=product&#038;p=15626"},"modified":"2026-02-11T13:20:01","modified_gmt":"2026-02-11T16:20:01","slug":"conversor-vga-macho-a-hdmi-hembra-con-audio-y-cable","status":"publish","type":"product","link":"https:\/\/disma.ar\/clientes\/producto\/conversor-vga-macho-a-hdmi-hembra-con-audio-y-cable\/","title":{"rendered":"CONVERSOR VGA MACHO A HDMI HEMBRA CON AUDIO Y CABLE"},"content":{"rendered":"<p>Es un conversor de ALTA DEFINICI\u00d3N que convierte se\u00f1al VGA y audio a una se\u00f1al digital HDMI.<br \/>\nSirve para conectar cualquier dispositivo con salida VGA (notebook, PC, etc.) a monitor, tv, etc, con entrada HDMI.<br \/>\nSe\u00f1al de entrada: se\u00f1al VGA + audio<br \/>\nSe\u00f1al de salida: se\u00f1al HDMI est\u00e1ndar<br \/>\nAdmite formatos VGA: VGA, XGA, SVGA, SXGA y UGA<br \/>\nAdmite formato de audio: est\u00e9reo anal\u00f3gico 2.1CH<br \/>\nSe\u00f1al HDMI: admite 1080P a 60Hz<\/p>\n","protected":false},"excerpt":{"rendered":"<p>Es un conversor de ALTA DEFINICI\u00d3N que convierte se\u00f1al VGA y audio a una se\u00f1al digital HDMI. Sirve para conectar cualquier dispositivo con salida VGA (notebook, PC, etc.) a monitor, tv, etc, con entrada HDMI. Se\u00f1al de entrada: se\u00f1al VGA + audio Se\u00f1al de salida: se\u00f1al HDMI est\u00e1ndar Admite formatos VGA: VGA, XGA, SVGA, SXGA [&hellip;]<\/p>\n","protected":false},"featured_media":15627,"comment_status":"open","ping_status":"closed","template":"","meta":[],"product_brand":[],"product_cat":[341],"product_tag":[],"class_list":{"0":"post-15626","1":"product","2":"type-product","3":"status-publish","4":"has-post-thumbnail","6":"product_cat-conversores-video","8":"first","9":"outofstock","10":"shipping-taxable","11":"purchasable","12":"product-type-simple"},"_links":{"self":[{"href":"https:\/\/disma.ar\/clientes\/wp-json\/wp\/v2\/product\/15626","targetHints":{"allow":["GET"]}}],"collection":[{"href":"https:\/\/disma.ar\/clientes\/wp-json\/wp\/v2\/product"}],"about":[{"href":"https:\/\/disma.ar\/clientes\/wp-json\/wp\/v2\/types\/product"}],"replies":[{"embeddable":true,"href":"https:\/\/disma.ar\/clientes\/wp-json\/wp\/v2\/comments?post=15626"}],"wp:featuredmedia":[{"embeddable":true,"href":"https:\/\/disma.ar\/clientes\/wp-json\/wp\/v2\/media\/15627"}],"wp:attachment":[{"href":"https:\/\/disma.ar\/clientes\/wp-json\/wp\/v2\/media?parent=15626"}],"wp:term":[{"taxonomy":"product_brand","embeddable":true,"href":"https:\/\/disma.ar\/clientes\/wp-json\/wp\/v2\/product_brand?post=15626"},{"taxonomy":"product_cat","embeddable":true,"href":"https:\/\/disma.ar\/clientes\/wp-json\/wp\/v2\/product_cat?post=15626"},{"taxonomy":"product_tag","embeddable":true,"href":"https:\/\/disma.ar\/clientes\/wp-json\/wp\/v2\/product_tag?post=15626"}],"curies":[{"name":"wp","href":"https:\/\/api.w.org\/{rel}","templated":true}]}}