{"id":15624,"date":"2025-10-01T09:32:12","date_gmt":"2025-10-01T12:32:12","guid":{"rendered":"https:\/\/disma.ar\/clientes\/?post_type=product&#038;p=15624"},"modified":"2026-02-11T13:20:01","modified_gmt":"2026-02-11T16:20:01","slug":"camara-de-seguridad-foco-camara-espia-wifi-smart-360-grados-con-microfono-vision-nocturna","status":"publish","type":"product","link":"https:\/\/disma.ar\/clientes\/producto\/camara-de-seguridad-foco-camara-espia-wifi-smart-360-grados-con-microfono-vision-nocturna\/","title":{"rendered":"CAMARA DE SEGURIDAD FOCO CAMARA ESPIA WIFI SMART 360 GRADOS CON MICROFONO VISION NOCTURNA"},"content":{"rendered":"<p>Una c\u00e1mara s\u00faper completa si lo que buscas es gran calidad al mejor precio, s\u00faper vers\u00e1til color y visi\u00f3n nocturna, seguimiento de movimientos, alarma, micr\u00f3fono y parlante, notificaciones de movimiento graba en memorias SD y la nube se conecta a cualquier red wifi de 2,4ghz<\/p>\n","protected":false},"excerpt":{"rendered":"<p>Una c\u00e1mara s\u00faper completa si lo que buscas es gran calidad al mejor precio, s\u00faper vers\u00e1til color y visi\u00f3n nocturna, seguimiento de movimientos, alarma, micr\u00f3fono y parlante, notificaciones de movimiento graba en memorias SD y la nube se conecta a cualquier red wifi de 2,4ghz<\/p>\n","protected":false},"featured_media":15625,"comment_status":"open","ping_status":"closed","template":"","meta":[],"product_brand":[],"product_cat":[303],"product_tag":[],"class_list":{"0":"post-15624","1":"product","2":"type-product","3":"status-publish","4":"has-post-thumbnail","6":"product_cat-camaras-seguridad-y-monitores","8":"first","9":"outofstock","10":"shipping-taxable","11":"purchasable","12":"product-type-simple"},"_links":{"self":[{"href":"https:\/\/disma.ar\/clientes\/wp-json\/wp\/v2\/product\/15624","targetHints":{"allow":["GET"]}}],"collection":[{"href":"https:\/\/disma.ar\/clientes\/wp-json\/wp\/v2\/product"}],"about":[{"href":"https:\/\/disma.ar\/clientes\/wp-json\/wp\/v2\/types\/product"}],"replies":[{"embeddable":true,"href":"https:\/\/disma.ar\/clientes\/wp-json\/wp\/v2\/comments?post=15624"}],"wp:featuredmedia":[{"embeddable":true,"href":"https:\/\/disma.ar\/clientes\/wp-json\/wp\/v2\/media\/15625"}],"wp:attachment":[{"href":"https:\/\/disma.ar\/clientes\/wp-json\/wp\/v2\/media?parent=15624"}],"wp:term":[{"taxonomy":"product_brand","embeddable":true,"href":"https:\/\/disma.ar\/clientes\/wp-json\/wp\/v2\/product_brand?post=15624"},{"taxonomy":"product_cat","embeddable":true,"href":"https:\/\/disma.ar\/clientes\/wp-json\/wp\/v2\/product_cat?post=15624"},{"taxonomy":"product_tag","embeddable":true,"href":"https:\/\/disma.ar\/clientes\/wp-json\/wp\/v2\/product_tag?post=15624"}],"curies":[{"name":"wp","href":"https:\/\/api.w.org\/{rel}","templated":true}]}}