{"id":15543,"date":"2025-02-25T11:18:49","date_gmt":"2025-02-25T14:18:49","guid":{"rendered":"https:\/\/disma.ar\/clientes\/?post_type=product&#038;p=15543"},"modified":"2026-04-30T10:49:28","modified_gmt":"2026-04-30T13:49:28","slug":"cable-impresora-a-b-usb-2-0-3-metros-con-filtro-int-co-a10usb-2-0","status":"publish","type":"product","link":"https:\/\/disma.ar\/clientes\/producto\/cable-impresora-a-b-usb-2-0-3-metros-con-filtro-int-co-a10usb-2-0\/","title":{"rendered":"CABLE IMPRESORA A\/B USB 2.0 3 METROS CON FILTRO INT.CO A10USB-2.0"},"content":{"rendered":"<p>El cable USB 2.0 para impresora de 3m proporciona una transmisi\u00f3n de datos estable y r\u00e1pida entre tu computadora y dispositivos como impresoras, esc\u00e1neres y multifuncionales. Su longitud extendida permite mayor flexibilidad en la conexi\u00f3n sin p\u00e9rdida de calidad. Fabricado con materiales resistentes para garantizar durabilidad y compatibilidad con equipos USB-B. Ideal para entornos de oficina o dom\u00e9sticos.<\/p>\n","protected":false},"excerpt":{"rendered":"<p>INT.CO<\/p>\n","protected":false},"featured_media":15544,"comment_status":"open","ping_status":"closed","template":"","meta":[],"product_brand":[],"product_cat":[39],"product_tag":[],"class_list":{"0":"post-15543","1":"product","2":"type-product","3":"status-publish","4":"has-post-thumbnail","6":"product_cat-cables-computacion","8":"first","9":"instock","10":"shipping-taxable","11":"purchasable","12":"product-type-simple"},"_links":{"self":[{"href":"https:\/\/disma.ar\/clientes\/wp-json\/wp\/v2\/product\/15543","targetHints":{"allow":["GET"]}}],"collection":[{"href":"https:\/\/disma.ar\/clientes\/wp-json\/wp\/v2\/product"}],"about":[{"href":"https:\/\/disma.ar\/clientes\/wp-json\/wp\/v2\/types\/product"}],"replies":[{"embeddable":true,"href":"https:\/\/disma.ar\/clientes\/wp-json\/wp\/v2\/comments?post=15543"}],"wp:featuredmedia":[{"embeddable":true,"href":"https:\/\/disma.ar\/clientes\/wp-json\/wp\/v2\/media\/15544"}],"wp:attachment":[{"href":"https:\/\/disma.ar\/clientes\/wp-json\/wp\/v2\/media?parent=15543"}],"wp:term":[{"taxonomy":"product_brand","embeddable":true,"href":"https:\/\/disma.ar\/clientes\/wp-json\/wp\/v2\/product_brand?post=15543"},{"taxonomy":"product_cat","embeddable":true,"href":"https:\/\/disma.ar\/clientes\/wp-json\/wp\/v2\/product_cat?post=15543"},{"taxonomy":"product_tag","embeddable":true,"href":"https:\/\/disma.ar\/clientes\/wp-json\/wp\/v2\/product_tag?post=15543"}],"curies":[{"name":"wp","href":"https:\/\/api.w.org\/{rel}","templated":true}]}}