{"id":15031,"date":"2025-01-09T11:32:52","date_gmt":"2025-01-09T14:32:52","guid":{"rendered":"https:\/\/disma.ar\/clientes\/?post_type=product&#038;p=15031"},"modified":"2026-04-30T10:47:51","modified_gmt":"2026-04-30T13:47:51","slug":"pad-mouse-con-apoya-brazo-economico-goma-espuma-rosa-calidad","status":"publish","type":"product","link":"https:\/\/disma.ar\/clientes\/producto\/pad-mouse-con-apoya-brazo-economico-goma-espuma-rosa-calidad\/","title":{"rendered":"PAD MOUSE CON APOYA BRAZO ECONOMICO GOMA ESPUMA ROSA CALIDAD"},"content":{"rendered":"<p>Mouse pad con apoya mu\u00f1eca en goma espuma<br \/>\nEst\u00e1 ergon\u00f3micamente dise\u00f1ado para una m\u00e1s natural posici\u00f3n del brazo y de la mano, previniendo cansancio o lesiones en el t\u00fanel carpiano.<\/p>\n","protected":false},"excerpt":{"rendered":"<p>JLG<\/p>\n","protected":false},"featured_media":15029,"comment_status":"open","ping_status":"closed","template":"","meta":[],"product_brand":[],"product_cat":[319],"product_tag":[],"class_list":{"0":"post-15031","1":"product","2":"type-product","3":"status-publish","4":"has-post-thumbnail","6":"product_cat-pad-p-mouse","8":"first","9":"instock","10":"shipping-taxable","11":"purchasable","12":"product-type-simple"},"_links":{"self":[{"href":"https:\/\/disma.ar\/clientes\/wp-json\/wp\/v2\/product\/15031","targetHints":{"allow":["GET"]}}],"collection":[{"href":"https:\/\/disma.ar\/clientes\/wp-json\/wp\/v2\/product"}],"about":[{"href":"https:\/\/disma.ar\/clientes\/wp-json\/wp\/v2\/types\/product"}],"replies":[{"embeddable":true,"href":"https:\/\/disma.ar\/clientes\/wp-json\/wp\/v2\/comments?post=15031"}],"wp:featuredmedia":[{"embeddable":true,"href":"https:\/\/disma.ar\/clientes\/wp-json\/wp\/v2\/media\/15029"}],"wp:attachment":[{"href":"https:\/\/disma.ar\/clientes\/wp-json\/wp\/v2\/media?parent=15031"}],"wp:term":[{"taxonomy":"product_brand","embeddable":true,"href":"https:\/\/disma.ar\/clientes\/wp-json\/wp\/v2\/product_brand?post=15031"},{"taxonomy":"product_cat","embeddable":true,"href":"https:\/\/disma.ar\/clientes\/wp-json\/wp\/v2\/product_cat?post=15031"},{"taxonomy":"product_tag","embeddable":true,"href":"https:\/\/disma.ar\/clientes\/wp-json\/wp\/v2\/product_tag?post=15031"}],"curies":[{"name":"wp","href":"https:\/\/api.w.org\/{rel}","templated":true}]}}