{"id":14966,"date":"2025-01-05T23:25:11","date_gmt":"2025-01-06T02:25:11","guid":{"rendered":"https:\/\/disma.ar\/clientes\/?post_type=product&#038;p=14966"},"modified":"2026-04-30T10:47:44","modified_gmt":"2026-04-30T13:47:44","slug":"cargador-portatil-power-bank-20000-tranyoo-t-k02","status":"publish","type":"product","link":"https:\/\/disma.ar\/clientes\/producto\/cargador-portatil-power-bank-20000-tranyoo-t-k02\/","title":{"rendered":"CARGADOR PORTATIL POWER BANK 20000 TRANYOO T-K02"},"content":{"rendered":"<p>Carga tus equipos en todas partes!<br \/>\nPowerbank para cargar varios dispositivos: tel\u00e9fonos inteligentes como iPhone &#8211; Samsung &#8211; Xiaomi &#8211; c\u00e1maras &#8211; tabletas &#8211; libros electr\u00f3nicos- etc. Powerbank de alta capacidad &#8211; 20000 mAh- tiene 3 puertos USB para la capacidad de cargar simult\u00e1neamente varios dispositivos. Hay un practico indicador de nivel de carga de la bater\u00eda.<\/p>\n<p>Marca: Tranyoo<br \/>\nModelo: T-K02<br \/>\nCapacidad: 20000mAh<br \/>\nMicro Input: 5V\/2A; 9V\/2A; 12V1.5A (18W)<br \/>\nUSB1Output: 9V\/2.5A(SCP); 5V\/3A; 9V\/2A; 12V\/1.5A; 4.5V\/5A (22.5W)<br \/>\nUSB2Output: 9v\/2.5A(SCP; 5V\/3A; 9V\/2A; 12V\/1.5A; 4.5V\/5A (22.5W)<br \/>\nTipo-C Output: 5V\/3A; 9V\/2.22A; 12V\/1.67A (PD20W)<br \/>\nCapacidad Nominal: 12AH (5Vm3A)<br \/>\nVoltaje: 3.7<\/p>\n","protected":false},"excerpt":{"rendered":"<p>TRANYOO<\/p>\n","protected":false},"featured_media":14967,"comment_status":"open","ping_status":"closed","template":"","meta":[],"product_brand":[],"product_cat":[207],"product_tag":[],"class_list":{"0":"post-14966","1":"product","2":"type-product","3":"status-publish","4":"has-post-thumbnail","6":"product_cat-cargadores-portatiles-power-bank","8":"first","9":"outofstock","10":"shipping-taxable","11":"purchasable","12":"product-type-simple"},"_links":{"self":[{"href":"https:\/\/disma.ar\/clientes\/wp-json\/wp\/v2\/product\/14966","targetHints":{"allow":["GET"]}}],"collection":[{"href":"https:\/\/disma.ar\/clientes\/wp-json\/wp\/v2\/product"}],"about":[{"href":"https:\/\/disma.ar\/clientes\/wp-json\/wp\/v2\/types\/product"}],"replies":[{"embeddable":true,"href":"https:\/\/disma.ar\/clientes\/wp-json\/wp\/v2\/comments?post=14966"}],"wp:featuredmedia":[{"embeddable":true,"href":"https:\/\/disma.ar\/clientes\/wp-json\/wp\/v2\/media\/14967"}],"wp:attachment":[{"href":"https:\/\/disma.ar\/clientes\/wp-json\/wp\/v2\/media?parent=14966"}],"wp:term":[{"taxonomy":"product_brand","embeddable":true,"href":"https:\/\/disma.ar\/clientes\/wp-json\/wp\/v2\/product_brand?post=14966"},{"taxonomy":"product_cat","embeddable":true,"href":"https:\/\/disma.ar\/clientes\/wp-json\/wp\/v2\/product_cat?post=14966"},{"taxonomy":"product_tag","embeddable":true,"href":"https:\/\/disma.ar\/clientes\/wp-json\/wp\/v2\/product_tag?post=14966"}],"curies":[{"name":"wp","href":"https:\/\/api.w.org\/{rel}","templated":true}]}}