{"id":14807,"date":"2024-12-21T16:45:28","date_gmt":"2024-12-21T19:45:28","guid":{"rendered":"https:\/\/disma.ar\/clientes\/?post_type=product&#038;p=14807"},"modified":"2026-02-11T13:44:09","modified_gmt":"2026-02-11T16:44:09","slug":"pizarra-magica-lcd-panel-10-pulgadas-de-colores-rgb-1-lapiz","status":"publish","type":"product","link":"https:\/\/disma.ar\/clientes\/producto\/pizarra-magica-lcd-panel-10-pulgadas-de-colores-rgb-1-lapiz\/","title":{"rendered":"PIZARRA MAGICA LCD PANEL 10&#8243; PULGADAS DE COLORES RGB 1 LAPIZ"},"content":{"rendered":"<p>La tableta de escritura LCD digital adopta la tecnolog\u00eda LCD sensible a la presi\u00f3n m\u00e1s reciente, que proporciona colores intensos del arco\u00edris sin deslumbramientos ni luz azul. Fabricada con materiales duraderos, nuestra tableta LCD para escribir y dibujar es segura y c\u00f3moda para proteger los ojos, incluso si se usa durante mucho tiempo. Juguete esencial de viaje para ni\u00f1os peque\u00f1os.<\/p>\n","protected":false},"excerpt":{"rendered":"<p>La tableta de escritura LCD digital adopta la tecnolog\u00eda LCD sensible a la presi\u00f3n m\u00e1s reciente, que proporciona colores intensos del arco\u00edris sin deslumbramientos ni luz azul. Fabricada con materiales duraderos, nuestra tableta LCD para escribir y dibujar es segura y c\u00f3moda para proteger los ojos, incluso si se usa durante mucho tiempo. Juguete esencial [&hellip;]<\/p>\n","protected":false},"featured_media":14808,"comment_status":"open","ping_status":"closed","template":"","meta":[],"product_brand":[],"product_cat":[242],"product_tag":[],"class_list":{"0":"post-14807","1":"product","2":"type-product","3":"status-publish","4":"has-post-thumbnail","6":"product_cat-cartel-luminoso","8":"first","9":"instock","10":"shipping-taxable","11":"purchasable","12":"product-type-simple"},"_links":{"self":[{"href":"https:\/\/disma.ar\/clientes\/wp-json\/wp\/v2\/product\/14807","targetHints":{"allow":["GET"]}}],"collection":[{"href":"https:\/\/disma.ar\/clientes\/wp-json\/wp\/v2\/product"}],"about":[{"href":"https:\/\/disma.ar\/clientes\/wp-json\/wp\/v2\/types\/product"}],"replies":[{"embeddable":true,"href":"https:\/\/disma.ar\/clientes\/wp-json\/wp\/v2\/comments?post=14807"}],"wp:featuredmedia":[{"embeddable":true,"href":"https:\/\/disma.ar\/clientes\/wp-json\/wp\/v2\/media\/14808"}],"wp:attachment":[{"href":"https:\/\/disma.ar\/clientes\/wp-json\/wp\/v2\/media?parent=14807"}],"wp:term":[{"taxonomy":"product_brand","embeddable":true,"href":"https:\/\/disma.ar\/clientes\/wp-json\/wp\/v2\/product_brand?post=14807"},{"taxonomy":"product_cat","embeddable":true,"href":"https:\/\/disma.ar\/clientes\/wp-json\/wp\/v2\/product_cat?post=14807"},{"taxonomy":"product_tag","embeddable":true,"href":"https:\/\/disma.ar\/clientes\/wp-json\/wp\/v2\/product_tag?post=14807"}],"curies":[{"name":"wp","href":"https:\/\/api.w.org\/{rel}","templated":true}]}}