{"id":14756,"date":"2024-12-17T17:23:56","date_gmt":"2024-12-17T20:23:56","guid":{"rendered":"https:\/\/disma.ar\/clientes\/?post_type=product&#038;p=14756"},"modified":"2026-02-11T13:44:06","modified_gmt":"2026-02-11T16:44:06","slug":"cargador-4-pilas-aa-aaa-energizer-carga-2-o-4-pila-senergizer-incluye-2-pilas-aa-1300mah","status":"publish","type":"product","link":"https:\/\/disma.ar\/clientes\/producto\/cargador-4-pilas-aa-aaa-energizer-carga-2-o-4-pila-senergizer-incluye-2-pilas-aa-1300mah\/","title":{"rendered":"CARGADOR 4 PILAS AA\/AAA ENERGIZER CARGA 2 O 4 PILA SENERGIZER Incluye 2 PILAS AA 1300MAH"},"content":{"rendered":"<p>Marca: Energizer<br \/>\nModelo: CHVCM4<br \/>\nVoltaje de entrada: 220V<\/p>\n<p>Ten a la mano el poder y energ\u00eda que necesitas con el conveniente cargador Energizer Maxi.<br \/>\nEste pr\u00e1ctico dispositivo carga 2 o 4 pilas AA o AAA NiMH al mismo tiempo en un lapso entre 5 horas a 7 horas (Los tiempos de carga solo sirven de gu\u00eda. Los plazos pueden diferir seg\u00fan las marcas o la capacidad mAh).<\/p>\n<p>Es muy f\u00e1cil de usar: cargue el dispositivo, con\u00e9ctelo a la pared y obtenga la energ\u00eda de la bater\u00eda completamente cargada cuando la necesite.<br \/>\nEspecificaciones T\u00e9cnicas:<br \/>\nCuenta con indicador de carga a trav\u00e9s de una pantalla LED de alta visibilidad, con colores que indican el estado de carga. La luz roja indica que est\u00e1 cargando. La luz verde indica que est\u00e1 completo.<\/p>\n<p>La luz roja parpadeante indica que la bater\u00eda es mala o primaria.<\/p>\n<p>Cuenta con temporizador autom\u00e1tico de seguridad para que el cargador no est\u00e9 activo durante per\u00edodos de tiempo prolongados. Apagado autom\u00e1tico y protecci\u00f3n contra sobre carga, limitando los da\u00f1os a la bater\u00eda. Detecci\u00f3n de cortocircuito.<\/p>\n<p>Indicador de Status de Carga<br \/>\nProtecci\u00f3n contra Sobrecarga<br \/>\nSeguridad de apagado<br \/>\nIncluye 2 pilas Energizer Recharge\u00ae AA, de NiMH (1300 mAh)<\/p>\n","protected":false},"excerpt":{"rendered":"<p>ENERGIZER<\/p>\n","protected":false},"featured_media":14757,"comment_status":"open","ping_status":"closed","template":"","meta":[],"product_brand":[],"product_cat":[171],"product_tag":[],"class_list":{"0":"post-14756","1":"product","2":"type-product","3":"status-publish","4":"has-post-thumbnail","6":"product_cat-cargadores-de-pilas","8":"first","9":"instock","10":"shipping-taxable","11":"purchasable","12":"product-type-simple"},"_links":{"self":[{"href":"https:\/\/disma.ar\/clientes\/wp-json\/wp\/v2\/product\/14756","targetHints":{"allow":["GET"]}}],"collection":[{"href":"https:\/\/disma.ar\/clientes\/wp-json\/wp\/v2\/product"}],"about":[{"href":"https:\/\/disma.ar\/clientes\/wp-json\/wp\/v2\/types\/product"}],"replies":[{"embeddable":true,"href":"https:\/\/disma.ar\/clientes\/wp-json\/wp\/v2\/comments?post=14756"}],"wp:featuredmedia":[{"embeddable":true,"href":"https:\/\/disma.ar\/clientes\/wp-json\/wp\/v2\/media\/14757"}],"wp:attachment":[{"href":"https:\/\/disma.ar\/clientes\/wp-json\/wp\/v2\/media?parent=14756"}],"wp:term":[{"taxonomy":"product_brand","embeddable":true,"href":"https:\/\/disma.ar\/clientes\/wp-json\/wp\/v2\/product_brand?post=14756"},{"taxonomy":"product_cat","embeddable":true,"href":"https:\/\/disma.ar\/clientes\/wp-json\/wp\/v2\/product_cat?post=14756"},{"taxonomy":"product_tag","embeddable":true,"href":"https:\/\/disma.ar\/clientes\/wp-json\/wp\/v2\/product_tag?post=14756"}],"curies":[{"name":"wp","href":"https:\/\/api.w.org\/{rel}","templated":true}]}}