{"id":14747,"date":"2024-12-17T17:00:06","date_gmt":"2024-12-17T20:00:06","guid":{"rendered":"https:\/\/disma.ar\/clientes\/?post_type=product&#038;p=14747"},"modified":"2026-02-11T13:44:06","modified_gmt":"2026-02-11T16:44:06","slug":"cable-impresora-a-b-usb-2-0-10-metros-con-filtro","status":"publish","type":"product","link":"https:\/\/disma.ar\/clientes\/producto\/cable-impresora-a-b-usb-2-0-10-metros-con-filtro\/","title":{"rendered":"CABLE IMPRESORA A\/B USB 2.0 10 METROS CON FILTRO"},"content":{"rendered":"<p>DESCRIPCION Cable USB A\/B para impresora Ficha Tipo A macho \u2013 Ficha Tipo B Macho Longitud: 10 metros Para conexi\u00f3n de impresoras, scanner, Multifunci\u00f3n Versi\u00f3n 2.0 Color azul Excelente Cable optimo Rendimiento Producto Nuevo en Bolsa.<\/p>\n","protected":false},"excerpt":{"rendered":"<p>SKYWAY<\/p>\n","protected":false},"featured_media":14748,"comment_status":"open","ping_status":"closed","template":"","meta":[],"product_brand":[],"product_cat":[39],"product_tag":[],"class_list":{"0":"post-14747","1":"product","2":"type-product","3":"status-publish","4":"has-post-thumbnail","6":"product_cat-cables-computacion","8":"first","9":"instock","10":"shipping-taxable","11":"purchasable","12":"product-type-simple"},"_links":{"self":[{"href":"https:\/\/disma.ar\/clientes\/wp-json\/wp\/v2\/product\/14747","targetHints":{"allow":["GET"]}}],"collection":[{"href":"https:\/\/disma.ar\/clientes\/wp-json\/wp\/v2\/product"}],"about":[{"href":"https:\/\/disma.ar\/clientes\/wp-json\/wp\/v2\/types\/product"}],"replies":[{"embeddable":true,"href":"https:\/\/disma.ar\/clientes\/wp-json\/wp\/v2\/comments?post=14747"}],"wp:featuredmedia":[{"embeddable":true,"href":"https:\/\/disma.ar\/clientes\/wp-json\/wp\/v2\/media\/14748"}],"wp:attachment":[{"href":"https:\/\/disma.ar\/clientes\/wp-json\/wp\/v2\/media?parent=14747"}],"wp:term":[{"taxonomy":"product_brand","embeddable":true,"href":"https:\/\/disma.ar\/clientes\/wp-json\/wp\/v2\/product_brand?post=14747"},{"taxonomy":"product_cat","embeddable":true,"href":"https:\/\/disma.ar\/clientes\/wp-json\/wp\/v2\/product_cat?post=14747"},{"taxonomy":"product_tag","embeddable":true,"href":"https:\/\/disma.ar\/clientes\/wp-json\/wp\/v2\/product_tag?post=14747"}],"curies":[{"name":"wp","href":"https:\/\/api.w.org\/{rel}","templated":true}]}}