{"id":14697,"date":"2025-12-03T09:22:51","date_gmt":"2025-12-03T12:22:51","guid":{"rendered":"https:\/\/disma.ar\/clientes\/?post_type=product&#038;p=14697"},"modified":"2026-03-04T10:13:08","modified_gmt":"2026-03-04T13:13:08","slug":"auriculares-intercomunicadores-bluetooth-moto-casco-manos-libres-ruta-x2-intercomunicadores","status":"publish","type":"product","link":"https:\/\/disma.ar\/clientes\/producto\/auriculares-intercomunicadores-bluetooth-moto-casco-manos-libres-ruta-x2-intercomunicadores\/","title":{"rendered":"***   OFERTA   *** PAR DE AURICULARES INTERCOMUNICADORES BLUETOOTH MOTO CASCO MANOS LIBRES RUTA X2 AURICULARES INTERCOMUNICADORES"},"content":{"rendered":"<div class=\"J_module\">\n<div class=\"detail-decorate-json-renderer-container\">\n<div class=\"magic-0\">\n<pre class=\"magic-1\">ntercomunicadores Bluetooth Moto Casco Manos Libres Ruta X 2\r\n\r\nCaracteristicas\r\n\r\n*Alcance m\u00e1ximo de comunicaci\u00f3n entre dos motociclistas: 1200 mts.\r\n*Comunicaci\u00f3n inal\u00e1mbrica de dos v\u00edas.\r\n*El sistema Bluetooth permite la conexi\u00f3n con hasta 6 motociclistas.\r\n*Velocidad m\u00e1xima de trabajo: 120 km\/hora.\r\n*Tiempo m\u00e1ximo de conversaci\u00f3n: 8 horas.\r\n*Tiempo m\u00e1ximo en espera: 150 horas.\r\n*Recepci\u00f3n autom\u00e1tica de llamadas al celular.\r\n*Bluetooth con perfil A2DP &amp; EDR.\r\n*Musica\/audio en estereo (transmitida desde un celular, MP3 y\/o GPS con perfil A2PD).\r\n*Funci\u00f3n de cancelaci\u00f3n del sonido del viento.\r\n*Resistente al agua y a la lluvia.\r\n*Amigable para manipular con guantes.\r\n\r\n\u00bfLe gusta viajar junto a otros motociclistas? A partir de ahora, ese placer ser\u00e1 mayor.\r\n\r\nCon este dispositivo, usted puede con comodidad y seguridad:\r\nHablar con sus amigos motociclistas y\/o con su acompa\u00f1ante como si fuera un tel\u00e9fono de manos libres mientras se est\u00e1 circulando en motocicleta.\r\nRecibir llamadas por tel\u00e9fono celular sin tener que pulsar ning\u00fan bot\u00f3n,\r\nDisfrutar de su m\u00fasica favorita en est\u00e9reo desde su tel\u00e9fono celular o reproductor de MP3 con perfil A2DP,\r\nEscuchar las instrucciones de navegaci\u00f3n de un GPS con Bluetooth.\r\nAuricular Bluetooth de manos libres para las llamadas al tel\u00e9fono celular:\r\n\r\nEl dispositivo abre autom\u00e1ticamente la comunicaci\u00f3n cuando el tel\u00e9fono celular recibe una llamada entrante. Sin necesidad de pulsar ning\u00fan bot\u00f3n opera totalmente en modo de manos libres. Si usted no quiere recibir llamadas cuenta con una funci\u00f3n para rechazarlas autom\u00e1ticamente.\r\nAuricular Bluetooth para tel\u00e9fonos m\u00f3viles:\r\n\r\nEl alcance m\u00e1ximo de comunicaci\u00f3n en l\u00ednea recta sin obst\u00e1culos puede alcanzar 1200m! (El alcance m\u00e1ximo no est\u00e1 garantizado). El alcance t\u00edpico eficaz en la ciudad es de aproximadamente 300m, tenga en cuenta que el rango real puede variar ampliamente, como resultado de muchos factores, incluyendo: el terreno, obst\u00e1culos, condiciones meteorol\u00f3gicas, etc. La velocidad de trabajo puede ser de hasta 120 kil\u00f3metros! El dispositivo puede conectar con otros dos corredores o conectarse con otro piloto y su pasajero . El piloto puede seleccionar qu\u00e9 persona para hablar a la vez.\r\nComo receptor de m\u00fasica y un altavoz Bluetooth inal\u00e1mbrico:\r\n\r\nEsta unidad cuenta con EDR y A2DP que permite escuchar en est\u00e9reo m\u00fasica desde su tel\u00e9fono m\u00f3vil con A2DP, MP3 e informaci\u00f3n de navegaci\u00f3n desde el GPS (el MP3 o el GPS deben tener incorporado un transmisor de audio Bluetooth).<\/pre>\n<div class=\"magic-3\">\n<div class=\"magic-4\">\n<div class=\"magic-5\"><\/div>\n<\/div>\n<\/div>\n<\/div>\n<\/div>\n<\/div>\n<div class=\"J_module\"><\/div>\n<p>&nbsp;<\/p>\n","protected":false},"excerpt":{"rendered":"<p>CG<\/p>\n","protected":false},"featured_media":14698,"comment_status":"open","ping_status":"closed","template":"","meta":[],"product_brand":[],"product_cat":[394,33],"product_tag":[],"class_list":{"0":"post-14697","1":"product","2":"type-product","3":"status-publish","4":"has-post-thumbnail","6":"product_cat-caja-de-sorpresas","7":"product_cat-auriculares-bluetooth","9":"first","10":"instock","11":"shipping-taxable","12":"purchasable","13":"product-type-simple"},"_links":{"self":[{"href":"https:\/\/disma.ar\/clientes\/wp-json\/wp\/v2\/product\/14697","targetHints":{"allow":["GET"]}}],"collection":[{"href":"https:\/\/disma.ar\/clientes\/wp-json\/wp\/v2\/product"}],"about":[{"href":"https:\/\/disma.ar\/clientes\/wp-json\/wp\/v2\/types\/product"}],"replies":[{"embeddable":true,"href":"https:\/\/disma.ar\/clientes\/wp-json\/wp\/v2\/comments?post=14697"}],"wp:featuredmedia":[{"embeddable":true,"href":"https:\/\/disma.ar\/clientes\/wp-json\/wp\/v2\/media\/14698"}],"wp:attachment":[{"href":"https:\/\/disma.ar\/clientes\/wp-json\/wp\/v2\/media?parent=14697"}],"wp:term":[{"taxonomy":"product_brand","embeddable":true,"href":"https:\/\/disma.ar\/clientes\/wp-json\/wp\/v2\/product_brand?post=14697"},{"taxonomy":"product_cat","embeddable":true,"href":"https:\/\/disma.ar\/clientes\/wp-json\/wp\/v2\/product_cat?post=14697"},{"taxonomy":"product_tag","embeddable":true,"href":"https:\/\/disma.ar\/clientes\/wp-json\/wp\/v2\/product_tag?post=14697"}],"curies":[{"name":"wp","href":"https:\/\/api.w.org\/{rel}","templated":true}]}}