{"id":14550,"date":"2024-12-03T10:55:22","date_gmt":"2024-12-03T13:55:22","guid":{"rendered":"https:\/\/disma.ar\/clientes\/?post_type=product&#038;p=14550"},"modified":"2026-04-30T10:46:56","modified_gmt":"2026-04-30T13:46:56","slug":"lampara-mata-mosquitos-usb-tipo-c-sd-618-silencioso-5v-1a-5w","status":"publish","type":"product","link":"https:\/\/disma.ar\/clientes\/producto\/lampara-mata-mosquitos-usb-tipo-c-sd-618-silencioso-5v-1a-5w\/","title":{"rendered":"LAMPARA MATA MOSQUITOS USB TIPO C SD-618 SILENCIOSO 5V 1A 5W"},"content":{"rendered":"<p>Precio x 1 unidad de l\u00e1mpara<\/p>\n<p>Lampara Mata Mosquitos y Moscas USB.<\/p>\n<p>Modelo SD-618.<\/p>\n<p>Color: Verde.<\/p>\n<p>Voltaje: DC5V\/1A 5W.<\/p>\n<p>Material: ABS y Electr\u00f3nicos.<\/p>\n<p>Empaquetado: Caja de Color.<\/p>\n<p>La lampara mata-mosquitos SD-618 es un producto el cu\u00e1l su funci\u00f3n es durar varias horas, mientras cumple su funci\u00f3n de eliminar dichos insectos. Puede ser utilizada para matar mosquitos,moscas,polillas,etc.<\/p>\n<p>Tiene una sola funci\u00f3n crucial para su funcionamiento,mata-mosquitos,acompa\u00f1ada de una luz color &#8220;azul&#8221;.<\/p>\n<p>En su caja,contiene el respectivo cable USB y su necesario cepillo utilizado para limpiar los interiores y exteriores de la lampara<\/p>\n<p>Todo art\u00edculo entregado se tiene que proceder a cargar por alrededor de 1 hora previamente antes de su uso para que no presente ning\u00fan error.<\/p>\n","protected":false},"excerpt":{"rendered":"<p>mosquito killer<\/p>\n","protected":false},"featured_media":14551,"comment_status":"open","ping_status":"closed","template":"","meta":[],"product_brand":[],"product_cat":[360],"product_tag":[],"class_list":{"0":"post-14550","1":"product","2":"type-product","3":"status-publish","4":"has-post-thumbnail","6":"product_cat-electro-y-bazar","8":"first","9":"instock","10":"shipping-taxable","11":"purchasable","12":"product-type-simple"},"_links":{"self":[{"href":"https:\/\/disma.ar\/clientes\/wp-json\/wp\/v2\/product\/14550","targetHints":{"allow":["GET"]}}],"collection":[{"href":"https:\/\/disma.ar\/clientes\/wp-json\/wp\/v2\/product"}],"about":[{"href":"https:\/\/disma.ar\/clientes\/wp-json\/wp\/v2\/types\/product"}],"replies":[{"embeddable":true,"href":"https:\/\/disma.ar\/clientes\/wp-json\/wp\/v2\/comments?post=14550"}],"wp:featuredmedia":[{"embeddable":true,"href":"https:\/\/disma.ar\/clientes\/wp-json\/wp\/v2\/media\/14551"}],"wp:attachment":[{"href":"https:\/\/disma.ar\/clientes\/wp-json\/wp\/v2\/media?parent=14550"}],"wp:term":[{"taxonomy":"product_brand","embeddable":true,"href":"https:\/\/disma.ar\/clientes\/wp-json\/wp\/v2\/product_brand?post=14550"},{"taxonomy":"product_cat","embeddable":true,"href":"https:\/\/disma.ar\/clientes\/wp-json\/wp\/v2\/product_cat?post=14550"},{"taxonomy":"product_tag","embeddable":true,"href":"https:\/\/disma.ar\/clientes\/wp-json\/wp\/v2\/product_tag?post=14550"}],"curies":[{"name":"wp","href":"https:\/\/api.w.org\/{rel}","templated":true}]}}