{"id":14385,"date":"2024-11-17T16:36:26","date_gmt":"2024-11-17T19:36:26","guid":{"rendered":"https:\/\/disma.ar\/clientes\/?post_type=product&#038;p=14385"},"modified":"2026-04-21T12:46:21","modified_gmt":"2026-04-21T15:46:21","slug":"luz-led-velador-de-mesa-decorativo-espiral-led-usb","status":"publish","type":"product","link":"https:\/\/disma.ar\/clientes\/producto\/luz-led-velador-de-mesa-decorativo-espiral-led-usb\/","title":{"rendered":"LUZ LED VELADOR DE MESA DECORATIVO ESPIRAL LED USB"},"content":{"rendered":"<pre class=\"ui-pdp-title\">L\u00e1mpara De Escritorio Mesa Espiral Usb Led Curva Minimalista\r\n- Descripci\u00f3n -\r\n\r\n- Dise\u00f1o ultramoderno con un nuevo dise\u00f1o que reinventa la forma de presentar la luz a trav\u00e9s de un patr\u00f3n hecho de l\u00edneas y curvas minimalistas. Transmite su delicadeza visual y elegancia incluso cuando est\u00e1 apagada, pero al mismo tiempo permite iluminar perfectamente las estancias en las que se coloca. Es una l\u00e1mpara de sobremesa que se adaptar\u00e1 perfectamente a los ambientes modernos y ser\u00e1 capaz de dar un toque refinado y sofisticado incluso a los ambientes m\u00e1s exigentes. Pr\u00e1ctico y sencillo de colocar, te permitir\u00e1 iluminar o crear un ambiente \u00fanico all\u00ed donde decidas colocarlo.\r\n\r\n- La l\u00e1mpara de sobremesa es sumamente pr\u00e1ctica porque te ser\u00e1 muy f\u00e1cil colocarla donde prefieras e iluminar\u00e1 mejor cualquier tipo de zona y podr\u00e1s decidir darle un ambiente diferente en varias estancias de tu hogar como, por ejemplo, la sala de estar, el dormitorio o la habitaci\u00f3n que utilizas como estudio y gracias a su dise\u00f1o simple pero refinado, se adaptar\u00e1 a varios contextos para crear un tipo particular de atm\u00f3sfera. La originalidad de este cuerpo de iluminaci\u00f3n reside en su l\u00ednea iluminada sin principio ni fin, que caracteriza a esta gama de iluminaci\u00f3n de l\u00edneas elegantes ideal para crear ambientes vanguardistas y modernos.\r\n\r\n- Una pantalla ciertamente apta para un estilo ultramoderno , una luz difusa recomendada para cualquier uso, funcional o decorativo.\r\n\r\n- Una vez colocado, inmediatamente notar\u00e1s como ser\u00e1 capaz de dar un nuevo aspecto a tu entorno, haci\u00e9ndolo m\u00e1s agradable y apreciado adem\u00e1s de iluminarlo de manera correcta y funcional.\r\n\r\n- El mantenimiento es extremadamente f\u00e1cil utilizando un simple pa\u00f1o humedecido con agua para eliminar el exceso de polvo.<\/pre>\n","protected":false},"excerpt":{"rendered":"<p>L\u00e1mpara De Escritorio Mesa Espiral Usb Led Curva Minimalista &#8211; Descripci\u00f3n &#8211; &#8211; Dise\u00f1o ultramoderno con un nuevo dise\u00f1o que reinventa la forma de presentar la luz a trav\u00e9s de un patr\u00f3n hecho de l\u00edneas y curvas minimalistas. Transmite su delicadeza visual y elegancia incluso cuando est\u00e1 apagada, pero al mismo tiempo permite iluminar perfectamente [&hellip;]<\/p>\n","protected":false},"featured_media":14386,"comment_status":"open","ping_status":"closed","template":"","meta":[],"product_brand":[],"product_cat":[360,254],"product_tag":[],"class_list":{"0":"post-14385","1":"product","2":"type-product","3":"status-publish","4":"has-post-thumbnail","6":"product_cat-electro-y-bazar","7":"product_cat-veladores","9":"first","10":"instock","11":"shipping-taxable","12":"purchasable","13":"product-type-simple"},"_links":{"self":[{"href":"https:\/\/disma.ar\/clientes\/wp-json\/wp\/v2\/product\/14385","targetHints":{"allow":["GET"]}}],"collection":[{"href":"https:\/\/disma.ar\/clientes\/wp-json\/wp\/v2\/product"}],"about":[{"href":"https:\/\/disma.ar\/clientes\/wp-json\/wp\/v2\/types\/product"}],"replies":[{"embeddable":true,"href":"https:\/\/disma.ar\/clientes\/wp-json\/wp\/v2\/comments?post=14385"}],"wp:featuredmedia":[{"embeddable":true,"href":"https:\/\/disma.ar\/clientes\/wp-json\/wp\/v2\/media\/14386"}],"wp:attachment":[{"href":"https:\/\/disma.ar\/clientes\/wp-json\/wp\/v2\/media?parent=14385"}],"wp:term":[{"taxonomy":"product_brand","embeddable":true,"href":"https:\/\/disma.ar\/clientes\/wp-json\/wp\/v2\/product_brand?post=14385"},{"taxonomy":"product_cat","embeddable":true,"href":"https:\/\/disma.ar\/clientes\/wp-json\/wp\/v2\/product_cat?post=14385"},{"taxonomy":"product_tag","embeddable":true,"href":"https:\/\/disma.ar\/clientes\/wp-json\/wp\/v2\/product_tag?post=14385"}],"curies":[{"name":"wp","href":"https:\/\/api.w.org\/{rel}","templated":true}]}}