{"id":14230,"date":"2024-11-06T11:12:58","date_gmt":"2024-11-06T14:12:58","guid":{"rendered":"https:\/\/disma.ar\/clientes\/?post_type=product&#038;p=14230"},"modified":"2026-04-08T15:51:51","modified_gmt":"2026-04-08T18:51:51","slug":"transmisor-receptor-soundcast-subcast-wirelles-subwoofer-kit-sck520","status":"publish","type":"product","link":"https:\/\/disma.ar\/clientes\/producto\/transmisor-receptor-soundcast-subcast-wirelles-subwoofer-kit-sck520\/","title":{"rendered":"TRANSMISOR RECEPTOR DE SE\u00d1AL DE AUDIO POR RCA HASTA 50 METROS SOUNDCAST SUBCAST WIRELLES SUBWOOFER KIT SCK520"},"content":{"rendered":"<p>TRANSMITE UNA SE\u00d1A LINALAMBRICA A 2.4GHZ HASTA 50\u00a0 METROS<\/p>\n<p>LA SE\u00d1AL NO ES AFECTADA POR MICROONDAS &#8211; TELEFONOS &#8211; OTROS DISPOSITIVOS INALAMBRICOS<\/p>\n<p>PUEDE OPERAR HASTA DOS RECEPTORES PARA UN SISTEMA DE DOS ZONAS<\/p>\n<p>INCLUYE FUENTE<\/p>\n<p>El SubCast Wireless Subwoofer kit es una combinaci\u00f3n de transmisor y receptor inal\u00e1mbrico con antenas internas para transmitir la se\u00f1al LFE del home theater receptor a cualquier sobwoofer a trav\u00e9s de un link wireless.<\/p>\n<p>&nbsp;<\/p>\n","protected":false},"excerpt":{"rendered":"<p>TRANSMITE UNA SE\u00d1A LINALAMBRICA A 2.4GHZ HASTA 50\u00a0 METROS LA SE\u00d1AL NO ES AFECTADA POR MICROONDAS &#8211; TELEFONOS &#8211; OTROS DISPOSITIVOS INALAMBRICOS PUEDE OPERAR HASTA DOS RECEPTORES PARA UN SISTEMA DE DOS ZONAS INCLUYE FUENTE El SubCast Wireless Subwoofer kit es una combinaci\u00f3n de transmisor y receptor inal\u00e1mbrico con antenas internas para transmitir la se\u00f1al [&hellip;]<\/p>\n","protected":false},"featured_media":14237,"comment_status":"open","ping_status":"closed","template":"","meta":[],"product_brand":[],"product_cat":[78],"product_tag":[],"class_list":{"0":"post-14230","1":"product","2":"type-product","3":"status-publish","4":"has-post-thumbnail","6":"product_cat-parlantes-bluetooth","8":"first","9":"instock","10":"shipping-taxable","11":"purchasable","12":"product-type-simple"},"_links":{"self":[{"href":"https:\/\/disma.ar\/clientes\/wp-json\/wp\/v2\/product\/14230","targetHints":{"allow":["GET"]}}],"collection":[{"href":"https:\/\/disma.ar\/clientes\/wp-json\/wp\/v2\/product"}],"about":[{"href":"https:\/\/disma.ar\/clientes\/wp-json\/wp\/v2\/types\/product"}],"replies":[{"embeddable":true,"href":"https:\/\/disma.ar\/clientes\/wp-json\/wp\/v2\/comments?post=14230"}],"wp:featuredmedia":[{"embeddable":true,"href":"https:\/\/disma.ar\/clientes\/wp-json\/wp\/v2\/media\/14237"}],"wp:attachment":[{"href":"https:\/\/disma.ar\/clientes\/wp-json\/wp\/v2\/media?parent=14230"}],"wp:term":[{"taxonomy":"product_brand","embeddable":true,"href":"https:\/\/disma.ar\/clientes\/wp-json\/wp\/v2\/product_brand?post=14230"},{"taxonomy":"product_cat","embeddable":true,"href":"https:\/\/disma.ar\/clientes\/wp-json\/wp\/v2\/product_cat?post=14230"},{"taxonomy":"product_tag","embeddable":true,"href":"https:\/\/disma.ar\/clientes\/wp-json\/wp\/v2\/product_tag?post=14230"}],"curies":[{"name":"wp","href":"https:\/\/api.w.org\/{rel}","templated":true}]}}