{"id":14138,"date":"2024-10-28T16:17:40","date_gmt":"2024-10-28T19:17:40","guid":{"rendered":"https:\/\/disma.ar\/clientes\/?post_type=product&#038;p=14138"},"modified":"2026-02-11T13:43:05","modified_gmt":"2026-02-11T16:43:05","slug":"bote-inflable-bestway-cuerda-186x100cm-61052","status":"publish","type":"product","link":"https:\/\/disma.ar\/clientes\/producto\/bote-inflable-bestway-cuerda-186x100cm-61052\/","title":{"rendered":"BOTE INFLABLE BESTWAY CUERDA 186X100CM 61052"},"content":{"rendered":"<p>Bote inflable Bestway rojo mar playa Tidal Wave 61052<\/p>\n<p>&lt;&lt;&lt;&lt;&lt; NO INCLUYE REMOS &gt;&gt;&gt;&gt;&gt;<\/p>\n<p>Este bote es ideal para llevar a la playa, pero tambi\u00e9n puede ser utilizado en la piscina, es totalmente resistente gracias a su material de vinilo y asegura la m\u00e1xima estabilidad para resistir golpes.<br \/>\nCuenta con V\u00e1lvula de seguridad, y para un r\u00e1pido Inflado o Desinflado.<br \/>\nCerrado ocupa muy poco espacio y es muy f\u00e1cil para transportarlo.<br \/>\nCuenta con el piso inflable para mayor comodidad.<br \/>\nA los costados cuenta con 2 mangos para poder agarrar con la mano o pasar por all\u00ed los remos.<\/p>\n<p>DATOS TECNICOS<\/p>\n<p>Modelo: 61052.<br \/>\nMaterial: Vinilo.<br \/>\nMedida inflado: 197 cm x 115 cm.<br \/>\nMedida desinflado: 186 cm x 100 cm.<\/p>\n","protected":false},"excerpt":{"rendered":"<p>Bote inflable Bestway rojo mar playa Tidal Wave 61052 &lt;&lt;&lt;&lt;&lt; NO INCLUYE REMOS &gt;&gt;&gt;&gt;&gt; Este bote es ideal para llevar a la playa, pero tambi\u00e9n puede ser utilizado en la piscina, es totalmente resistente gracias a su material de vinilo y asegura la m\u00e1xima estabilidad para resistir golpes. Cuenta con V\u00e1lvula de seguridad, y para [&hellip;]<\/p>\n","protected":false},"featured_media":14139,"comment_status":"open","ping_status":"closed","template":"","meta":[],"product_brand":[],"product_cat":[353,352],"product_tag":[],"class_list":{"0":"post-14138","1":"product","2":"type-product","3":"status-publish","4":"has-post-thumbnail","6":"product_cat-aire-libre","7":"product_cat-camping","9":"first","10":"outofstock","11":"shipping-taxable","12":"purchasable","13":"product-type-simple"},"_links":{"self":[{"href":"https:\/\/disma.ar\/clientes\/wp-json\/wp\/v2\/product\/14138","targetHints":{"allow":["GET"]}}],"collection":[{"href":"https:\/\/disma.ar\/clientes\/wp-json\/wp\/v2\/product"}],"about":[{"href":"https:\/\/disma.ar\/clientes\/wp-json\/wp\/v2\/types\/product"}],"replies":[{"embeddable":true,"href":"https:\/\/disma.ar\/clientes\/wp-json\/wp\/v2\/comments?post=14138"}],"wp:featuredmedia":[{"embeddable":true,"href":"https:\/\/disma.ar\/clientes\/wp-json\/wp\/v2\/media\/14139"}],"wp:attachment":[{"href":"https:\/\/disma.ar\/clientes\/wp-json\/wp\/v2\/media?parent=14138"}],"wp:term":[{"taxonomy":"product_brand","embeddable":true,"href":"https:\/\/disma.ar\/clientes\/wp-json\/wp\/v2\/product_brand?post=14138"},{"taxonomy":"product_cat","embeddable":true,"href":"https:\/\/disma.ar\/clientes\/wp-json\/wp\/v2\/product_cat?post=14138"},{"taxonomy":"product_tag","embeddable":true,"href":"https:\/\/disma.ar\/clientes\/wp-json\/wp\/v2\/product_tag?post=14138"}],"curies":[{"name":"wp","href":"https:\/\/api.w.org\/{rel}","templated":true}]}}