{"id":14083,"date":"2024-10-24T15:43:44","date_gmt":"2024-10-24T18:43:44","guid":{"rendered":"https:\/\/disma.ar\/clientes\/?post_type=product&#038;p=14083"},"modified":"2026-04-30T10:45:37","modified_gmt":"2026-04-30T13:45:37","slug":"esencia-para-aromatizadores-100ml-a-base-de-agua-apta-para-humidificadores-con-filtro-se-entrega-surtido","status":"publish","type":"product","link":"https:\/\/disma.ar\/clientes\/producto\/esencia-para-aromatizadores-100ml-a-base-de-agua-apta-para-humidificadores-con-filtro-se-entrega-surtido\/","title":{"rendered":"ESENCIA PARA AROMATIZADORES 100ML A BASE DE AGUA APTA PARA HUMIDIFICADORES CON FILTRO (SE ENTREGA SURTIDO)"},"content":{"rendered":"<p>PRECIO X 1 UNIDAD DE 100ML<\/p>\n<p>Aromas disponibles:<br \/>\n&#8211; Vainilla<br \/>\n&#8211; Mel\u00f3n pepino<br \/>\n&#8211; Jazm\u00edn<br \/>\n&#8211; Lim\u00f3n<br \/>\n&#8211; Peras y flores Blancas<br \/>\n&#8211; Lavanda<br \/>\n&#8211; Coco-vainilla<br \/>\n&#8211; Frutilla<br \/>\n&#8211; Cheek beb\u00e9 (Johnson\u00b4s baby)<br \/>\n&#8211; Sand\u00eda<br \/>\n&#8211; Naranja y lim\u00f3n<br \/>\n&#8211; Chicle<br \/>\n&#8211; Uva<br \/>\n&#8211; Eucalipto<\/p>\n","protected":false},"excerpt":{"rendered":"<p>PRECIO X 1 UNIDAD DE 100ML Aromas disponibles: &#8211; Vainilla &#8211; Mel\u00f3n pepino &#8211; Jazm\u00edn &#8211; Lim\u00f3n &#8211; Peras y flores Blancas &#8211; Lavanda &#8211; Coco-vainilla &#8211; Frutilla &#8211; Cheek beb\u00e9 (Johnson\u00b4s baby) &#8211; Sand\u00eda &#8211; Naranja y lim\u00f3n &#8211; Chicle &#8211; Uva &#8211; Eucalipto<\/p>\n","protected":false},"featured_media":14085,"comment_status":"open","ping_status":"closed","template":"","meta":[],"product_brand":[],"product_cat":[360],"product_tag":[],"class_list":{"0":"post-14083","1":"product","2":"type-product","3":"status-publish","4":"has-post-thumbnail","6":"product_cat-electro-y-bazar","8":"first","9":"instock","10":"shipping-taxable","11":"purchasable","12":"product-type-simple"},"_links":{"self":[{"href":"https:\/\/disma.ar\/clientes\/wp-json\/wp\/v2\/product\/14083","targetHints":{"allow":["GET"]}}],"collection":[{"href":"https:\/\/disma.ar\/clientes\/wp-json\/wp\/v2\/product"}],"about":[{"href":"https:\/\/disma.ar\/clientes\/wp-json\/wp\/v2\/types\/product"}],"replies":[{"embeddable":true,"href":"https:\/\/disma.ar\/clientes\/wp-json\/wp\/v2\/comments?post=14083"}],"wp:featuredmedia":[{"embeddable":true,"href":"https:\/\/disma.ar\/clientes\/wp-json\/wp\/v2\/media\/14085"}],"wp:attachment":[{"href":"https:\/\/disma.ar\/clientes\/wp-json\/wp\/v2\/media?parent=14083"}],"wp:term":[{"taxonomy":"product_brand","embeddable":true,"href":"https:\/\/disma.ar\/clientes\/wp-json\/wp\/v2\/product_brand?post=14083"},{"taxonomy":"product_cat","embeddable":true,"href":"https:\/\/disma.ar\/clientes\/wp-json\/wp\/v2\/product_cat?post=14083"},{"taxonomy":"product_tag","embeddable":true,"href":"https:\/\/disma.ar\/clientes\/wp-json\/wp\/v2\/product_tag?post=14083"}],"curies":[{"name":"wp","href":"https:\/\/api.w.org\/{rel}","templated":true}]}}