{"id":13780,"date":"2025-04-04T08:58:38","date_gmt":"2025-04-04T11:58:38","guid":{"rendered":"https:\/\/disma.ar\/clientes\/?post_type=product&#038;p=13780"},"modified":"2026-04-30T10:45:58","modified_gmt":"2026-04-30T13:45:58","slug":"microfono-inalambrico-influencer-tipo-c-sx5con-estuche-de-carga-calidad","status":"publish","type":"product","link":"https:\/\/disma.ar\/clientes\/producto\/microfono-inalambrico-influencer-tipo-c-sx5con-estuche-de-carga-calidad\/","title":{"rendered":"MICROFONO INALAMBRICO CORBATERO INFLUENCER TIPO C SX5 CON ESTUCHE DE CARGA CALIDAD"},"content":{"rendered":"<h5 class=\"system-title\">SX5 Ios Micr\u00f3fono Inal\u00e1mbrico Micr\u00f3fono Inal\u00e1mbrico Micr\u00f3fono Clip-encadenado Con Contenedor de Carga Digital<\/h5>\n<div class=\"system-intro\"><\/div>\n<div class=\"system-description\">\n<ul>\n<li>uso de la tecnolog\u00eda avanzada de transmisi\u00f3n de se\u00f1al inal\u00e1mbrica 2.4g con latencia ultra baja para garantizar que la recolecci\u00f3n de sonido siga la imagen en tiempo real<\/li>\n<li>adecuado para entrevistas, vlogs, podcasts, transmisi\u00f3n en vivo, grabaci\u00f3n de video, youtube, tiktok, instagram, etc.<\/li>\n<li>equipado con un contenedor de carga de bater\u00eda de 300 mah para cargar el micr\u00f3fono, y la pantalla digital puede mostrar la alimentaci\u00f3n en tiempo real, lo cual es muy pr\u00e1ctico y conveniente<\/li>\n<li>f\u00e1cil de usar, sin necesidad de instalar la aplicaci\u00f3n, solo enchufar y reproducir<\/li>\n<\/ul>\n<p><strong>Especificaci\u00f3n:<\/strong><\/p>\n<ul>\n<li>Micr\u00f3fono: Micr\u00f3fono digital<\/li>\n<li>Voltaje de Entrada: 5V<\/li>\n<li>capacidad de la bater\u00eda de micr\u00f3fono: 70 mah<\/li>\n<li>bater\u00eda de contenedor de carga: 300 mah<\/li>\n<li>tiempo de trabajo: 6 horas<\/li>\n<li>relaci\u00f3n se\u00f1al \/ ruido: reducci\u00f3n de ruido adaptativo de 64dbm<\/li>\n<li>Retraso de Transmisi\u00f3n: 30 ms<\/li>\n<li>Sensibilidad: -42db<\/li>\n<li>rango de respuesta de frecuencia: 20-20 khz<\/li>\n<li>distancia inal\u00e1mbrica: 15 metros (sin barreras)<\/li>\n<\/ul>\n<\/div>\n","protected":false},"excerpt":{"rendered":"<p>SX5 Ios Micr\u00f3fono Inal\u00e1mbrico Micr\u00f3fono Inal\u00e1mbrico Micr\u00f3fono Clip-encadenado Con Contenedor de Carga Digital uso de la tecnolog\u00eda avanzada de transmisi\u00f3n de se\u00f1al inal\u00e1mbrica 2.4g con latencia ultra baja para garantizar que la recolecci\u00f3n de sonido siga la imagen en tiempo real adecuado para entrevistas, vlogs, podcasts, transmisi\u00f3n en vivo, grabaci\u00f3n de video, youtube, tiktok, instagram, [&hellip;]<\/p>\n","protected":false},"featured_media":13781,"comment_status":"open","ping_status":"closed","template":"","meta":[],"product_brand":[],"product_cat":[269],"product_tag":[],"class_list":{"0":"post-13780","1":"product","2":"type-product","3":"status-publish","4":"has-post-thumbnail","6":"product_cat-microfonos-inalambricos","8":"first","9":"instock","10":"shipping-taxable","11":"purchasable","12":"product-type-simple"},"_links":{"self":[{"href":"https:\/\/disma.ar\/clientes\/wp-json\/wp\/v2\/product\/13780","targetHints":{"allow":["GET"]}}],"collection":[{"href":"https:\/\/disma.ar\/clientes\/wp-json\/wp\/v2\/product"}],"about":[{"href":"https:\/\/disma.ar\/clientes\/wp-json\/wp\/v2\/types\/product"}],"replies":[{"embeddable":true,"href":"https:\/\/disma.ar\/clientes\/wp-json\/wp\/v2\/comments?post=13780"}],"wp:featuredmedia":[{"embeddable":true,"href":"https:\/\/disma.ar\/clientes\/wp-json\/wp\/v2\/media\/13781"}],"wp:attachment":[{"href":"https:\/\/disma.ar\/clientes\/wp-json\/wp\/v2\/media?parent=13780"}],"wp:term":[{"taxonomy":"product_brand","embeddable":true,"href":"https:\/\/disma.ar\/clientes\/wp-json\/wp\/v2\/product_brand?post=13780"},{"taxonomy":"product_cat","embeddable":true,"href":"https:\/\/disma.ar\/clientes\/wp-json\/wp\/v2\/product_cat?post=13780"},{"taxonomy":"product_tag","embeddable":true,"href":"https:\/\/disma.ar\/clientes\/wp-json\/wp\/v2\/product_tag?post=13780"}],"curies":[{"name":"wp","href":"https:\/\/api.w.org\/{rel}","templated":true}]}}