{"id":13778,"date":"2024-10-04T14:54:07","date_gmt":"2024-10-04T17:54:07","guid":{"rendered":"https:\/\/disma.ar\/clientes\/?post_type=product&#038;p=13778"},"modified":"2026-05-05T16:53:23","modified_gmt":"2026-05-05T19:53:23","slug":"soporte-aholder-de-celular-para-auto-ho-1034-360-grados-ventosa-calidad","status":"publish","type":"product","link":"https:\/\/disma.ar\/clientes\/producto\/soporte-aholder-de-celular-para-auto-ho-1034-360-grados-ventosa-calidad\/","title":{"rendered":"SOPORTE AHOLDER DE CELULAR PARA AUTO HO-1034 360 GRADOS VENTOSA CALIDAD"},"content":{"rendered":"<p>Soporte para Celular Parabrisas Holder para Auto<br \/>\nSoporte para auto con bot\u00f3n para trabar, f\u00e1cil uso y muy c\u00f3modo.<\/p>\n<ul>\n<li>Soporte universal para auto que se adapta a la mayor\u00eda de los dispositivos m\u00f3viles<\/li>\n<li>Sistema de f\u00e1cil colocaci\u00f3n en un toque. No se requieren herramientas.<\/li>\n<li>Totalmente ajustable con rotaci\u00f3n de 360 \u200b\u200bgrados para una vista r\u00e1pida de retrato y paisaje.<\/li>\n<li>La ventosa\u00a0se fija de forma segura al parabrisas y al tablero.<\/li>\n<li>La ventosa ultra pegajosa reutilizable e innovadora se adhiere a cualquier superficie de vidrio y tambi\u00e9n al tablero.<\/li>\n<li>F\u00e1cil de usar con un sistema operativo de un toque.<\/li>\n<li>Con solo un movimiento de dedo, el dispositivo se puede colocar y sacar con facilidad.<\/li>\n<\/ul>\n","protected":false},"excerpt":{"rendered":"<p>Soporte para Celular Parabrisas Holder para Auto Soporte para auto con bot\u00f3n para trabar, f\u00e1cil uso y muy c\u00f3modo. Soporte universal para auto que se adapta a la mayor\u00eda de los dispositivos m\u00f3viles Sistema de f\u00e1cil colocaci\u00f3n en un toque. No se requieren herramientas. Totalmente ajustable con rotaci\u00f3n de 360 \u200b\u200bgrados para una vista r\u00e1pida [&hellip;]<\/p>\n","protected":false},"featured_media":13779,"comment_status":"open","ping_status":"closed","template":"","meta":[],"product_brand":[],"product_cat":[32],"product_tag":[],"class_list":{"0":"post-13778","1":"product","2":"type-product","3":"status-publish","4":"has-post-thumbnail","6":"product_cat-soportes-gps-celulares","8":"first","9":"instock","10":"shipping-taxable","11":"purchasable","12":"product-type-simple"},"_links":{"self":[{"href":"https:\/\/disma.ar\/clientes\/wp-json\/wp\/v2\/product\/13778","targetHints":{"allow":["GET"]}}],"collection":[{"href":"https:\/\/disma.ar\/clientes\/wp-json\/wp\/v2\/product"}],"about":[{"href":"https:\/\/disma.ar\/clientes\/wp-json\/wp\/v2\/types\/product"}],"replies":[{"embeddable":true,"href":"https:\/\/disma.ar\/clientes\/wp-json\/wp\/v2\/comments?post=13778"}],"wp:featuredmedia":[{"embeddable":true,"href":"https:\/\/disma.ar\/clientes\/wp-json\/wp\/v2\/media\/13779"}],"wp:attachment":[{"href":"https:\/\/disma.ar\/clientes\/wp-json\/wp\/v2\/media?parent=13778"}],"wp:term":[{"taxonomy":"product_brand","embeddable":true,"href":"https:\/\/disma.ar\/clientes\/wp-json\/wp\/v2\/product_brand?post=13778"},{"taxonomy":"product_cat","embeddable":true,"href":"https:\/\/disma.ar\/clientes\/wp-json\/wp\/v2\/product_cat?post=13778"},{"taxonomy":"product_tag","embeddable":true,"href":"https:\/\/disma.ar\/clientes\/wp-json\/wp\/v2\/product_tag?post=13778"}],"curies":[{"name":"wp","href":"https:\/\/api.w.org\/{rel}","templated":true}]}}