{"id":13698,"date":"2024-09-02T21:41:23","date_gmt":"2024-09-03T00:41:23","guid":{"rendered":"https:\/\/disma.ar\/clientes\/?post_type=product&#038;p=13698"},"modified":"2026-02-11T13:43:07","modified_gmt":"2026-02-11T16:43:07","slug":"soldador-estano-tipo-pistola-30-130watts-punta-ceramica","status":"publish","type":"product","link":"https:\/\/disma.ar\/clientes\/producto\/soldador-estano-tipo-pistola-30-130watts-punta-ceramica\/","title":{"rendered":"SOLDADOR ESTA\u00d1O TIPO PISTOLA 30-130WATTS PUNTA CERAMICA"},"content":{"rendered":"<p>SOLADOR TIPO PISTOLA PUNTA CER\u00c1MICA MEGALITE<br \/>\n&#8212;&#8212;&#8212;&#8212;&#8212;&#8212;&#8212;&#8212;&#8212;&#8212;&#8212;<br \/>\nDoble temperatura 30\/130 watts.<br \/>\nMango de pl\u00e1stico.<br \/>\nPunta cer\u00e1mica.<\/p>\n<p>Se utiza para: Radio controles, hobbies, artes y oficios, partes el\u00e9ctricas peque\u00f1as, artefactos el\u00e9ctricos dom\u00e9sticos, capacitores, etc.<\/p>\n","protected":false},"excerpt":{"rendered":"<p>MEGALITE<\/p>\n","protected":false},"featured_media":13699,"comment_status":"open","ping_status":"closed","template":"","meta":[],"product_brand":[],"product_cat":[363],"product_tag":[],"class_list":{"0":"post-13698","1":"product","2":"type-product","3":"status-publish","4":"has-post-thumbnail","6":"product_cat-baterias-cables-plaquetas","8":"first","9":"instock","10":"shipping-taxable","11":"purchasable","12":"product-type-simple"},"_links":{"self":[{"href":"https:\/\/disma.ar\/clientes\/wp-json\/wp\/v2\/product\/13698","targetHints":{"allow":["GET"]}}],"collection":[{"href":"https:\/\/disma.ar\/clientes\/wp-json\/wp\/v2\/product"}],"about":[{"href":"https:\/\/disma.ar\/clientes\/wp-json\/wp\/v2\/types\/product"}],"replies":[{"embeddable":true,"href":"https:\/\/disma.ar\/clientes\/wp-json\/wp\/v2\/comments?post=13698"}],"wp:featuredmedia":[{"embeddable":true,"href":"https:\/\/disma.ar\/clientes\/wp-json\/wp\/v2\/media\/13699"}],"wp:attachment":[{"href":"https:\/\/disma.ar\/clientes\/wp-json\/wp\/v2\/media?parent=13698"}],"wp:term":[{"taxonomy":"product_brand","embeddable":true,"href":"https:\/\/disma.ar\/clientes\/wp-json\/wp\/v2\/product_brand?post=13698"},{"taxonomy":"product_cat","embeddable":true,"href":"https:\/\/disma.ar\/clientes\/wp-json\/wp\/v2\/product_cat?post=13698"},{"taxonomy":"product_tag","embeddable":true,"href":"https:\/\/disma.ar\/clientes\/wp-json\/wp\/v2\/product_tag?post=13698"}],"curies":[{"name":"wp","href":"https:\/\/api.w.org\/{rel}","templated":true}]}}