{"id":13408,"date":"2024-09-17T16:31:50","date_gmt":"2024-09-17T19:31:50","guid":{"rendered":"https:\/\/disma.ar\/clientes\/?post_type=product&#038;p=13408"},"modified":"2026-04-30T10:45:49","modified_gmt":"2026-04-30T13:45:49","slug":"luz-velador-de-escritorio-touch-led-redondo-usb-recargable-3-modos-de-iluminacion","status":"publish","type":"product","link":"https:\/\/disma.ar\/clientes\/producto\/luz-velador-de-escritorio-touch-led-redondo-usb-recargable-3-modos-de-iluminacion\/","title":{"rendered":"LUZ VELADOR DE ESCRITORIO touch LED REDONDO USB RECARGABLE 3 Modos de iluminaci\u00f3n"},"content":{"rendered":"<p>Esta l\u00e1mpara de mesa est\u00e1 equipada con un interruptor con sensor t\u00e1ctil para un f\u00e1cil control. Tiene una ranura y tambi\u00e9n se puede utilizar como soporte para tel\u00e9fono m\u00f3vil.<\/p>\n<p>Esta l\u00e1mpara de escritorio tiene una opci\u00f3n de 3 modos de iluminaci\u00f3n y niveles de brillo de atenuaci\u00f3n continua, lo que proporciona niveles de iluminaci\u00f3n ideales para satisfacer sus diversas necesidades de iluminaci\u00f3n para trabajar, estudiar, leer y relajarse.<\/p>\n<p>Esta l\u00e1mpara de mesa t\u00e1ctil produce una luz suave, estable, sin parpadeos, sin mareos, sin sombras y con una luz suave, lo que previene eficazmente la fatiga ocular causada por el parpadeo de la luz y los reflejos intensos. Ideal para leer, estudiar o trabajar durante mucho tiempo.<\/p>\n<p>Esta l\u00e1mpara de mesa LED plegable viene con un brazo flexible de 180\u00b0, que le permite ajustar el \u00e1ngulo correcto y ahorrar espacio en la mesa. F\u00e1cil colocaci\u00f3n en estanter\u00edas, bolsos, maletas y cajas.<br \/>\nPotencia: 7W<br \/>\nVoltaje: 5V<\/p>\n","protected":false},"excerpt":{"rendered":"<p>Esta l\u00e1mpara de mesa est\u00e1 equipada con un interruptor con sensor t\u00e1ctil para un f\u00e1cil control. Tiene una ranura y tambi\u00e9n se puede utilizar como soporte para tel\u00e9fono m\u00f3vil. Esta l\u00e1mpara de escritorio tiene una opci\u00f3n de 3 modos de iluminaci\u00f3n y niveles de brillo de atenuaci\u00f3n continua, lo que proporciona niveles de iluminaci\u00f3n ideales [&hellip;]<\/p>\n","protected":false},"featured_media":13409,"comment_status":"open","ping_status":"closed","template":"","meta":[],"product_brand":[],"product_cat":[360,254],"product_tag":[],"class_list":{"0":"post-13408","1":"product","2":"type-product","3":"status-publish","4":"has-post-thumbnail","6":"product_cat-electro-y-bazar","7":"product_cat-veladores","9":"first","10":"outofstock","11":"shipping-taxable","12":"purchasable","13":"product-type-simple"},"_links":{"self":[{"href":"https:\/\/disma.ar\/clientes\/wp-json\/wp\/v2\/product\/13408","targetHints":{"allow":["GET"]}}],"collection":[{"href":"https:\/\/disma.ar\/clientes\/wp-json\/wp\/v2\/product"}],"about":[{"href":"https:\/\/disma.ar\/clientes\/wp-json\/wp\/v2\/types\/product"}],"replies":[{"embeddable":true,"href":"https:\/\/disma.ar\/clientes\/wp-json\/wp\/v2\/comments?post=13408"}],"wp:featuredmedia":[{"embeddable":true,"href":"https:\/\/disma.ar\/clientes\/wp-json\/wp\/v2\/media\/13409"}],"wp:attachment":[{"href":"https:\/\/disma.ar\/clientes\/wp-json\/wp\/v2\/media?parent=13408"}],"wp:term":[{"taxonomy":"product_brand","embeddable":true,"href":"https:\/\/disma.ar\/clientes\/wp-json\/wp\/v2\/product_brand?post=13408"},{"taxonomy":"product_cat","embeddable":true,"href":"https:\/\/disma.ar\/clientes\/wp-json\/wp\/v2\/product_cat?post=13408"},{"taxonomy":"product_tag","embeddable":true,"href":"https:\/\/disma.ar\/clientes\/wp-json\/wp\/v2\/product_tag?post=13408"}],"curies":[{"name":"wp","href":"https:\/\/api.w.org\/{rel}","templated":true}]}}