{"id":12969,"date":"2025-01-13T10:42:47","date_gmt":"2025-01-13T13:42:47","guid":{"rendered":"https:\/\/disma.ar\/clientes\/?post_type=product&#038;p=12969"},"modified":"2026-04-30T10:44:55","modified_gmt":"2026-04-30T13:44:55","slug":"aspiradora-portatil-usb-de-mano-400-ml-3-cabezales-calidad-jb-107","status":"publish","type":"product","link":"https:\/\/disma.ar\/clientes\/producto\/aspiradora-portatil-usb-de-mano-400-ml-3-cabezales-calidad-jb-107\/","title":{"rendered":"ASPIRADORA PORTATIL USB DE MANO 400 ML 3 CABEZALES CALIDAD JB-107"},"content":{"rendered":"<p>&nbsp;<\/p>\n<ul>\n<li>Contenedor de polvo de 400 ml<\/li>\n<li>Incluye accesorios para grietas para limpiar escombros en \u00e1reas o l\u00edquidos dif\u00edciles de alcanzar<\/li>\n<li>Filtro HEPA desmontable y lavable garantiza la m\u00e1xima potencia de succi\u00f3n<\/li>\n<\/ul>\n<p><b>Especificaciones T\u00e9cnicas:<\/b><\/p>\n<ul>\n<li>Dimensiones: 20x14cm<\/li>\n<li>Poder: 120W<\/li>\n<li>Capacidad de la bater\u00eda: 2000 MAh<\/li>\n<li>Material: ABS<\/li>\n<li>Potencia de succi\u00f3n: 6000pa<\/li>\n<li>Tensi\u00f3n de: DC 12V<\/li>\n<li>Peso: 290g<\/li>\n<\/ul>\n","protected":false},"excerpt":{"rendered":"<p>&nbsp; Contenedor de polvo de 400 ml Incluye accesorios para grietas para limpiar escombros en \u00e1reas o l\u00edquidos dif\u00edciles de alcanzar Filtro HEPA desmontable y lavable garantiza la m\u00e1xima potencia de succi\u00f3n Especificaciones T\u00e9cnicas: Dimensiones: 20x14cm Poder: 120W Capacidad de la bater\u00eda: 2000 MAh Material: ABS Potencia de succi\u00f3n: 6000pa Tensi\u00f3n de: DC 12V Peso: [&hellip;]<\/p>\n","protected":false},"featured_media":12970,"comment_status":"open","ping_status":"closed","template":"","meta":[],"product_brand":[],"product_cat":[360],"product_tag":[],"class_list":{"0":"post-12969","1":"product","2":"type-product","3":"status-publish","4":"has-post-thumbnail","6":"product_cat-electro-y-bazar","8":"first","9":"instock","10":"shipping-taxable","11":"purchasable","12":"product-type-simple"},"_links":{"self":[{"href":"https:\/\/disma.ar\/clientes\/wp-json\/wp\/v2\/product\/12969","targetHints":{"allow":["GET"]}}],"collection":[{"href":"https:\/\/disma.ar\/clientes\/wp-json\/wp\/v2\/product"}],"about":[{"href":"https:\/\/disma.ar\/clientes\/wp-json\/wp\/v2\/types\/product"}],"replies":[{"embeddable":true,"href":"https:\/\/disma.ar\/clientes\/wp-json\/wp\/v2\/comments?post=12969"}],"wp:featuredmedia":[{"embeddable":true,"href":"https:\/\/disma.ar\/clientes\/wp-json\/wp\/v2\/media\/12970"}],"wp:attachment":[{"href":"https:\/\/disma.ar\/clientes\/wp-json\/wp\/v2\/media?parent=12969"}],"wp:term":[{"taxonomy":"product_brand","embeddable":true,"href":"https:\/\/disma.ar\/clientes\/wp-json\/wp\/v2\/product_brand?post=12969"},{"taxonomy":"product_cat","embeddable":true,"href":"https:\/\/disma.ar\/clientes\/wp-json\/wp\/v2\/product_cat?post=12969"},{"taxonomy":"product_tag","embeddable":true,"href":"https:\/\/disma.ar\/clientes\/wp-json\/wp\/v2\/product_tag?post=12969"}],"curies":[{"name":"wp","href":"https:\/\/api.w.org\/{rel}","templated":true}]}}