{"id":12957,"date":"2024-09-05T10:21:25","date_gmt":"2024-09-05T13:21:25","guid":{"rendered":"https:\/\/disma.ar\/clientes\/?post_type=product&#038;p=12957"},"modified":"2026-04-30T10:44:50","modified_gmt":"2026-04-30T13:44:50","slug":"lapiz-optico-ois-y-android-stylus-pen-super-fino-nib-active-capacitive-calidad","status":"publish","type":"product","link":"https:\/\/disma.ar\/clientes\/producto\/lapiz-optico-ois-y-android-stylus-pen-super-fino-nib-active-capacitive-calidad\/","title":{"rendered":"LAPIZ OPTICO OIS Y ANDROID DR STYLUS DE PRESICION PEN SUPER FINO NIB ACTIVE CAPACITIVE CALIDAD COLORES"},"content":{"rendered":"<p>Tama\u00f1o: 7.09 &#8220;(L) x 0.35&#8221; (D)<br \/>\nPeso: 16.6 g \/ 0.58 oz<br \/>\nSistema de soporte: Android y IOS.<br \/>\nBater\u00eda: Bater\u00eda de pol\u00edmero de litio 140 mAh<br \/>\nTiempo de carga: 1 hora<br \/>\nTiempo de trabajo: 20 horas.<br \/>\nTiempo en espera: 60 d\u00edas<br \/>\nAhorro de energ\u00eda inteligente: apagado autom\u00e1tico en 30 minutos<\/p>\n<p>Carga r\u00e1pida<br \/>\nApagado autom\u00e1tico despu\u00e9s de 30 minutos de inactividad para el ahorro de energ\u00eda. Duraci\u00f3n de 30 d\u00edas en espera, 20 horas de trabajo continuo con una carga completa. El tiempo de carga es de 1 hora aproximadamente.<\/p>\n<p>Aplicaciones recomendadas:<br \/>\nAplicaciones para iOS:<br \/>\nEscritura: noteshelf, pdf expert, oneNote, noteshelf, GoodNotes, UPAD3, Notes Plus, Notability, etc.<br \/>\nDibujo: ArtRage, Procreate, Sketches, Paper, SketchBook, ArtStudio, Zen Brush, etc.<\/p>\n<p>Aplicaciones para Android:<br \/>\nEscritura: Meta Moji Note, Notepad+, Bamboo Paper, etc<br \/>\nDibujo: Autodesk, SketchBook, ArtFlow, Painter, Design, Zen Brush, etc.<\/p>\n","protected":false},"excerpt":{"rendered":"<p>Tama\u00f1o: 7.09 &#8220;(L) x 0.35&#8221; (D) Peso: 16.6 g \/ 0.58 oz Sistema de soporte: Android y IOS. Bater\u00eda: Bater\u00eda de pol\u00edmero de litio 140 mAh Tiempo de carga: 1 hora Tiempo de trabajo: 20 horas. Tiempo en espera: 60 d\u00edas Ahorro de energ\u00eda inteligente: apagado autom\u00e1tico en 30 minutos Carga r\u00e1pida Apagado autom\u00e1tico despu\u00e9s [&hellip;]<\/p>\n","protected":false},"featured_media":12959,"comment_status":"open","ping_status":"closed","template":"","meta":[],"product_brand":[],"product_cat":[50],"product_tag":[],"class_list":{"0":"post-12957","1":"product","2":"type-product","3":"status-publish","4":"has-post-thumbnail","6":"product_cat-accesorios-celulares","8":"first","9":"instock","10":"shipping-taxable","11":"purchasable","12":"product-type-simple"},"_links":{"self":[{"href":"https:\/\/disma.ar\/clientes\/wp-json\/wp\/v2\/product\/12957","targetHints":{"allow":["GET"]}}],"collection":[{"href":"https:\/\/disma.ar\/clientes\/wp-json\/wp\/v2\/product"}],"about":[{"href":"https:\/\/disma.ar\/clientes\/wp-json\/wp\/v2\/types\/product"}],"replies":[{"embeddable":true,"href":"https:\/\/disma.ar\/clientes\/wp-json\/wp\/v2\/comments?post=12957"}],"wp:featuredmedia":[{"embeddable":true,"href":"https:\/\/disma.ar\/clientes\/wp-json\/wp\/v2\/media\/12959"}],"wp:attachment":[{"href":"https:\/\/disma.ar\/clientes\/wp-json\/wp\/v2\/media?parent=12957"}],"wp:term":[{"taxonomy":"product_brand","embeddable":true,"href":"https:\/\/disma.ar\/clientes\/wp-json\/wp\/v2\/product_brand?post=12957"},{"taxonomy":"product_cat","embeddable":true,"href":"https:\/\/disma.ar\/clientes\/wp-json\/wp\/v2\/product_cat?post=12957"},{"taxonomy":"product_tag","embeddable":true,"href":"https:\/\/disma.ar\/clientes\/wp-json\/wp\/v2\/product_tag?post=12957"}],"curies":[{"name":"wp","href":"https:\/\/api.w.org\/{rel}","templated":true}]}}