{"id":12828,"date":"2025-07-29T10:04:54","date_gmt":"2025-07-29T13:04:54","guid":{"rendered":"https:\/\/disma.ar\/clientes\/?post_type=product&#038;p=12828"},"modified":"2026-02-20T15:33:02","modified_gmt":"2026-02-20T18:33:02","slug":"proyector-astronauta-luces-de-estrellas-y-luna-con-control-remoto-led-power-5w-xl-731b-copia","status":"publish","type":"product","link":"https:\/\/disma.ar\/clientes\/producto\/proyector-astronauta-luces-de-estrellas-y-luna-con-control-remoto-led-power-5w-xl-731b-copia\/","title":{"rendered":"PROYECTOR ASTRONAUTA GRANDE LUCES DE ESTRELLAS CON CONTROL DE CALIDAD BASE LUNAR"},"content":{"rendered":"<p>Proyector de astronauta de galaxia y estrellas con temporizador y control remoto<\/p>\n<p>Caracter\u00edsticas:<br \/>\n&#8211; Varios colores de nebulosa<br \/>\n&#8211; Bot\u00f3n y Control remoto<br \/>\n&#8211; Dos modos de tempoarizador: 45 min, 90 min<br \/>\n&#8211; \u00c1ngulo de proyecci\u00f3n ajustable<br \/>\n&#8211; Velocidad y brillo ajustables<\/p>\n<p>&#8211; Escenarios de uso:<br \/>\nEn el living, el dormitorio, el cine en casa, la sala de juegos, etc.<br \/>\nPara noches de cine, noches de citas, fiestas interiores (Halloween, cumplea\u00f1os, cena, baile, rave, fiestas de camping), juegos, dormir&#8230;<\/p>\n<p>&#8211; Efectos estrellados de galaxia incre\u00edbles<\/p>\n<p>&#8211; El proyector contiene 5 niveles de brillo y 8 colores de nebulosa<\/p>\n<p>&#8211; Ideal para que los ni\u00f1os duerman bien<\/p>\n<p>&#8211; El proyector de techo es adecuado para cumplea\u00f1os, Navidad, D\u00eda del ni\u00f1o y otros d\u00edas festivos, lo que crea un ambiente maravilloso y estrellado para ayudar a los ni\u00f1os a estimular su curiosidad, imaginaci\u00f3n y creatividad.<\/p>\n<p>&#8211; Tambi\u00e9n es perfecto para la decoraci\u00f3n interior como una luz de ambiente.<\/p>\n<p>&#8211; Estimula la imaginaci\u00f3n de los ni\u00f1os y los lleva a explorar la belleza del universo. Luz nocturna con materiales ecol\u00f3gicos no t\u00f3xicos, segura de usar o tocar, y sin ruido al usarlo.<\/p>\n<p>Color del producto: blanco<br \/>\nMaterial: ABS + PC + PVC<br \/>\nEntrada de funcionamiento: 5V = 1A<br \/>\nPotencia del LED: &lt; 5W<br \/>\nLongitud de onda del l\u00e1ser: nm<br \/>\nFuente de alimentaci\u00f3n: 100 &#8211; 240V ~ 50\/60Hz 0,4a<br \/>\nModo de Control: control remoto<br \/>\nRango de Control remoto: &lt; 5 metros (la mejor distancia)<\/p>\n<p>&#8211; Control remoto y temporizador inteligente<br \/>\n&#8211; F\u00e1cil de encender\/apagar o cambiar los diversos modos con control remoto. Tambi\u00e9n puede configurar el temporizador inteligente en 45 o 90 minutos, en cuyo caso el proyector led galaxy para dormitorio se apagar\u00e1 autom\u00e1ticamente despu\u00e9s de dormirse bajo un cielo estrellado.<\/p>\n","protected":false},"excerpt":{"rendered":"<p>SUONO<\/p>\n","protected":false},"featured_media":12830,"comment_status":"open","ping_status":"closed","template":"","meta":[],"product_brand":[],"product_cat":[360,254,78],"product_tag":[],"class_list":{"0":"post-12828","1":"product","2":"type-product","3":"status-publish","4":"has-post-thumbnail","6":"product_cat-electro-y-bazar","7":"product_cat-veladores","8":"product_cat-parlantes-bluetooth","10":"first","11":"outofstock","12":"shipping-taxable","13":"purchasable","14":"product-type-simple"},"_links":{"self":[{"href":"https:\/\/disma.ar\/clientes\/wp-json\/wp\/v2\/product\/12828","targetHints":{"allow":["GET"]}}],"collection":[{"href":"https:\/\/disma.ar\/clientes\/wp-json\/wp\/v2\/product"}],"about":[{"href":"https:\/\/disma.ar\/clientes\/wp-json\/wp\/v2\/types\/product"}],"replies":[{"embeddable":true,"href":"https:\/\/disma.ar\/clientes\/wp-json\/wp\/v2\/comments?post=12828"}],"wp:featuredmedia":[{"embeddable":true,"href":"https:\/\/disma.ar\/clientes\/wp-json\/wp\/v2\/media\/12830"}],"wp:attachment":[{"href":"https:\/\/disma.ar\/clientes\/wp-json\/wp\/v2\/media?parent=12828"}],"wp:term":[{"taxonomy":"product_brand","embeddable":true,"href":"https:\/\/disma.ar\/clientes\/wp-json\/wp\/v2\/product_brand?post=12828"},{"taxonomy":"product_cat","embeddable":true,"href":"https:\/\/disma.ar\/clientes\/wp-json\/wp\/v2\/product_cat?post=12828"},{"taxonomy":"product_tag","embeddable":true,"href":"https:\/\/disma.ar\/clientes\/wp-json\/wp\/v2\/product_tag?post=12828"}],"curies":[{"name":"wp","href":"https:\/\/api.w.org\/{rel}","templated":true}]}}