{"id":12457,"date":"2024-12-12T16:00:38","date_gmt":"2024-12-12T19:00:38","guid":{"rendered":"https:\/\/disma.ar\/clientes\/?post_type=product&#038;p=12457"},"modified":"2026-05-05T13:22:40","modified_gmt":"2026-05-05T16:22:40","slug":"portero-electrico-timbre-inalambricocon-telefino-a-pilas-2-hilos","status":"publish","type":"product","link":"https:\/\/disma.ar\/clientes\/producto\/portero-electrico-timbre-inalambricocon-telefino-a-pilas-2-hilos\/","title":{"rendered":"PORTERO ELECTRICO TIMBRE  A PILAS 2 HILOS CON TELEFONO"},"content":{"rendered":"<p>C\u00d3DIGO:RL-3209<br \/>\nVoz clara y sin interferencia<br \/>\n&#8211; Terminal exterior resistente al agua<br \/>\n&#8211; Gran duraci\u00f3n de bater\u00edas, 4 pilas AA (NO INCLUIDAS)<br \/>\n&#8211; Alcance: 30 metros<\/p>\n","protected":false},"excerpt":{"rendered":"<p>C\u00d3DIGO:RL-3209 Voz clara y sin interferencia &#8211; Terminal exterior resistente al agua &#8211; Gran duraci\u00f3n de bater\u00edas, 4 pilas AA (NO INCLUIDAS) &#8211; Alcance: 30 metros<\/p>\n","protected":false},"featured_media":12470,"comment_status":"open","ping_status":"closed","template":"","meta":[],"product_brand":[],"product_cat":[332],"product_tag":[],"class_list":{"0":"post-12457","1":"product","2":"type-product","3":"status-publish","4":"has-post-thumbnail","6":"product_cat-timbres-inalambricos","8":"first","9":"instock","10":"shipping-taxable","11":"purchasable","12":"product-type-simple"},"_links":{"self":[{"href":"https:\/\/disma.ar\/clientes\/wp-json\/wp\/v2\/product\/12457","targetHints":{"allow":["GET"]}}],"collection":[{"href":"https:\/\/disma.ar\/clientes\/wp-json\/wp\/v2\/product"}],"about":[{"href":"https:\/\/disma.ar\/clientes\/wp-json\/wp\/v2\/types\/product"}],"replies":[{"embeddable":true,"href":"https:\/\/disma.ar\/clientes\/wp-json\/wp\/v2\/comments?post=12457"}],"wp:featuredmedia":[{"embeddable":true,"href":"https:\/\/disma.ar\/clientes\/wp-json\/wp\/v2\/media\/12470"}],"wp:attachment":[{"href":"https:\/\/disma.ar\/clientes\/wp-json\/wp\/v2\/media?parent=12457"}],"wp:term":[{"taxonomy":"product_brand","embeddable":true,"href":"https:\/\/disma.ar\/clientes\/wp-json\/wp\/v2\/product_brand?post=12457"},{"taxonomy":"product_cat","embeddable":true,"href":"https:\/\/disma.ar\/clientes\/wp-json\/wp\/v2\/product_cat?post=12457"},{"taxonomy":"product_tag","embeddable":true,"href":"https:\/\/disma.ar\/clientes\/wp-json\/wp\/v2\/product_tag?post=12457"}],"curies":[{"name":"wp","href":"https:\/\/api.w.org\/{rel}","templated":true}]}}