{"id":12237,"date":"2024-10-03T08:38:10","date_gmt":"2024-10-03T11:38:10","guid":{"rendered":"https:\/\/disma.ar\/clientes\/?post_type=product&#038;p=12237"},"modified":"2026-04-30T10:46:56","modified_gmt":"2026-04-30T13:46:56","slug":"smart-tv-box-onn-google-tv-full-hd-streming-device","status":"publish","type":"product","link":"https:\/\/disma.ar\/clientes\/producto\/smart-tv-box-onn-google-tv-full-hd-streming-device\/","title":{"rendered":"SMART TV BOX ONN GOOGLE TV FULL HD STREMING DEVICE"},"content":{"rendered":"<h3 class=\"tp-product-details-title\">Onn Google Tv Full Hd Streaming Device con Control Remoto De Voz<\/h3>\n<div class=\"woocommerce-product-details__short-description tp-product-details-short-desc\">\n<p>Disfruta de tus canales digitales favoritos con nuestro Dispositivo de Streaming Onn Google TV Full HD. Con una resoluci\u00f3n Full HD, te sentir\u00e1s inmerso en la acci\u00f3n. Accede a pel\u00edculas y programas de tus plataformas favoritas como Netflix, Google TV, Disney+, todo en un solo lugar. Puedes pedirle a Google que controle tu televisor con tu voz y transmitir f\u00e1cilmente tus fotos, v\u00eddeos y m\u00fasica con Chromecast integrado.<\/p>\n<p>Onn. Dispositivo de transmisi\u00f3n Full HD de Google TV<br \/>\nResoluci\u00f3n Full HD<br \/>\nTransmite f\u00e1cilmente tus fotos, v\u00eddeos y m\u00fasica con Chromecast integrado<br \/>\nP\u00eddele a Google que controle tu televisor con tu voz<br \/>\nAccede a pel\u00edculas y programas de TV desde plataformas como Netflix, Google TV, Disney+, MAX y m\u00e1s!<br \/>\nF\u00e1cil de configurar<br \/>\nTipo de conector: HDMI, Micro USB<br \/>\nTecnolog\u00edas inal\u00e1mbricas: MIMO WiFi<br \/>\nFunciones de audio: est\u00e9reo; Mononucleosis infecciosa<br \/>\nMemoria RAM: 1,5GB<\/p>\n<\/div>\n","protected":false},"excerpt":{"rendered":"<p>GOOGLE<\/p>\n","protected":false},"featured_media":12238,"comment_status":"open","ping_status":"closed","template":"","meta":[],"product_brand":[],"product_cat":[346],"product_tag":[],"class_list":{"0":"post-12237","1":"product","2":"type-product","3":"status-publish","4":"has-post-thumbnail","6":"product_cat-smart-tv-multimedia-al-tv","8":"first","9":"outofstock","10":"shipping-taxable","11":"purchasable","12":"product-type-simple"},"_links":{"self":[{"href":"https:\/\/disma.ar\/clientes\/wp-json\/wp\/v2\/product\/12237","targetHints":{"allow":["GET"]}}],"collection":[{"href":"https:\/\/disma.ar\/clientes\/wp-json\/wp\/v2\/product"}],"about":[{"href":"https:\/\/disma.ar\/clientes\/wp-json\/wp\/v2\/types\/product"}],"replies":[{"embeddable":true,"href":"https:\/\/disma.ar\/clientes\/wp-json\/wp\/v2\/comments?post=12237"}],"wp:featuredmedia":[{"embeddable":true,"href":"https:\/\/disma.ar\/clientes\/wp-json\/wp\/v2\/media\/12238"}],"wp:attachment":[{"href":"https:\/\/disma.ar\/clientes\/wp-json\/wp\/v2\/media?parent=12237"}],"wp:term":[{"taxonomy":"product_brand","embeddable":true,"href":"https:\/\/disma.ar\/clientes\/wp-json\/wp\/v2\/product_brand?post=12237"},{"taxonomy":"product_cat","embeddable":true,"href":"https:\/\/disma.ar\/clientes\/wp-json\/wp\/v2\/product_cat?post=12237"},{"taxonomy":"product_tag","embeddable":true,"href":"https:\/\/disma.ar\/clientes\/wp-json\/wp\/v2\/product_tag?post=12237"}],"curies":[{"name":"wp","href":"https:\/\/api.w.org\/{rel}","templated":true}]}}