{"id":12068,"date":"2025-01-09T18:13:12","date_gmt":"2025-01-09T21:13:12","guid":{"rendered":"https:\/\/disma.ar\/clientes\/?post_type=product&#038;p=12068"},"modified":"2026-02-11T13:38:01","modified_gmt":"2026-02-11T16:38:01","slug":"mini-camara-espia-seisa-ipc-nb10-wifi-hd-recargable-premium-2-5cmx3-5cm-soporte-ranura-micro-sd-microfono-bateria","status":"publish","type":"product","link":"https:\/\/disma.ar\/clientes\/producto\/mini-camara-espia-seisa-ipc-nb10-wifi-hd-recargable-premium-2-5cmx3-5cm-soporte-ranura-micro-sd-microfono-bateria\/","title":{"rendered":"MINI CAMARA ESPIA SEISA IPC-NB10 WIFI HD RECARGABLE PREMIUM 2.5CMX3.5CM SOPORTE RANURA MICRO SD MICROFONO BATERIA"},"content":{"rendered":"<p>C\u00c1MARA OCULTA ESP\u00cdA WIFI FULL 720 A BATER\u00cdA<br \/>\n\u2022 C\u00e1mara oculta de tama\u00f1o peque\u00f1o que se adapta a cualquier lugar.<br \/>\n\u2022 Ideal para controlar una zona especifica detalladamente. Posee un \u00e1ngulo de visi\u00f3n de 50\u00b0<br \/>\n\u2022 La c\u00e1mara esp\u00eda es realmente peque\u00f1a alrededor de 4 x 4 x 2,5 cent\u00edmetros, se puede montar casi en todas partes para proteger su hogar y objetos importantes como c\u00e1mara de seguridad.<br \/>\n\u2022 Controle desde su tel\u00e9fono varias mini c\u00e1maras esp\u00eda al mismo tiempo con la App<br \/>\n\u2022 Posee im\u00e1n tanto en la c\u00e1mara como en el brazo soporte. Puede ponerla en cualquier superficie de metal, madera o pared, sin necesidad de instalaci\u00f3n adicional.<br \/>\n\u2022 Soporta Memorias SD hasta 64GB (NO INCLUIDA)<br \/>\n\u2022 Con la bateria totalmente cargada puede grabar continuamente alrededor de entre 30m y 1h hora con una sola carga (tiempo de para cargar 2 horas). Ttambi\u00e9n puede grabar permanentemente mientras esta conectada a la corriente durante todo el d\u00eda. (Puede utilizar un cargador universal de celular o cargador port\u00e1til &#8211; IMPORTANTE: No utilizar un cargador de carga r\u00e1pida.<br \/>\n\u2022 Grabaci\u00f3n en 720P. Es compatible con grabaci\u00f3n continua o grabaci\u00f3n por detecci\u00f3n de movimiento de acuerdo a tus necesidades. Puede reproducir videos grabados en la aplicaci\u00f3n.<br \/>\n\u2022 Micr\u00f3fono incorporado con excelente calidad de Audio (No posee parlantes).<br \/>\n\u2022 F\u00e1cil carga con cable micro USB incluido. Consumo 240mA \/ 3.7V (NO INCLUYE FUENTE) (IMPORTANTE: No utilizar un cargador de carga r\u00e1pida)<br \/>\n\u2022 Conectividad Wi-Fi con APP ( alcance aproximadamente con obst\u00e1culos 5mts)<br \/>\n\u2022 Aplicaci\u00f3n HDwificampro (descargable desde la tienda APPSTORE de Apple o PLAYSTORE de Android). Tambi\u00e9n posee compatibilidad para la banda Wi- Fi 802.11b\/g\/n 2.4GHz<\/p>\n<p>APP hdwificampro<br \/>\nEs un producto de servicio de video gratuito para usuarios dom\u00e9sticos. A trav\u00e9s del servicio de control de video de &#8220;Little Stars&#8221;, puede ver f\u00e1cilmente el video en tiempo real y la revisi\u00f3n de video de su hogar y otros lugares.<\/p>\n<p>Monitoreo remoto: vea su c\u00e1mara de forma remota a trav\u00e9s de la aplicaci\u00f3n para ver la situaci\u00f3n en cualquier momento y en cualquier lugar;<\/p>\n<p>COMO CONFIGURAR LA CAMARA<br \/>\n\u2022 Descargue la app hdwificampro en la Playstore de Android o la Appstore de iOS<\/p>\n<p>1. PARA CONECTARSE DIRECTAMENTE A LA CAMARA<br \/>\n\u2022 Enci\u00e9ndala manteniendo pulsado 3 el bot\u00f3n de ON\/OFF, abra su configuraci\u00f3n de Wi-Fi y con\u00e9ctese directamente a la camara como si fuese una red (El nombre siempre comienza con ACCQ)<br \/>\n\u2022 Una vez conectado a la Red, abra la aplicaci\u00f3n descargada previamente y pulse el bot\u00f3n AP<br \/>\n\u2022 La c\u00e1mara se iniciar\u00e1 autom\u00e1ticamente<\/p>\n<p>2. PARA CONFIGURARLA A SU RED WIFI<br \/>\n\u2022 Recuerde que solo funciona en redes de 2.4GHZ<br \/>\n\u2022 Abra la App, pulse el boton de &#8220;+Add device&#8221;<br \/>\n\u2022 Presione One key (en Android) o AP Distribution network (iOS)<br \/>\n\u2022 Ingrese la contrasea de su WiFi, pulse next step<br \/>\n\u2022 Pulse Connect to device hotspot<br \/>\n\u2022 Conectese al Wi-Fi de la c\u00e1mara (Que comienza con ACCQ, anote el nombre completo del WiFi de la c\u00e1mara)<br \/>\n\u2022 Vuelva a la App, presione Add Device<br \/>\n\u2022 En ID introduzca el nombre de su camara que comienza con ACCQ, aprete DONE<br \/>\n\u2022 La c\u00e1mara deber\u00eda aparecer en el menu de la app, presione para conectarse<\/p>\n<p>ESPECIFICACIONES<br \/>\n\u2022 Accesorios incluidos: Cargador corto y largo<br \/>\n\u2022 Altura: 4 cm<br \/>\n\u2022 Calidad de resoluci\u00f3n: 3MP<br \/>\n\u2022 Cantidad m\u00e1xima de FPS: 24<br \/>\n\u2022 Capacidad de almacenamiento: 64 GB<br \/>\n\u2022 Con alarma: No<br \/>\n\u2022 Con alerta al m\u00f3vil: No<br \/>\n\u2022 Con audio bidireccional: No<br \/>\n\u2022 Con micr\u00f3fono: S\u00ed<br \/>\n\u2022 Con puerto USB: S\u00ed<br \/>\n\u2022 Con reducci\u00f3n de ruido: No<br \/>\n\u2022 Con sensor de movimiento: S\u00ed<br \/>\n\u2022 Con v\u00eddeo en vivo: S\u00ed<br \/>\n\u2022 Con visi\u00f3n nocturna: Si<br \/>\n\u2022 Conectividad: Wi-Fi<br \/>\n\u2022 Distancia de alcance: 30 m<br \/>\n\u2022 Es kit: No<br \/>\n\u2022 Es motorizada: No<br \/>\n\u2022 Es resistente al agua: No<br \/>\n\u2022 Formato: USB<br \/>\n\u2022 Formatos de compresi\u00f3n de video: H264<br \/>\n\u2022 Largo: 4 cm<br \/>\n\u2022 Locaci\u00f3n de la c\u00e1mara: Interior<br \/>\n\u2022 Lugar de montaje: Interiores<br \/>\n\u2022 Marca: Seisa<br \/>\n\u2022 Material externo: Plastico y goma<br \/>\n\u2022 Peso: 35 g<br \/>\n\u2022 Profundidad: 4 cm<br \/>\n\u2022 Sistemas operativos compatibles: Ios, Android<br \/>\n\u2022 Tipo de c\u00e1mara de vigilancia: Esp\u00eda<br \/>\n\u2022 Tipo de movimiento: Invertir<br \/>\n\u2022 Tipo de resoluci\u00f3n: Full HD<br \/>\n\u2022 Tipos de alimentaci\u00f3n: USB<br \/>\n\u2022 Tipos de almacenamiento: SD<br \/>\n\u2022 Tipos de conexiones: Inal\u00e1mbrica<br \/>\n\u2022 Tipos de control: App<\/p>\n","protected":false},"excerpt":{"rendered":"<p>C\u00c1MARA OCULTA ESP\u00cdA WIFI FULL 720 A BATER\u00cdA \u2022 C\u00e1mara oculta de tama\u00f1o peque\u00f1o que se adapta a cualquier lugar. \u2022 Ideal para controlar una zona especifica detalladamente. Posee un \u00e1ngulo de visi\u00f3n de 50\u00b0 \u2022 La c\u00e1mara esp\u00eda es realmente peque\u00f1a alrededor de 4 x 4 x 2,5 cent\u00edmetros, se puede montar casi en [&hellip;]<\/p>\n","protected":false},"featured_media":12069,"comment_status":"open","ping_status":"closed","template":"","meta":[],"product_brand":[],"product_cat":[303],"product_tag":[],"class_list":{"0":"post-12068","1":"product","2":"type-product","3":"status-publish","4":"has-post-thumbnail","6":"product_cat-camaras-seguridad-y-monitores","8":"first","9":"outofstock","10":"shipping-taxable","11":"purchasable","12":"product-type-simple"},"_links":{"self":[{"href":"https:\/\/disma.ar\/clientes\/wp-json\/wp\/v2\/product\/12068","targetHints":{"allow":["GET"]}}],"collection":[{"href":"https:\/\/disma.ar\/clientes\/wp-json\/wp\/v2\/product"}],"about":[{"href":"https:\/\/disma.ar\/clientes\/wp-json\/wp\/v2\/types\/product"}],"replies":[{"embeddable":true,"href":"https:\/\/disma.ar\/clientes\/wp-json\/wp\/v2\/comments?post=12068"}],"wp:featuredmedia":[{"embeddable":true,"href":"https:\/\/disma.ar\/clientes\/wp-json\/wp\/v2\/media\/12069"}],"wp:attachment":[{"href":"https:\/\/disma.ar\/clientes\/wp-json\/wp\/v2\/media?parent=12068"}],"wp:term":[{"taxonomy":"product_brand","embeddable":true,"href":"https:\/\/disma.ar\/clientes\/wp-json\/wp\/v2\/product_brand?post=12068"},{"taxonomy":"product_cat","embeddable":true,"href":"https:\/\/disma.ar\/clientes\/wp-json\/wp\/v2\/product_cat?post=12068"},{"taxonomy":"product_tag","embeddable":true,"href":"https:\/\/disma.ar\/clientes\/wp-json\/wp\/v2\/product_tag?post=12068"}],"curies":[{"name":"wp","href":"https:\/\/api.w.org\/{rel}","templated":true}]}}