{"id":12011,"date":"2024-07-23T18:28:49","date_gmt":"2024-07-23T21:28:49","guid":{"rendered":"https:\/\/disma.ar\/clientes\/?post_type=product&#038;p=12011"},"modified":"2026-04-30T10:42:57","modified_gmt":"2026-04-30T13:42:57","slug":"impresora-bluetooth-mini-impresora-portatil-dyj-a8c-termica-de-bolsillo","status":"publish","type":"product","link":"https:\/\/disma.ar\/clientes\/producto\/impresora-bluetooth-mini-impresora-portatil-dyj-a8c-termica-de-bolsillo\/","title":{"rendered":"IMPRESORA BLUETOOTH MINI IMPRESORA PORTATIL DYJ-A8C TERMICA DE BOLSILLO"},"content":{"rendered":"<p>a mini impresora t\u00e9rmica es la compa\u00f1era ideal para todas las edades.<br \/>\nImprim\u00ed un dibujo para que los m\u00e1s chicos puedan colorear o genera un c\u00f3digo de barras desde la App de uso para imprimir etiquetas de producto, todo de manera f\u00e1cil y r\u00e1pida.<br \/>\nFUNCIONES<br \/>\nA trav\u00e9s de la App de uso \u201cFun Print\u201d imprim\u00ed im\u00e1genes y fotograf\u00edas, notas, listas de compras, etiquetas, mensajes, listas, c\u00f3digos QR, C\u00f3digos de barra, tarjetas de agradecimiento, \u00a1Y m\u00e1s!<br \/>\nIMPRESI\u00d3N T\u00c9RMICA \u00a1\u00a1SIN TINTAS!!<br \/>\nLa mini impresora utiliza papel termosensible gen\u00e9rico de 57mm de ancho y 30mm de di\u00e1metro. Este papel es f\u00e1cil de conseguir y econ\u00f3mico. Ahorr\u00e1 en tintas y en papel a la hora de realizar todas tus impresiones.<br \/>\nTOTALMENTE INAL\u00c1MBRICA<br \/>\nLa impresora cuenta con una beter\u00eda recargable y conexi\u00f3n bluetooth 4.0 para que puedas utilizarla en cualquier lugar de manera inal\u00e1mbrica.<br \/>\nBATER\u00cdA RECARGABLE<br \/>\nLa mini impresora t\u00e9rmica cuenta con una bater\u00eda de litio recargable incorporada de 1000mAh que permite un uso prolongado y totalmente inal\u00e1mbrico. La bater\u00eda se carga mediante un cable USB (incluido) a una fuente de 5V 1A o entrada de computadora y demora tan solo 3 horas en realizar la carga completa.<\/p>\n","protected":false},"excerpt":{"rendered":"<p>a mini impresora t\u00e9rmica es la compa\u00f1era ideal para todas las edades. Imprim\u00ed un dibujo para que los m\u00e1s chicos puedan colorear o genera un c\u00f3digo de barras desde la App de uso para imprimir etiquetas de producto, todo de manera f\u00e1cil y r\u00e1pida. FUNCIONES A trav\u00e9s de la App de uso \u201cFun Print\u201d imprim\u00ed [&hellip;]<\/p>\n","protected":false},"featured_media":12012,"comment_status":"open","ping_status":"closed","template":"","meta":[],"product_brand":[],"product_cat":[363],"product_tag":[],"class_list":{"0":"post-12011","1":"product","2":"type-product","3":"status-publish","4":"has-post-thumbnail","6":"product_cat-baterias-cables-plaquetas","8":"first","9":"instock","10":"shipping-taxable","11":"purchasable","12":"product-type-simple"},"_links":{"self":[{"href":"https:\/\/disma.ar\/clientes\/wp-json\/wp\/v2\/product\/12011","targetHints":{"allow":["GET"]}}],"collection":[{"href":"https:\/\/disma.ar\/clientes\/wp-json\/wp\/v2\/product"}],"about":[{"href":"https:\/\/disma.ar\/clientes\/wp-json\/wp\/v2\/types\/product"}],"replies":[{"embeddable":true,"href":"https:\/\/disma.ar\/clientes\/wp-json\/wp\/v2\/comments?post=12011"}],"wp:featuredmedia":[{"embeddable":true,"href":"https:\/\/disma.ar\/clientes\/wp-json\/wp\/v2\/media\/12012"}],"wp:attachment":[{"href":"https:\/\/disma.ar\/clientes\/wp-json\/wp\/v2\/media?parent=12011"}],"wp:term":[{"taxonomy":"product_brand","embeddable":true,"href":"https:\/\/disma.ar\/clientes\/wp-json\/wp\/v2\/product_brand?post=12011"},{"taxonomy":"product_cat","embeddable":true,"href":"https:\/\/disma.ar\/clientes\/wp-json\/wp\/v2\/product_cat?post=12011"},{"taxonomy":"product_tag","embeddable":true,"href":"https:\/\/disma.ar\/clientes\/wp-json\/wp\/v2\/product_tag?post=12011"}],"curies":[{"name":"wp","href":"https:\/\/api.w.org\/{rel}","templated":true}]}}