{"id":11919,"date":"2024-06-26T11:31:45","date_gmt":"2024-06-26T14:31:45","guid":{"rendered":"https:\/\/disma.ar\/clientes\/?post_type=product&#038;p=11919"},"modified":"2026-02-27T13:23:12","modified_gmt":"2026-02-27T16:23:12","slug":"auricular-bluetooth-5-0-microfono-manos-libres-twins-kids-panda-blanco-y-negro-noga-ng-btwins25-kids","status":"publish","type":"product","link":"https:\/\/disma.ar\/clientes\/producto\/auricular-bluetooth-5-0-microfono-manos-libres-twins-kids-panda-blanco-y-negro-noga-ng-btwins25-kids\/","title":{"rendered":"AURICULAR BLUETOOTH 5.0 MICROFONO MANOS LIBRES TWINS KIDS PANDA BLANCO Y NEGRO NOGA NG-BTWINS25 KIDS"},"content":{"rendered":"<p>Auriculares Inalambricos Noga BTWINS25 stereo earbuds Type-C NG-BTWINS25<\/p>\n<p>\u2022 NG-BTWINS 25 te brinda una absoluta comodidad y control total gracias a su Dise\u00f1o de Avanzada &#8220;Ultra-Small&#8221; que lo hace absolutamente c\u00f3modo y portable.<\/p>\n<p>\u2022 Gracias a su &#8220;Bot\u00f3n Multifunci\u00f3n&#8221; totalmente t\u00e1ctil en cada Auricular funcionan con una simple pulsaci\u00f3n y permiten controlarlos con total seguridad.<\/p>\n<p>\u2022 Su Tecnolog\u00eda TWS (True Wireless Stereo) te brinda un Audio de Alta Resoluci\u00f3n y podr\u00e1s disfrutar de un sonido envolvente de nueva generaci\u00f3n.<\/p>\n<p>\u2022 Tambi\u00e9n cuentan con Sistema de Manos Libres para recepci\u00f3n de llamadas de tu Smartphone. \u2022 Te brindan total libertad de movimiento y total comodidad, tanto en tu hogar como en exteriores.<\/p>\n<p>\u2022 Incluyen Novedoso Estuche\/Cargador con sistema mec\u00e1nico de agarre que recarga los Auriculares por USB Type-C conectado a un Adaptador 220V o a una PC. Y LED de conexi\u00f3n en cada Auricular.<\/p>\n<p>&#8211; Auriculares con Tecnolog\u00eda TWS (True Wireless Stereo)<\/p>\n<p>&#8211; Tecnolog\u00eda Inal\u00e1mbrica versi\u00f3n 5.0<\/p>\n<p>&#8211; Recepci\u00f3n Inal\u00e1mbrica con alcance de hasta 10 metros<\/p>\n<p>&#8211; Bot\u00f3n Multifunci\u00f3n: Control de Volumen, Play\/Pause, Anterior\/Siguiente y Recepci\u00f3n de Llamadas en ambos Auriculares totalmente t\u00e1ctil<\/p>\n<p>&#8211; Atiende llamadas por Sistema de Manos Libres con Micr\u00f3fono en cada Auricular<\/p>\n<p>&#8211; Estuche\/Cargador con capacidad de carga de 300mAh<\/p>\n<p>&#8211; Funcionan con Bater\u00eda de 40mAh en cada Auricular<\/p>\n<p>&#8211; Recarga a trav\u00e9s de 2 mini-polos por cada Auricular<\/p>\n<p>&#8211; Tiempo de carga: 1 a 2 horas<\/p>\n<p>&#8211; LEDS de conexi\u00f3n en cada Auricular<\/p>\n<p>&#8211; Tama\u00f1o Ultra-Small<\/p>\n<p>&#8211; Dimensiones auriculares: 2,5 cm x 1,7 cm x 2,6 cm<\/p>\n<p>&#8211; Estuche: 5,8 cm x 5 cm x 4,5 cm<\/p>\n<p>&#8211; Incluyen Cable USB\/USB Type-C DC 5V para recarga de Bater\u00eda que se conecta a un Adaptador 220V o a una PC<\/p>\n","protected":false},"excerpt":{"rendered":"<p>NOGA<\/p>\n","protected":false},"featured_media":11920,"comment_status":"open","ping_status":"closed","template":"","meta":[],"product_brand":[],"product_cat":[33],"product_tag":[],"class_list":{"0":"post-11919","1":"product","2":"type-product","3":"status-publish","4":"has-post-thumbnail","6":"product_cat-auriculares-bluetooth","8":"first","9":"instock","10":"shipping-taxable","11":"purchasable","12":"product-type-simple"},"_links":{"self":[{"href":"https:\/\/disma.ar\/clientes\/wp-json\/wp\/v2\/product\/11919","targetHints":{"allow":["GET"]}}],"collection":[{"href":"https:\/\/disma.ar\/clientes\/wp-json\/wp\/v2\/product"}],"about":[{"href":"https:\/\/disma.ar\/clientes\/wp-json\/wp\/v2\/types\/product"}],"replies":[{"embeddable":true,"href":"https:\/\/disma.ar\/clientes\/wp-json\/wp\/v2\/comments?post=11919"}],"wp:featuredmedia":[{"embeddable":true,"href":"https:\/\/disma.ar\/clientes\/wp-json\/wp\/v2\/media\/11920"}],"wp:attachment":[{"href":"https:\/\/disma.ar\/clientes\/wp-json\/wp\/v2\/media?parent=11919"}],"wp:term":[{"taxonomy":"product_brand","embeddable":true,"href":"https:\/\/disma.ar\/clientes\/wp-json\/wp\/v2\/product_brand?post=11919"},{"taxonomy":"product_cat","embeddable":true,"href":"https:\/\/disma.ar\/clientes\/wp-json\/wp\/v2\/product_cat?post=11919"},{"taxonomy":"product_tag","embeddable":true,"href":"https:\/\/disma.ar\/clientes\/wp-json\/wp\/v2\/product_tag?post=11919"}],"curies":[{"name":"wp","href":"https:\/\/api.w.org\/{rel}","templated":true}]}}