{"id":11662,"date":"2026-04-07T11:04:14","date_gmt":"2026-04-07T14:04:14","guid":{"rendered":"https:\/\/disma.ar\/clientes\/?post_type=product&#038;p=11662"},"modified":"2026-04-07T15:16:12","modified_gmt":"2026-04-07T18:16:12","slug":"mini-camara-espia-a9-wifi-hd-recargable-vision-nocturna-premium-2-5cmx4-4cm-soporte-ranura-micro-sd-hasta-128gb-microfono-bateria-2hs","status":"publish","type":"product","link":"https:\/\/disma.ar\/clientes\/producto\/mini-camara-espia-a9-wifi-hd-recargable-vision-nocturna-premium-2-5cmx4-4cm-soporte-ranura-micro-sd-hasta-128gb-microfono-bateria-2hs\/","title":{"rendered":"MINI CAMARA ESPIA WIFI HD RECARGABLE VISION NOCTURNA PREMIUM 2.5CMX4.4CM SOPORTE RANURA MICRO SD HASTA 128GB MICROFONO BATERIA 2HS"},"content":{"rendered":"<p>Mini C\u00e1mara A9 de alta definici\u00f3n, 1080P, inal\u00e1mbrica, WiFi, vigilancia inteligente para el hogar, c\u00e1mara IP, compatible con visi\u00f3n nocturna y detecci\u00f3n de movimiento<br \/>\nOotdty<\/p>\n<p>Descripci\u00f3n:<br \/>\nNuevo y de alta calidad<br \/>\nCaracter\u00edsticas:<br \/>\n1080P de alta definici\u00f3n, le brinda una experiencia diferente, perfecta para la seguridad interior de la oficina en casa.<br \/>\nLa C\u00e1mara IP inal\u00e1mbrica le permite ver lo que est\u00e1 sucediendo en casa o en tiempo real, incluso si est\u00e1 de vacaciones o en un viaje de negocios r\u00e1pido, se puede acceder a la vista remota a trav\u00e9s de la aplicaci\u00f3n del tel\u00e9fono inteligente.<br \/>\nCon la detecci\u00f3n nocturna y de movimiento y las funciones de alarma push, no solo puede ver cosas en la oscuridad, sino que tambi\u00e9n puede registrar a cualquier persona que se mueva con la c\u00e1mara.<br \/>\nEsta c\u00e1mara de red inal\u00e1mbrica puede funcionar con WiFi (solo WiFi de 2,4 GHz) o sin WiFi, cuando no haya WiFi, inserte la tarjeta TF y encienda la c\u00e1mara. y la c\u00e1mara grabar\u00e1 y guardar\u00e1 en la tarjeta TF.<br \/>\nIm\u00e1n incorporado, que puede funcionar bien con cualquier material de hierro y se puede colocar f\u00e1cilmente en cualquier lugar, conveniente para montar.<br \/>\nLa c\u00e1mara compacta viene con un cable de carga duro y una base, que puede grabar mientras se carga y se puede girar 360 grados manualmente para grabar.<\/p>\n<p>Especificaciones:<br \/>\nPlataforma de aplicaciones: aplicaci\u00f3n Little Stars<br \/>\nFormato de v\u00eddeo: avi<br \/>\nResoluci\u00f3n de v\u00eddeo: 1080P<br \/>\nVisi\u00f3n nocturna: 0.5Lux<br \/>\nTasa Rrame: 25fps<br \/>\n\u00c1ngulo de visi\u00f3n: 30-40 grados<br \/>\nDistancia de detecci\u00f3n de movimiento: 6 metros recto<br \/>\nTiempo de trabajo de la bater\u00eda: 1 hora<br \/>\nFormato comprimido: H.264<br \/>\nRango de grabaci\u00f3n: 5 metros cuadrados<br \/>\nCapacidad de almacenamiento: hasta 128G<br \/>\nSistema de soporte: Para Android\/para IOS<br \/>\nConsumo de energ\u00eda: 240MA\/3,7 V<br \/>\nSoftware de reproducci\u00f3n: reproductor VLCP\/reproductor SMP<br \/>\nDetecci\u00f3n de movimiento: soporte<br \/>\nInterfaz: Micro USB de 5 pines<br \/>\nVoltaje de carga:<br \/>\nTama\u00f1o: aprox. 4,5x4x2 cm\/1,77&#215;1,57&#215;0,78 pulgadas<br \/>\nColor: negro\/Blanco\/tarjeta de memoria de 32G\/tarjeta de memoria de 64G\/tarjeta de memoria de 128G (opcional)<\/p>\n<p>Nota:<br \/>\nLa tarjeta de memoria se env\u00eda al azar y la apariencia ser\u00e1 un poco diferente, pero se garantiza que la capacidad de memoria no cambiar\u00e1.<br \/>\nLa tarjeta de memoria es un embalaje de tarjeta bl\u00edster, la c\u00e1mara es un embalaje de caja de color.<br \/>\nPermita errores de 1-2cm debido a la medici\u00f3n manual, por favor, aseg\u00farese de que no le importe antes de realizar el pedido.<br \/>\nDebido a la diferencia entre monitores, es posible que la imagen no refleje el color real del producto.<\/p>\n","protected":false},"excerpt":{"rendered":"<p>Mini C\u00e1mara A9 de alta definici\u00f3n, 1080P, inal\u00e1mbrica, WiFi, vigilancia inteligente para el hogar, c\u00e1mara IP, compatible con visi\u00f3n nocturna y detecci\u00f3n de movimiento Ootdty Descripci\u00f3n: Nuevo y de alta calidad Caracter\u00edsticas: 1080P de alta definici\u00f3n, le brinda una experiencia diferente, perfecta para la seguridad interior de la oficina en casa. La C\u00e1mara IP inal\u00e1mbrica [&hellip;]<\/p>\n","protected":false},"featured_media":11663,"comment_status":"open","ping_status":"closed","template":"","meta":[],"product_brand":[],"product_cat":[303],"product_tag":[],"class_list":{"0":"post-11662","1":"product","2":"type-product","3":"status-publish","4":"has-post-thumbnail","6":"product_cat-camaras-seguridad-y-monitores","8":"first","9":"instock","10":"shipping-taxable","11":"purchasable","12":"product-type-simple"},"_links":{"self":[{"href":"https:\/\/disma.ar\/clientes\/wp-json\/wp\/v2\/product\/11662","targetHints":{"allow":["GET"]}}],"collection":[{"href":"https:\/\/disma.ar\/clientes\/wp-json\/wp\/v2\/product"}],"about":[{"href":"https:\/\/disma.ar\/clientes\/wp-json\/wp\/v2\/types\/product"}],"replies":[{"embeddable":true,"href":"https:\/\/disma.ar\/clientes\/wp-json\/wp\/v2\/comments?post=11662"}],"wp:featuredmedia":[{"embeddable":true,"href":"https:\/\/disma.ar\/clientes\/wp-json\/wp\/v2\/media\/11663"}],"wp:attachment":[{"href":"https:\/\/disma.ar\/clientes\/wp-json\/wp\/v2\/media?parent=11662"}],"wp:term":[{"taxonomy":"product_brand","embeddable":true,"href":"https:\/\/disma.ar\/clientes\/wp-json\/wp\/v2\/product_brand?post=11662"},{"taxonomy":"product_cat","embeddable":true,"href":"https:\/\/disma.ar\/clientes\/wp-json\/wp\/v2\/product_cat?post=11662"},{"taxonomy":"product_tag","embeddable":true,"href":"https:\/\/disma.ar\/clientes\/wp-json\/wp\/v2\/product_tag?post=11662"}],"curies":[{"name":"wp","href":"https:\/\/api.w.org\/{rel}","templated":true}]}}