{"id":11538,"date":"2024-12-10T12:50:18","date_gmt":"2024-12-10T15:50:18","guid":{"rendered":"https:\/\/disma.ar\/clientes\/?post_type=product&#038;p=11538"},"modified":"2026-04-30T10:41:38","modified_gmt":"2026-04-30T13:41:38","slug":"soporte-tv-monitor-led-lcd-20-a-70-naku-se-446-hasta-40kg-inclinable-articulado-giratorio","status":"publish","type":"product","link":"https:\/\/disma.ar\/clientes\/producto\/soporte-tv-monitor-led-lcd-20-a-70-naku-se-446-hasta-40kg-inclinable-articulado-giratorio\/","title":{"rendered":"SOPORTE TV MONITOR LED LCD 32&#8243; A 75&#8243; NAKU SE-446 HASTA 50KG INCLINABLE ARTICULADO GIRATORIO"},"content":{"rendered":"<ul class=\"ui-vpp-highlighted-specs__features-list\">\n<li class=\"ui-vpp-highlighted-specs__features-list-item ui-pdp-color--BLACK ui-pdp-size--XSMALL ui-pdp-family--REGULAR\">Soporta 1 pantalla.<\/li>\n<li class=\"ui-vpp-highlighted-specs__features-list-item ui-pdp-color--BLACK ui-pdp-size--XSMALL ui-pdp-family--REGULAR\">Inclinable y articulado.<\/li>\n<li class=\"ui-vpp-highlighted-specs__features-list-item ui-pdp-color--BLACK ui-pdp-size--XSMALL ui-pdp-family--REGULAR\">Es compatible con pantalla lcd.<\/li>\n<li class=\"ui-vpp-highlighted-specs__features-list-item ui-pdp-color--BLACK ui-pdp-size--XSMALL ui-pdp-family--REGULAR\">Soporta hasta 50 kg.<\/li>\n<li class=\"ui-vpp-highlighted-specs__features-list-item ui-pdp-color--BLACK ui-pdp-size--XSMALL ui-pdp-family--REGULAR\">Distancia m\u00ednima a la pared de 6.7 cm y m\u00e1xima de 35.5 cm.<\/li>\n<li class=\"ui-vpp-highlighted-specs__features-list-item ui-pdp-color--BLACK ui-pdp-size--XSMALL ui-pdp-family--REGULAR\">Incluye kit de instalaci\u00f3n.<\/li>\n<li class=\"ui-vpp-highlighted-specs__features-list-item ui-pdp-color--BLACK ui-pdp-size--XSMALL ui-pdp-family--REGULAR\">Dimensiones: 42 cm de alto x 44 cm de ancho.<\/li>\n<li class=\"ui-vpp-highlighted-specs__features-list-item ui-pdp-color--BLACK ui-pdp-size--XSMALL ui-pdp-family--REGULAR\">Fabricado en acero inoxidable.<\/li>\n<li class=\"ui-vpp-highlighted-specs__features-list-item ui-pdp-color--BLACK ui-pdp-size--XSMALL ui-pdp-family--REGULAR\">Con organizador de cables.<\/li>\n<li class=\"ui-vpp-highlighted-specs__features-list-item ui-pdp-color--BLACK ui-pdp-size--XSMALL ui-pdp-family--REGULAR\">Posee una inclinaci\u00f3n de 12 \u00b0 a 3 \u00b0.<\/li>\n<li class=\"ui-vpp-highlighted-specs__features-list-item ui-pdp-color--BLACK ui-pdp-size--XSMALL ui-pdp-family--REGULAR\">Rotaci\u00f3n de la pantalla de 120\u00b0.<\/li>\n<\/ul>\n<div class=\"ui-pdp-container__row ui-vpp-highlighted-specs__attribute-columns__row\">\n<div class=\"ui-vpp-highlighted-specs__key-value\">\n<div class=\"ui-vpp-highlighted-specs__key-value__labels\">\n<p class=\"ui-pdp-family--REGULAR ui-vpp-highlighted-specs__key-value__labels__key-value\"><span class=\"ui-pdp-color--BLACK ui-pdp-size--XSMALL ui-pdp-family--REGULAR\">Est\u00e1ndares VESA:<\/span>\u00a0<span class=\"ui-pdp-color--BLACK ui-pdp-size--XSMALL ui-pdp-family--SEMIBOLD\">50&#215;50, 75&#215;75, 100&#215;100, 200&#215;100, 200&#215;200, 300&#215;200, 300&#215;300, 400&#215;200, 400&#215;300, 400&#215;400<\/span><\/p>\n<p>La ubicaci\u00f3n de tu TV o monitor es de suma importancia ya que, frente a \u00e9l, compartir\u00e1s muchas horas de entretenimiento o trabajo. En tu casa o negocio, aprovech\u00e1 al m\u00e1ximo el espacio con un soporte que te brinde comodidad. \u00a1Nada mejor que tenerlo a tu alcance!<\/p>\n<p>Adaptable a tus espacios<br \/>\nObten\u00e9 el \u00e1ngulo perfecto con este soporte inclinable y articulado. Vas a poder ajustarlo a la posici\u00f3n m\u00e1s confortable para ver tus contenidos preferidos y ganar espacio.<\/p>\n<p>F\u00e1cil de instalar<br \/>\nLa norma estandarizada VESA permite conocer la distancia que existe entre los orificios de la parte trasera de la pantalla, y as\u00ed poder elegir el soporte que mejor se adapte a esa medida. Este producto cuenta con un montaje variado para que puedas ubicarlo de manera segura.<\/p>\n<\/div>\n<\/div>\n<\/div>\n","protected":false},"excerpt":{"rendered":"<p>NAKU<\/p>\n","protected":false},"featured_media":11539,"comment_status":"open","ping_status":"closed","template":"","meta":[],"product_brand":[],"product_cat":[311],"product_tag":[],"class_list":{"0":"post-11538","1":"product","2":"type-product","3":"status-publish","4":"has-post-thumbnail","6":"product_cat-soportes-lcd-moviles","8":"first","9":"instock","10":"shipping-taxable","11":"purchasable","12":"product-type-simple"},"_links":{"self":[{"href":"https:\/\/disma.ar\/clientes\/wp-json\/wp\/v2\/product\/11538","targetHints":{"allow":["GET"]}}],"collection":[{"href":"https:\/\/disma.ar\/clientes\/wp-json\/wp\/v2\/product"}],"about":[{"href":"https:\/\/disma.ar\/clientes\/wp-json\/wp\/v2\/types\/product"}],"replies":[{"embeddable":true,"href":"https:\/\/disma.ar\/clientes\/wp-json\/wp\/v2\/comments?post=11538"}],"wp:featuredmedia":[{"embeddable":true,"href":"https:\/\/disma.ar\/clientes\/wp-json\/wp\/v2\/media\/11539"}],"wp:attachment":[{"href":"https:\/\/disma.ar\/clientes\/wp-json\/wp\/v2\/media?parent=11538"}],"wp:term":[{"taxonomy":"product_brand","embeddable":true,"href":"https:\/\/disma.ar\/clientes\/wp-json\/wp\/v2\/product_brand?post=11538"},{"taxonomy":"product_cat","embeddable":true,"href":"https:\/\/disma.ar\/clientes\/wp-json\/wp\/v2\/product_cat?post=11538"},{"taxonomy":"product_tag","embeddable":true,"href":"https:\/\/disma.ar\/clientes\/wp-json\/wp\/v2\/product_tag?post=11538"}],"curies":[{"name":"wp","href":"https:\/\/api.w.org\/{rel}","templated":true}]}}