{"id":1139,"date":"2022-10-22T10:52:29","date_gmt":"2022-10-22T13:52:29","guid":{"rendered":"https:\/\/disma.ar\/clientes\/producto\/aromatizador-humidificador-difusor-filtro-kjr-036-usb\/"},"modified":"2026-02-11T13:08:04","modified_gmt":"2026-02-11T16:08:04","slug":"aromatizador-humidificador-difusor-filtro-kjr-036-usb","status":"publish","type":"product","link":"https:\/\/disma.ar\/clientes\/producto\/aromatizador-humidificador-difusor-filtro-kjr-036-usb\/","title":{"rendered":"AROMATIZADOR HUMIDIFICADOR DIFUSOR CON FILTRO KJR-036 USB"},"content":{"rendered":"<p>300ML 7 LUCES LED Y USB<\/p>\n<ul>\n<li>Permite que el aire recupere de forma natural su porcentaje ideal de humedad, Eliminando los efectos nocivos del aire seco. Puede ser usado para perfumar los ambientes con solo a\u00f1adir unas gotas de esencia al agua de deposito.<\/li>\n<li>Ultra silencioso. Difusor humidificador el\u00e9ctrico con luz led. (7 Colores que van rotando) Roc\u00eda 35ml\/h aproximadamente.<\/li>\n<li>No es recargable, funciona conectado a cable USB.<\/li>\n<li>Se controla f\u00e1cilmente con su bot\u00f3n t\u00e1ctil: ON\/OFF, se apaga autom\u00e1ticamente.<\/li>\n<\/ul>\n<p>DATOS T\u00c9CNICOS:<\/p>\n<ul>\n<li>Apto para esencias a base de agua.<\/li>\n<li>\u00c1rea de cobertura: hasta 15m\u00b2.<\/li>\n<li>Capacidad: m\u00ednima 130ml, m\u00e1xima 300ml.<\/li>\n<li>Posee 7 colores de luces LED cambiantes.<\/li>\n<li>Equipo silencioso.<\/li>\n<li>Largo de cable: 1m.<\/li>\n<\/ul>\n","protected":false},"excerpt":{"rendered":"<p>GENERICO<\/p>\n","protected":false},"featured_media":2860,"comment_status":"open","ping_status":"closed","template":"","meta":[],"product_brand":[],"product_cat":[360],"product_tag":[],"class_list":{"0":"post-1139","1":"product","2":"type-product","3":"status-publish","4":"has-post-thumbnail","6":"product_cat-electro-y-bazar","8":"first","9":"outofstock","10":"shipping-taxable","11":"purchasable","12":"product-type-simple"},"_links":{"self":[{"href":"https:\/\/disma.ar\/clientes\/wp-json\/wp\/v2\/product\/1139","targetHints":{"allow":["GET"]}}],"collection":[{"href":"https:\/\/disma.ar\/clientes\/wp-json\/wp\/v2\/product"}],"about":[{"href":"https:\/\/disma.ar\/clientes\/wp-json\/wp\/v2\/types\/product"}],"replies":[{"embeddable":true,"href":"https:\/\/disma.ar\/clientes\/wp-json\/wp\/v2\/comments?post=1139"}],"wp:featuredmedia":[{"embeddable":true,"href":"https:\/\/disma.ar\/clientes\/wp-json\/wp\/v2\/media\/2860"}],"wp:attachment":[{"href":"https:\/\/disma.ar\/clientes\/wp-json\/wp\/v2\/media?parent=1139"}],"wp:term":[{"taxonomy":"product_brand","embeddable":true,"href":"https:\/\/disma.ar\/clientes\/wp-json\/wp\/v2\/product_brand?post=1139"},{"taxonomy":"product_cat","embeddable":true,"href":"https:\/\/disma.ar\/clientes\/wp-json\/wp\/v2\/product_cat?post=1139"},{"taxonomy":"product_tag","embeddable":true,"href":"https:\/\/disma.ar\/clientes\/wp-json\/wp\/v2\/product_tag?post=1139"}],"curies":[{"name":"wp","href":"https:\/\/api.w.org\/{rel}","templated":true}]}}