{"id":11361,"date":"2024-05-07T18:01:57","date_gmt":"2024-05-07T21:01:57","guid":{"rendered":"https:\/\/disma.ar\/clientes\/?post_type=product&#038;p=11361"},"modified":"2026-02-11T13:37:04","modified_gmt":"2026-02-11T16:37:04","slug":"auricular-gamer-vincha-con-microfono-noga-st-8311-negro","status":"publish","type":"product","link":"https:\/\/disma.ar\/clientes\/producto\/auricular-gamer-vincha-con-microfono-noga-st-8311-negro\/","title":{"rendered":"AURICULAR GAMER VINCHA CON MICROFONO NOGA ST-8311 NEGRO"},"content":{"rendered":"<div>Auriculares con Sonido y Dise\u00f1o letales.<\/div>\n<div>Poseen unas suaves almohadillas que te permitir\u00e1n disfrutar plenamente de tus juegos y tu m\u00fasica.<\/div>\n<div>\n<div>Tambi\u00e9n poseen Micr\u00f3fono de Alta Sensibilidad y con cancelaci\u00f3n de ruido.<\/div>\n<div>Incluyen Cable Adaptador para PC y Consolas.<\/div>\n<div><\/div>\n<div>\n<div>&#8211; Di\u00e1metro de Auricular: 4 cm.<\/div>\n<div>&#8211; Sonido de Alta Definici\u00f3n y Bajos Reforzados con sensaci\u00f3n &#8220;3D Sound&#8221;<\/div>\n<div>&#8211; Micr\u00f3fono rotable de Alta Sensibilidad y con cancelaci\u00f3n de ruido<\/div>\n<div>&#8211; Control de Volumen<\/div>\n<div>&#8211; Vincha ajustable<\/div>\n<div>&#8211; Acolchado suave y c\u00f3modo<\/div>\n<div>&#8211; 2 conectores miniplug 3.5 Stereo (Audio\/Mic.) para PC<\/div>\n<div>&#8211; Longitud del cable: 2 metros<\/div>\n<div>&#8211; Incluyen Cable Adaptador para PC y Consolas<\/div>\n<\/div>\n<\/div>\n","protected":false},"excerpt":{"rendered":"<p>NOGA<\/p>\n","protected":false},"featured_media":11362,"comment_status":"open","ping_status":"closed","template":"","meta":[],"product_brand":[],"product_cat":[33],"product_tag":[],"class_list":{"0":"post-11361","1":"product","2":"type-product","3":"status-publish","4":"has-post-thumbnail","6":"product_cat-auriculares-bluetooth","8":"first","9":"outofstock","10":"shipping-taxable","11":"purchasable","12":"product-type-simple"},"_links":{"self":[{"href":"https:\/\/disma.ar\/clientes\/wp-json\/wp\/v2\/product\/11361","targetHints":{"allow":["GET"]}}],"collection":[{"href":"https:\/\/disma.ar\/clientes\/wp-json\/wp\/v2\/product"}],"about":[{"href":"https:\/\/disma.ar\/clientes\/wp-json\/wp\/v2\/types\/product"}],"replies":[{"embeddable":true,"href":"https:\/\/disma.ar\/clientes\/wp-json\/wp\/v2\/comments?post=11361"}],"wp:featuredmedia":[{"embeddable":true,"href":"https:\/\/disma.ar\/clientes\/wp-json\/wp\/v2\/media\/11362"}],"wp:attachment":[{"href":"https:\/\/disma.ar\/clientes\/wp-json\/wp\/v2\/media?parent=11361"}],"wp:term":[{"taxonomy":"product_brand","embeddable":true,"href":"https:\/\/disma.ar\/clientes\/wp-json\/wp\/v2\/product_brand?post=11361"},{"taxonomy":"product_cat","embeddable":true,"href":"https:\/\/disma.ar\/clientes\/wp-json\/wp\/v2\/product_cat?post=11361"},{"taxonomy":"product_tag","embeddable":true,"href":"https:\/\/disma.ar\/clientes\/wp-json\/wp\/v2\/product_tag?post=11361"}],"curies":[{"name":"wp","href":"https:\/\/api.w.org\/{rel}","templated":true}]}}