{"id":11318,"date":"2024-05-07T10:28:45","date_gmt":"2024-05-07T13:28:45","guid":{"rendered":"https:\/\/disma.ar\/clientes\/?post_type=product&#038;p=11318"},"modified":"2026-04-30T10:41:43","modified_gmt":"2026-04-30T13:41:43","slug":"luz-velador-proyector-de-estrellas-olas-luz-para-fiestas-parlante-bluetooth-con-control-inalambrico-luz-de-noche","status":"publish","type":"product","link":"https:\/\/disma.ar\/clientes\/producto\/luz-velador-proyector-de-estrellas-olas-luz-para-fiestas-parlante-bluetooth-con-control-inalambrico-luz-de-noche\/","title":{"rendered":"LUZ VELADOR PROYECTOR DE ESTRELLAS-OLAS-LUZ PARA FIESTAS PARLANTE BLUETOOTH CON CONTROL INALAMBRICO LUZ DE NOCHE"},"content":{"rendered":"<h2 class=\"ui-pdp-description__title\">Descripci\u00f3n<\/h2>\n<p class=\"ui-pdp-description__content\">ESPECIFICACIONES<br \/>\n\u2022Medidas:<br \/>\n-Di\u00e1metro: 14cm<br \/>\n-Ancho: 6cm<br \/>\n\u2022Potencia: 5W<br \/>\n\u2022LED: RGB 3*1W<br \/>\n\u2022Potencia del altavoz: 4 ohm 3W<br \/>\n\u2022Nombre del Bluetooth: XL-819<br \/>\n\u2022Alimentaci\u00f3n: USB 5V1A (incluye cable USB pero NO el adaptador)<br \/>\n\u2022Parlante conexi\u00f3n bluetooth<br \/>\n\u2022 5 dise\u00f1o de proyecci\u00f3n: luna, constelaci\u00f3n, arco iris, nubes y planetas<br \/>\n\u2022Tambi\u00e9n proyecta olas de colores que hacen juego con los puntos de l\u00e1ser y las proyecciones<br \/>\n\u2022Incluye control remoto con funciones como:<br \/>\n-ON\/Off l\u00e1ser verde<br \/>\n-On\/Off LED<br \/>\n-Activar m\u00fasica y controles de volumen<br \/>\n-Ajuste de brillo<br \/>\n-Colores predeterminados<br \/>\n-Timer<br \/>\n\u2022En la parte posterior posee una botonera y puerto para tarjeta de memoria<br \/>\n\u2022Incluye:<br \/>\n*1 Proyector<br \/>\n*1 Cable USB 150cm<br \/>\n*1 control remoto con pilas<br \/>\n\u2022Origen: China<\/p>\n","protected":false},"excerpt":{"rendered":"<p>Descripci\u00f3n ESPECIFICACIONES \u2022Medidas: -Di\u00e1metro: 14cm -Ancho: 6cm \u2022Potencia: 5W \u2022LED: RGB 3*1W \u2022Potencia del altavoz: 4 ohm 3W \u2022Nombre del Bluetooth: XL-819 \u2022Alimentaci\u00f3n: USB 5V1A (incluye cable USB pero NO el adaptador) \u2022Parlante conexi\u00f3n bluetooth \u2022 5 dise\u00f1o de proyecci\u00f3n: luna, constelaci\u00f3n, arco iris, nubes y planetas \u2022Tambi\u00e9n proyecta olas de colores que hacen juego [&hellip;]<\/p>\n","protected":false},"featured_media":11303,"comment_status":"open","ping_status":"closed","template":"","meta":[],"product_brand":[],"product_cat":[394,360,254,78],"product_tag":[],"class_list":{"0":"post-11318","1":"product","2":"type-product","3":"status-publish","4":"has-post-thumbnail","6":"product_cat-caja-de-sorpresas","7":"product_cat-electro-y-bazar","8":"product_cat-veladores","9":"product_cat-parlantes-bluetooth","11":"first","12":"instock","13":"shipping-taxable","14":"purchasable","15":"product-type-simple"},"_links":{"self":[{"href":"https:\/\/disma.ar\/clientes\/wp-json\/wp\/v2\/product\/11318","targetHints":{"allow":["GET"]}}],"collection":[{"href":"https:\/\/disma.ar\/clientes\/wp-json\/wp\/v2\/product"}],"about":[{"href":"https:\/\/disma.ar\/clientes\/wp-json\/wp\/v2\/types\/product"}],"replies":[{"embeddable":true,"href":"https:\/\/disma.ar\/clientes\/wp-json\/wp\/v2\/comments?post=11318"}],"wp:featuredmedia":[{"embeddable":true,"href":"https:\/\/disma.ar\/clientes\/wp-json\/wp\/v2\/media\/11303"}],"wp:attachment":[{"href":"https:\/\/disma.ar\/clientes\/wp-json\/wp\/v2\/media?parent=11318"}],"wp:term":[{"taxonomy":"product_brand","embeddable":true,"href":"https:\/\/disma.ar\/clientes\/wp-json\/wp\/v2\/product_brand?post=11318"},{"taxonomy":"product_cat","embeddable":true,"href":"https:\/\/disma.ar\/clientes\/wp-json\/wp\/v2\/product_cat?post=11318"},{"taxonomy":"product_tag","embeddable":true,"href":"https:\/\/disma.ar\/clientes\/wp-json\/wp\/v2\/product_tag?post=11318"}],"curies":[{"name":"wp","href":"https:\/\/api.w.org\/{rel}","templated":true}]}}