{"id":11207,"date":"2024-04-26T11:35:23","date_gmt":"2024-04-26T14:35:23","guid":{"rendered":"https:\/\/disma.ar\/clientes\/?post_type=product&#038;p=11207"},"modified":"2026-04-30T10:42:07","modified_gmt":"2026-04-30T13:42:07","slug":"adaptador-repetidor-amplificador-de-hdmi-a-hdmi-hembra-a-hembra-hasta-40-metros-de-distamcia-de-transmision","status":"publish","type":"product","link":"https:\/\/disma.ar\/clientes\/producto\/adaptador-repetidor-amplificador-de-hdmi-a-hdmi-hembra-a-hembra-hasta-40-metros-de-distamcia-de-transmision\/","title":{"rendered":"ADAPTADOR REPETIDOR AMPLIFICADOR DE HDMI A HDMI HEMBRA A HEMBRA HASTA  40 METROS DE DISTANCIA DE TRANSMISION"},"content":{"rendered":"<p>1. Regenera la se\u00f1al HD entrante decodific\u00e1ndola y recodific\u00e1ndola a una nueva se\u00f1al HD est\u00e1ndar, por lo que puede extender el rango de transmisi\u00f3n sin degradaci\u00f3n<br \/>\n2. Extiende 4096 * 2160P hasta 40 m de distancia de transmisi\u00f3n (la se\u00f1al de menor resoluci\u00f3n se puede transimitar por m\u00e1s tiempo)<br \/>\n3. Admite HD 1.4b<br \/>\n4. Admite 3D, 4Kx2K @ 30Hz<br \/>\n5. Cumple con HDCP 1.4<br \/>\n6. Frecuencia de operaci\u00f3n: hasta 340 MHz<br \/>\n7. Velocidad de datos HD: 3.4Gbps (enlace \u00fanico)<\/p>\n","protected":false},"excerpt":{"rendered":"<p>ORVESION<\/p>\n","protected":false},"featured_media":11208,"comment_status":"open","ping_status":"closed","template":"","meta":[],"product_brand":[],"product_cat":[91],"product_tag":[],"class_list":{"0":"post-11207","1":"product","2":"type-product","3":"status-publish","4":"has-post-thumbnail","6":"product_cat-selectores-audio-y-video","8":"first","9":"instock","10":"shipping-taxable","11":"purchasable","12":"product-type-simple"},"_links":{"self":[{"href":"https:\/\/disma.ar\/clientes\/wp-json\/wp\/v2\/product\/11207","targetHints":{"allow":["GET"]}}],"collection":[{"href":"https:\/\/disma.ar\/clientes\/wp-json\/wp\/v2\/product"}],"about":[{"href":"https:\/\/disma.ar\/clientes\/wp-json\/wp\/v2\/types\/product"}],"replies":[{"embeddable":true,"href":"https:\/\/disma.ar\/clientes\/wp-json\/wp\/v2\/comments?post=11207"}],"wp:featuredmedia":[{"embeddable":true,"href":"https:\/\/disma.ar\/clientes\/wp-json\/wp\/v2\/media\/11208"}],"wp:attachment":[{"href":"https:\/\/disma.ar\/clientes\/wp-json\/wp\/v2\/media?parent=11207"}],"wp:term":[{"taxonomy":"product_brand","embeddable":true,"href":"https:\/\/disma.ar\/clientes\/wp-json\/wp\/v2\/product_brand?post=11207"},{"taxonomy":"product_cat","embeddable":true,"href":"https:\/\/disma.ar\/clientes\/wp-json\/wp\/v2\/product_cat?post=11207"},{"taxonomy":"product_tag","embeddable":true,"href":"https:\/\/disma.ar\/clientes\/wp-json\/wp\/v2\/product_tag?post=11207"}],"curies":[{"name":"wp","href":"https:\/\/api.w.org\/{rel}","templated":true}]}}