{"id":1110,"date":"2024-05-05T09:52:23","date_gmt":"2024-05-05T12:52:23","guid":{"rendered":"https:\/\/disma.ar\/clientes\/producto\/adaptador-tipo-c-macho-a-hdmi-hembra\/"},"modified":"2026-04-30T10:25:04","modified_gmt":"2026-04-30T13:25:04","slug":"adaptador-tipo-c-macho-a-hdmi-hembra","status":"publish","type":"product","link":"https:\/\/disma.ar\/clientes\/producto\/adaptador-tipo-c-macho-a-hdmi-hembra\/","title":{"rendered":"ADAPTADOR TIPO C (MACHO) A HDMI HEMBRA"},"content":{"rendered":"<p>Disfrute de contenido en alta definici\u00f3n con el adaptador Tipo C Macho a HDMI Hembra 09-043. Compatible con PC, notebooks, tablets y celulares con funci\u00f3n MHL. Verifique la compatibilidad de su dispositivo descargando la aplicaci\u00f3n MHL CHECKER. Su dise\u00f1o \u00fanico garantiza una conexi\u00f3n segura y estable, ideal para presentaciones, streaming y entretenimiento en pantalla grande.<\/p>\n","protected":false},"excerpt":{"rendered":"<p>INT.CO<\/p>\n","protected":false},"featured_media":17400,"comment_status":"open","ping_status":"closed","template":"","meta":[],"product_brand":[],"product_cat":[346],"product_tag":[],"class_list":{"0":"post-1110","1":"product","2":"type-product","3":"status-publish","4":"has-post-thumbnail","6":"product_cat-smart-tv-multimedia-al-tv","8":"first","9":"instock","10":"shipping-taxable","11":"purchasable","12":"product-type-simple"},"_links":{"self":[{"href":"https:\/\/disma.ar\/clientes\/wp-json\/wp\/v2\/product\/1110","targetHints":{"allow":["GET"]}}],"collection":[{"href":"https:\/\/disma.ar\/clientes\/wp-json\/wp\/v2\/product"}],"about":[{"href":"https:\/\/disma.ar\/clientes\/wp-json\/wp\/v2\/types\/product"}],"replies":[{"embeddable":true,"href":"https:\/\/disma.ar\/clientes\/wp-json\/wp\/v2\/comments?post=1110"}],"wp:featuredmedia":[{"embeddable":true,"href":"https:\/\/disma.ar\/clientes\/wp-json\/wp\/v2\/media\/17400"}],"wp:attachment":[{"href":"https:\/\/disma.ar\/clientes\/wp-json\/wp\/v2\/media?parent=1110"}],"wp:term":[{"taxonomy":"product_brand","embeddable":true,"href":"https:\/\/disma.ar\/clientes\/wp-json\/wp\/v2\/product_brand?post=1110"},{"taxonomy":"product_cat","embeddable":true,"href":"https:\/\/disma.ar\/clientes\/wp-json\/wp\/v2\/product_cat?post=1110"},{"taxonomy":"product_tag","embeddable":true,"href":"https:\/\/disma.ar\/clientes\/wp-json\/wp\/v2\/product_tag?post=1110"}],"curies":[{"name":"wp","href":"https:\/\/api.w.org\/{rel}","templated":true}]}}