{"id":10877,"date":"2025-10-07T10:57:34","date_gmt":"2025-10-07T13:57:34","guid":{"rendered":"https:\/\/disma.ar\/clientes\/?post_type=product&#038;p=10877"},"modified":"2026-04-06T10:21:08","modified_gmt":"2026-04-06T13:21:08","slug":"camara-de-seguridad-interior-wifi-full-hd-seisa-ipc-c30-alarma-vision-nocturna-8-metros-llamada-de-voz-y-video-deteccion-de-movimiento-humano","status":"publish","type":"product","link":"https:\/\/disma.ar\/clientes\/producto\/camara-de-seguridad-interior-wifi-full-hd-seisa-ipc-c30-alarma-vision-nocturna-8-metros-llamada-de-voz-y-video-deteccion-de-movimiento-humano\/","title":{"rendered":"CAMARA DE SEGURIDAD INTERIOR WIFI FULL HD SEISA IPC-C30 ALARMA VISION NOCTURNA 8 METROS LLAMADA DE VOZ Y VIDEO DETECCION DE MOVIMIENTO HUMANO- GRABA H.265"},"content":{"rendered":"<h5 id=\"title\" class=\"a-size-large a-spacing-none\"><span id=\"productTitle\" class=\"a-size-large product-title-word-break\">GRABA H265. MAXIMA CALIDAD MENOR ESPACIO<br \/>\nC\u00e1mara de seguridad para interiores, c\u00e1mara inteligente Wi-Fi HD 1080P con pantalla de video de 2.8 pulgadas, c\u00e1mara de vigilancia de 350\u00b0 con seguimiento de movimiento, c\u00e1mara inal\u00e1mbrica para interiores con audio de 2 v\u00edas, visi\u00f3n nocturna (blanco)<\/span><\/h5>\n<h1 class=\"a-size-base-plus a-text-bold\">Sobre este art\u00edculo<\/h1>\n<ul class=\"a-unordered-list a-vertical a-spacing-mini\">\n<li class=\"a-spacing-mini\"><span class=\"a-list-item\">Video\/audio bidireccional y uso compartido por el usuario: la c\u00e1mara interior con una pantalla de alta definici\u00f3n de 2.8 pulgadas no solo puede monitorear la situaci\u00f3n en casa en tiempo real, sino que tambi\u00e9n puede lograr video y llamadas bidireccionales. Simplemente presione el bot\u00f3n de videollamada, puede tener videollamadas \u00edntimas con su familia en cualquier momento y en cualquier lugar, y tambi\u00e9n puede compartir dispositivos. Es muy adecuado para familias con ni\u00f1os y personas mayores.<\/span><\/li>\n<li class=\"a-spacing-mini\"><span class=\"a-list-item\">Detecci\u00f3n y seguimiento de movimiento inteligentes: la c\u00e1mara de seguridad est\u00e1 equipada con tecnolog\u00eda de seguimiento de movimiento, que puede detectar y rastrear el movimiento de los objetos. La c\u00e1mara de seguridad admite monitoreo en tiempo real durante todo el d\u00eda, y tambi\u00e9n puede grabar en la tarjeta TF (hasta 128 GB). Cuando detecta el movimiento de objetos, te enviar\u00e1 notificaciones en tiempo real para ayudarte a prestar atenci\u00f3n a la seguridad familiar en cualquier momento y en cualquier lugar.<\/span><\/li>\n<li class=\"a-spacing-mini\"><span class=\"a-list-item\">Rotaci\u00f3n de 350\u00b0 y gran angular de 120\u00b0: la c\u00e1mara inteligente no solo puede seguir autom\u00e1ticamente los objetos en movimiento, sino tambi\u00e9n ajustar manualmente el \u00e1ngulo de visi\u00f3n (horizontal 350\u00b0 y vertical 60\u00b0), lo que la hace m\u00e1s flexible, lo que te permite lograr una visi\u00f3n completa de 350 grados del entorno circundante y lograr un monitoreo completo.<\/span><\/li>\n<li class=\"a-spacing-mini\"><span class=\"a-list-item\">C\u00e1mara inal\u00e1mbrica 1080P: c\u00e1mara inal\u00e1mbrica de alta definici\u00f3n, que te proporciona video e im\u00e1genes de calidad 1080P. Te da una pantalla de monitoreo clara; la c\u00e1mara de seguridad para interiores tambi\u00e9n es compatible con conexiones inal\u00e1mbricas 2.4G y WIFI (no compatible con 5 GHz), lo que permite a los usuarios utilizar las im\u00e1genes y condiciones recibidas en sus dispositivos m\u00f3viles en cualquier momento y en cualquier lugar.<\/span><\/li>\n<li class=\"a-spacing-mini\"><span class=\"a-list-item\">F\u00e1cil de instalar: simplemente conecta la c\u00e1mara de vigilancia a la alimentaci\u00f3n, descarga una aplicaci\u00f3n gratuita y luego conecta WiFi a tu tel\u00e9fono. Coloque la c\u00e1mara donde quiera colocarla, monitoree la situaci\u00f3n en casa y haga que la comunicaci\u00f3n con su familia sea m\u00e1s \u00edntima, haciendo que su hogar sea m\u00e1s c\u00e1lido y seguro.<\/span><\/li>\n<\/ul>\n","protected":false},"excerpt":{"rendered":"<p>SEISA<\/p>\n","protected":false},"featured_media":10878,"comment_status":"open","ping_status":"closed","template":"","meta":[],"product_brand":[],"product_cat":[303],"product_tag":[],"class_list":{"0":"post-10877","1":"product","2":"type-product","3":"status-publish","4":"has-post-thumbnail","6":"product_cat-camaras-seguridad-y-monitores","8":"first","9":"instock","10":"sale","11":"shipping-taxable","12":"purchasable","13":"product-type-simple"},"_links":{"self":[{"href":"https:\/\/disma.ar\/clientes\/wp-json\/wp\/v2\/product\/10877","targetHints":{"allow":["GET"]}}],"collection":[{"href":"https:\/\/disma.ar\/clientes\/wp-json\/wp\/v2\/product"}],"about":[{"href":"https:\/\/disma.ar\/clientes\/wp-json\/wp\/v2\/types\/product"}],"replies":[{"embeddable":true,"href":"https:\/\/disma.ar\/clientes\/wp-json\/wp\/v2\/comments?post=10877"}],"wp:featuredmedia":[{"embeddable":true,"href":"https:\/\/disma.ar\/clientes\/wp-json\/wp\/v2\/media\/10878"}],"wp:attachment":[{"href":"https:\/\/disma.ar\/clientes\/wp-json\/wp\/v2\/media?parent=10877"}],"wp:term":[{"taxonomy":"product_brand","embeddable":true,"href":"https:\/\/disma.ar\/clientes\/wp-json\/wp\/v2\/product_brand?post=10877"},{"taxonomy":"product_cat","embeddable":true,"href":"https:\/\/disma.ar\/clientes\/wp-json\/wp\/v2\/product_cat?post=10877"},{"taxonomy":"product_tag","embeddable":true,"href":"https:\/\/disma.ar\/clientes\/wp-json\/wp\/v2\/product_tag?post=10877"}],"curies":[{"name":"wp","href":"https:\/\/api.w.org\/{rel}","templated":true}]}}