{"id":10693,"date":"2024-03-10T23:01:25","date_gmt":"2024-03-11T02:01:25","guid":{"rendered":"https:\/\/disma.ar\/clientes\/?post_type=product&#038;p=10693"},"modified":"2026-02-11T13:36:07","modified_gmt":"2026-02-11T16:36:07","slug":"calculadora-papel-impresora-casio-hr8rc-bk-12-dig","status":"publish","type":"product","link":"https:\/\/disma.ar\/clientes\/producto\/calculadora-papel-impresora-casio-hr8rc-bk-12-dig\/","title":{"rendered":"CALCULADORA PAPEL IMPRESORA CASIO HR8RC-BK 12 DIG"},"content":{"rendered":"<h3 class=\"p-product_detail-spec-accordion__header is-open\"><button class=\"p-product_detail-spec-accordion__button\" data-cmp-hook-accordion=\"button\" aria-expanded=\"true\"><span class=\"p-product_detail-spec-accordion__title\">Informaci\u00f3n b\u00e1sica<\/span><\/button><\/h3>\n<div class=\"p-product_detail-spec-accordion__panel p-product_detail-spec-accordion__panel--hidden\" data-cmp-hook-accordion=\"panel\" aria-hidden=\"false\">\n<div class=\"p-product_detail-spec-accordion__panel-inner\">\n<div class=\"p-product_detail-spec-accordion__panel-item\">\n<div class=\"p-product_detail-spec-accordion__panel-item-ttl\">\n<h4>Caracter\u00edsticas del producto<\/h4>\n<\/div>\n<div class=\"p-product_detail-spec-accordion__panel-item-cont\">Funci\u00f3n de reimprimir\/imprimir despu\u00e9s<\/div>\n<div class=\"p-product_detail-spec-accordion__panel-item-cont\">Verificaci\u00f3n de 150 pasos<\/div>\n<div class=\"p-product_detail-spec-accordion__panel-item-cont\">Funci\u00f3n de cambio de divisa<\/div>\n<div class=\"p-product_detail-spec-accordion__panel-item-cont\">Impresi\u00f3n de 2,0 l\u00edneas por segundo<\/div>\n<\/div>\n<div class=\"p-product_detail-spec-accordion__panel-item\">\n<div class=\"p-product_detail-spec-accordion__panel-item-ttl\">\n<h4>Tipo de producto<\/h4>\n<\/div>\n<div class=\"p-product_detail-spec-accordion__panel-item-cont\">Tipo compacta<\/div>\n<\/div>\n<div class=\"p-product_detail-spec-accordion__panel-item\">\n<div class=\"p-product_detail-spec-accordion__panel-item-ttl\">\n<h4>Cantidad de d\u00edgitos<\/h4>\n<\/div>\n<div class=\"p-product_detail-spec-accordion__panel-item-cont\">12 d\u00edgitos<\/div>\n<\/div>\n<div class=\"p-product_detail-spec-accordion__panel-item\">\n<div class=\"p-product_detail-spec-accordion__panel-item-ttl\">\n<h4>Pantalla de cristal l\u00edquido<\/h4>\n<\/div>\n<div class=\"p-product_detail-spec-accordion__panel-item-cont\">Pantalla grande<\/div>\n<div class=\"p-product_detail-spec-accordion__panel-item-cont\">Signos de mandos de funciones<\/div>\n<div class=\"p-product_detail-spec-accordion__panel-item-cont\">Marcadores de coma cada 3 d\u00edgitos<\/div>\n<\/div>\n<div class=\"p-product_detail-spec-accordion__panel-item\">\n<div class=\"p-product_detail-spec-accordion__panel-item-ttl\">\n<h4>Funciones clave<\/h4>\n<\/div>\n<div class=\"p-product_detail-spec-accordion__panel-item-cont\">Pulsaci\u00f3n simult\u00e1nea de teclas<\/div>\n<div class=\"p-product_detail-spec-accordion__panel-item-cont\">Tecla Shift (\u25b6)<\/div>\n<div class=\"p-product_detail-spec-accordion__panel-item-cont\">Cambio de signo (\uff0b\/\uff0d)<\/div>\n<\/div>\n<div class=\"p-product_detail-spec-accordion__panel-item\">\n<div class=\"p-product_detail-spec-accordion__panel-item-ttl\">\n<h4>Memoria<\/h4>\n<\/div>\n<div class=\"p-product_detail-spec-accordion__panel-item-cont\">Memoria independiente<\/div>\n<\/div>\n<div class=\"p-product_detail-spec-accordion__panel-item\">\n<div class=\"p-product_detail-spec-accordion__panel-item-ttl\">\n<h4>Fuente de alimentaci\u00f3n<\/h4>\n<\/div>\n<div class=\"p-product_detail-spec-accordion__panel-item-cont\">Adaptador AA y CA (opcional)<\/div>\n<div class=\"p-product_detail-spec-accordion__panel-item-cont\">AA\u00d74<\/div>\n<div class=\"p-product_detail-spec-accordion__panel-item-cont\">Apagado autom\u00e1tico<\/div>\n<\/div>\n<div class=\"p-product_detail-spec-accordion__panel-item\">\n<div class=\"p-product_detail-spec-accordion__panel-item-ttl\">\n<h4>Tama\u00f1o (Pr. \u00d7 An. \u00d7 Al.)<\/h4>\n<\/div>\n<div class=\"p-product_detail-spec-accordion__panel-item-cont\">239 \u00d7 102 \u00d7 81.6 mm<\/div>\n<\/div>\n<div class=\"p-product_detail-spec-accordion__panel-item\">\n<div class=\"p-product_detail-spec-accordion__panel-item-ttl\">\n<h4>Peso<\/h4>\n<\/div>\n<div class=\"p-product_detail-spec-accordion__panel-item-cont\">345 g<\/div>\n<\/div>\n<div class=\"p-product_detail-spec-accordion__panel-item\">\n<div class=\"p-product_detail-spec-accordion__panel-item-ttl\">\n<h4>Color<\/h4>\n<\/div>\n<div class=\"p-product_detail-spec-accordion__panel-item-cont\">Negro<\/div>\n<div>\n<div class=\"p-product_detail-spec-accordion__item\" data-cmp-hook-accordion=\"item\">\n<h3 class=\"p-product_detail-spec-accordion__header is-open\"><button class=\"p-product_detail-spec-accordion__button\" data-cmp-hook-accordion=\"button\" aria-expanded=\"true\"><span class=\"p-product_detail-spec-accordion__title\">Ajustes de pantalla<\/span><\/button><\/h3>\n<div class=\"p-product_detail-spec-accordion__panel p-product_detail-spec-accordion__panel--hidden\" data-cmp-hook-accordion=\"panel\" aria-hidden=\"false\">\n<div class=\"p-product_detail-spec-accordion__panel-inner\">\n<div class=\"p-product_detail-spec-accordion__panel-item\">\n<div class=\"p-product_detail-spec-accordion__panel-item-ttl\">\n<h4>Ajustes del formato de visualizaci\u00f3n<\/h4>\n<\/div>\n<div class=\"p-product_detail-spec-accordion__panel-item-cont\">Selector decimal (2\/0)<\/div>\n<div class=\"p-product_detail-spec-accordion__panel-item-cont\">Selector de redondeo (F\u30fb5\/4)<\/div>\n<div class=\"p-product_detail-spec-accordion__panel-item-cont\">Funci\u00f3n de reimprimir\/imprimir despu\u00e9s<\/div>\n<div class=\"p-product_detail-spec-accordion__panel-item-cont\">Impresi\u00f3n de 2,0 l\u00edneas por segundo<\/div>\n<\/div>\n<\/div>\n<\/div>\n<\/div>\n<div class=\"p-product_detail-spec-accordion__item\" data-cmp-hook-accordion=\"item\">\n<h3 class=\"p-product_detail-spec-accordion__header is-open\"><button class=\"p-product_detail-spec-accordion__button\" data-cmp-hook-accordion=\"button\" aria-expanded=\"true\"><span class=\"p-product_detail-spec-accordion__title\">Funciones de c\u00e1lculo<\/span><\/button><\/h3>\n<div class=\"p-product_detail-spec-accordion__panel p-product_detail-spec-accordion__panel--hidden\" data-cmp-hook-accordion=\"panel\" aria-hidden=\"false\">\n<div class=\"p-product_detail-spec-accordion__panel-inner\">\n<div class=\"p-product_detail-spec-accordion__panel-item\">\n<div class=\"p-product_detail-spec-accordion__panel-item-ttl\">\n<h4>C\u00e1lculo b\u00e1sico<\/h4>\n<\/div>\n<div class=\"p-product_detail-spec-accordion__panel-item-cont\">C\u00e1lculo b\u00e1sico<\/div>\n<div class=\"p-product_detail-spec-accordion__panel-item-cont\">Porcentaje regular (\uff05)<\/div>\n<div class=\"p-product_detail-spec-accordion__panel-item-cont\">Porcentaje de margen de ganancia<\/div>\n<\/div>\n<div class=\"p-product_detail-spec-accordion__panel-item\">\n<div class=\"p-product_detail-spec-accordion__panel-item-ttl\">\n<h4>C\u00e1lculo aplicado<\/h4>\n<\/div>\n<div class=\"p-product_detail-spec-accordion__panel-item-cont\">Verificaci\u00f3n de 150 pasos<\/div>\n<div class=\"p-product_detail-spec-accordion__panel-item-cont\">Funci\u00f3n de cambio de divisa<\/div>\n<\/div>\n<\/div>\n<\/div>\n<\/div>\n<\/div>\n<\/div>\n<\/div>\n<\/div>\n","protected":false},"excerpt":{"rendered":"<p>CASIO<\/p>\n","protected":false},"featured_media":10694,"comment_status":"open","ping_status":"closed","template":"","meta":[],"product_brand":[],"product_cat":[161],"product_tag":[],"class_list":{"0":"post-10693","1":"product","2":"type-product","3":"status-publish","4":"has-post-thumbnail","6":"product_cat-calculadoras-con-papel","8":"first","9":"instock","10":"shipping-taxable","11":"purchasable","12":"product-type-simple"},"_links":{"self":[{"href":"https:\/\/disma.ar\/clientes\/wp-json\/wp\/v2\/product\/10693","targetHints":{"allow":["GET"]}}],"collection":[{"href":"https:\/\/disma.ar\/clientes\/wp-json\/wp\/v2\/product"}],"about":[{"href":"https:\/\/disma.ar\/clientes\/wp-json\/wp\/v2\/types\/product"}],"replies":[{"embeddable":true,"href":"https:\/\/disma.ar\/clientes\/wp-json\/wp\/v2\/comments?post=10693"}],"wp:featuredmedia":[{"embeddable":true,"href":"https:\/\/disma.ar\/clientes\/wp-json\/wp\/v2\/media\/10694"}],"wp:attachment":[{"href":"https:\/\/disma.ar\/clientes\/wp-json\/wp\/v2\/media?parent=10693"}],"wp:term":[{"taxonomy":"product_brand","embeddable":true,"href":"https:\/\/disma.ar\/clientes\/wp-json\/wp\/v2\/product_brand?post=10693"},{"taxonomy":"product_cat","embeddable":true,"href":"https:\/\/disma.ar\/clientes\/wp-json\/wp\/v2\/product_cat?post=10693"},{"taxonomy":"product_tag","embeddable":true,"href":"https:\/\/disma.ar\/clientes\/wp-json\/wp\/v2\/product_tag?post=10693"}],"curies":[{"name":"wp","href":"https:\/\/api.w.org\/{rel}","templated":true}]}}