{"id":10643,"date":"2024-03-06T10:24:40","date_gmt":"2024-03-06T13:24:40","guid":{"rendered":"https:\/\/disma.ar\/clientes\/?post_type=product&#038;p=10643"},"modified":"2026-04-30T10:40:54","modified_gmt":"2026-04-30T13:40:54","slug":"adaptador-usb-a-rj45-usb-3-0-macho-a-rj45-hembra-ethernet-network-adapter-tp-link-ue306","status":"publish","type":"product","link":"https:\/\/disma.ar\/clientes\/producto\/adaptador-usb-a-rj45-usb-3-0-macho-a-rj45-hembra-ethernet-network-adapter-tp-link-ue306\/","title":{"rendered":"ADAPTADOR USB A RJ45 USB 3.0 MACHO A RJ45 HEMBRA ETHERNET NETWORK ADAPTER TP LINK UE306"},"content":{"rendered":"<div class=\"box title\">\n<h5>Adaptador de red USB 3.0 a Gigabit Ethernet<\/h5>\n<\/div>\n<div class=\"box highlights\">\n<ul>\n<li>La soluci\u00f3n USB 3.0 y Gigabit m\u00e1s r\u00e1pida garantiza una tasa de transferencia de alta velocidad<\/li>\n<li>Plug and Play en Nintendo Switch, Windows 10\/8.1 y SO Linux<\/li>\n<li>El dise\u00f1o plegable y port\u00e1til se adapta perfectamente a su Ultrabook<\/li>\n<li>Compatible con Nintendo Switch: disfruta de los juegos con tus amigos y descargas r\u00e1pidas al conectarlo a tu base de Nintendo Switch y agregar una conexi\u00f3n Gigabit Ethernet.<\/li>\n<\/ul>\n<table>\n<thead>\n<tr id=\"tr_3820\">\n<th colspan=\"2\"><a>ESPECIFICACIONES<\/a><\/th>\n<\/tr>\n<\/thead>\n<tbody>\n<tr id=\"tr_3949\">\n<th width=\"35%\">Dimensiones<\/th>\n<td width=\"65%\">2.8 x 1.0 x 0.6 in. (71 x 26 x 16.2mm)<\/td>\n<\/tr>\n<tr id=\"tr_3950\">\n<th width=\"35%\">Interfaz de salida<\/th>\n<td width=\"65%\">1 puerto Ethernet RJ45 de 10\/100\/1000 Mbps<\/td>\n<\/tr>\n<tr id=\"tr_3951\">\n<th width=\"35%\">Interfaz de entrada<\/th>\n<td width=\"65%\">1 puerto USB 3.0<\/td>\n<\/tr>\n<tr id=\"tr_3952\">\n<th width=\"35%\">Chipset<\/th>\n<td width=\"65%\">AX88179<\/td>\n<\/tr>\n<tr id=\"tr_3953\">\n<th width=\"35%\">Sistemas compatibles<\/th>\n<td width=\"65%\">Nintendo Switch<br \/>\nWindows 10\/8.1\/8\/7<br \/>\nLinux OS<\/td>\n<\/tr>\n<tr id=\"tr_3831\">\n<th width=\"35%\">Contenidos del paquete<\/th>\n<td width=\"65%\">Adaptador de red USB 3.0 a Gigabit Ethernet,<br \/>\nGu\u00eda de Instalaci\u00f3n R\u00e1pida<\/td>\n<\/tr>\n<\/tbody>\n<\/table>\n<table>\n<thead>\n<tr id=\"tr_606\">\n<th colspan=\"2\"><a>OTROS<\/a><\/th>\n<\/tr>\n<\/thead>\n<tbody>\n<tr id=\"tr_714\">\n<th width=\"35%\">Certificaci\u00f3n<\/th>\n<td width=\"65%\">CE, FCC, RoHS<\/td>\n<\/tr>\n<tr id=\"tr_5209\">\n<th width=\"35%\">Ambiente<\/th>\n<td width=\"65%\">\u00b7 Temperatura de funcionamiento: 0 \u2103 ~ 40 \u2103 (32 \u2109 ~ 104 \u2109)<br \/>\n\u00b7 Temperatura de almacenamiento: -40 \u2103 ~ 70 \u2103 (-40 \u2109 ~ 158 \u2109)<br \/>\n\u00b7 Humedad de funcionamiento: 10% ~ 90% sin condensaci\u00f3n<br \/>\n\u00b7 Humedad de almacenamiento: 5% ~ 90% sin condensaci\u00f3n<\/td>\n<\/tr>\n<\/tbody>\n<\/table>\n<\/div>\n","protected":false},"excerpt":{"rendered":"<p>TP LINK<\/p>\n","protected":false},"featured_media":10644,"comment_status":"open","ping_status":"closed","template":"","meta":[],"product_brand":[],"product_cat":[23],"product_tag":[],"class_list":{"0":"post-10643","1":"product","2":"type-product","3":"status-publish","4":"has-post-thumbnail","6":"product_cat-usb-red-lan","8":"first","9":"outofstock","10":"shipping-taxable","11":"purchasable","12":"product-type-simple"},"_links":{"self":[{"href":"https:\/\/disma.ar\/clientes\/wp-json\/wp\/v2\/product\/10643","targetHints":{"allow":["GET"]}}],"collection":[{"href":"https:\/\/disma.ar\/clientes\/wp-json\/wp\/v2\/product"}],"about":[{"href":"https:\/\/disma.ar\/clientes\/wp-json\/wp\/v2\/types\/product"}],"replies":[{"embeddable":true,"href":"https:\/\/disma.ar\/clientes\/wp-json\/wp\/v2\/comments?post=10643"}],"wp:featuredmedia":[{"embeddable":true,"href":"https:\/\/disma.ar\/clientes\/wp-json\/wp\/v2\/media\/10644"}],"wp:attachment":[{"href":"https:\/\/disma.ar\/clientes\/wp-json\/wp\/v2\/media?parent=10643"}],"wp:term":[{"taxonomy":"product_brand","embeddable":true,"href":"https:\/\/disma.ar\/clientes\/wp-json\/wp\/v2\/product_brand?post=10643"},{"taxonomy":"product_cat","embeddable":true,"href":"https:\/\/disma.ar\/clientes\/wp-json\/wp\/v2\/product_cat?post=10643"},{"taxonomy":"product_tag","embeddable":true,"href":"https:\/\/disma.ar\/clientes\/wp-json\/wp\/v2\/product_tag?post=10643"}],"curies":[{"name":"wp","href":"https:\/\/api.w.org\/{rel}","templated":true}]}}