{"id":10577,"date":"2024-03-02T10:21:29","date_gmt":"2024-03-02T13:21:29","guid":{"rendered":"https:\/\/disma.ar\/clientes\/?post_type=product&#038;p=10577"},"modified":"2026-04-30T10:40:50","modified_gmt":"2026-04-30T13:40:50","slug":"reloj-despertador-parlante-bluetooth-5-0-display-grande-radio-fm-sd-alarma-manos-libres-negro","status":"publish","type":"product","link":"https:\/\/disma.ar\/clientes\/producto\/reloj-despertador-parlante-bluetooth-5-0-display-grande-radio-fm-sd-alarma-manos-libres-negro\/","title":{"rendered":"RELOJ DESPERTADOR PARLANTE BLUETOOTH 5.0 DISPLAY GRANDE RADIO FM , SD, ALARMA MANOS LIBRES NEGRO"},"content":{"rendered":"<h2 class=\"ui-pdp-description__title\">Descripci\u00f3n<\/h2>\n<p class=\"ui-pdp-description__content\">El Reloj Despertador y Parlante Bluetooth Alarma Micro SD Radio en color negro es el complemento perfecto para tu hogar. Con su dise\u00f1o cl\u00e1sico y elegante, este reloj despertador se adapta a cualquier estilo de decoraci\u00f3n. Adem\u00e1s de su funci\u00f3n principal de despertador, tambi\u00e9n cuenta con un parlante Bluetooth integrado que te permite reproducir m\u00fasica desde tu dispositivo m\u00f3vil de forma inal\u00e1mbrica.<\/p>\n<p>Con su radio incorporada, podr\u00e1s sintonizar tus emisoras favoritas y disfrutar de m\u00fasica o noticias en cualquier momento. Su conectividad Bluetooth te permite conectarlo f\u00e1cilmente a tu tel\u00e9fono o tablet para reproducir tus listas de reproducci\u00f3n favoritas.<\/p>\n<p>Fabricado con materiales de alta calidad, este reloj despertador garantiza durabilidad y resistencia. Su tecnolog\u00eda digital te brinda una visualizaci\u00f3n clara y precisa de la hora, y su alimentaci\u00f3n a trav\u00e9s de corriente alterna asegura un funcionamiento constante y confiable.<\/p>\n<p>El Reloj Despertador y Parlante Bluetooth Alarma Micro SD Radio en color negro de la marca Suono es la opci\u00f3n ideal para aquellos que buscan un despertador vers\u00e1til y moderno. No pierdas la oportunidad de adquirir este producto de calidad y disfrutar de todas sus funciones.<\/p>\n","protected":false},"excerpt":{"rendered":"<p>DINAX<\/p>\n","protected":false},"featured_media":10578,"comment_status":"open","ping_status":"closed","template":"","meta":[],"product_brand":[],"product_cat":[78,296],"product_tag":[],"class_list":{"0":"post-10577","1":"product","2":"type-product","3":"status-publish","4":"has-post-thumbnail","6":"product_cat-parlantes-bluetooth","7":"product_cat-radio-relojes","9":"first","10":"outofstock","11":"shipping-taxable","12":"purchasable","13":"product-type-simple"},"_links":{"self":[{"href":"https:\/\/disma.ar\/clientes\/wp-json\/wp\/v2\/product\/10577","targetHints":{"allow":["GET"]}}],"collection":[{"href":"https:\/\/disma.ar\/clientes\/wp-json\/wp\/v2\/product"}],"about":[{"href":"https:\/\/disma.ar\/clientes\/wp-json\/wp\/v2\/types\/product"}],"replies":[{"embeddable":true,"href":"https:\/\/disma.ar\/clientes\/wp-json\/wp\/v2\/comments?post=10577"}],"wp:featuredmedia":[{"embeddable":true,"href":"https:\/\/disma.ar\/clientes\/wp-json\/wp\/v2\/media\/10578"}],"wp:attachment":[{"href":"https:\/\/disma.ar\/clientes\/wp-json\/wp\/v2\/media?parent=10577"}],"wp:term":[{"taxonomy":"product_brand","embeddable":true,"href":"https:\/\/disma.ar\/clientes\/wp-json\/wp\/v2\/product_brand?post=10577"},{"taxonomy":"product_cat","embeddable":true,"href":"https:\/\/disma.ar\/clientes\/wp-json\/wp\/v2\/product_cat?post=10577"},{"taxonomy":"product_tag","embeddable":true,"href":"https:\/\/disma.ar\/clientes\/wp-json\/wp\/v2\/product_tag?post=10577"}],"curies":[{"name":"wp","href":"https:\/\/api.w.org\/{rel}","templated":true}]}}