{"id":10573,"date":"2024-03-02T10:16:05","date_gmt":"2024-03-02T13:16:05","guid":{"rendered":"https:\/\/disma.ar\/clientes\/?post_type=product&#038;p=10573"},"modified":"2026-02-11T13:36:04","modified_gmt":"2026-02-11T16:36:04","slug":"reflector-led-con-panel-solar-90w-bateria-15000-mah-ip67-7-dias-de-lluvia","status":"publish","type":"product","link":"https:\/\/disma.ar\/clientes\/producto\/reflector-led-con-panel-solar-90w-bateria-15000-mah-ip67-7-dias-de-lluvia\/","title":{"rendered":"REFLECTOR LED CON PANEL SOLAR 90W BATERIA 15000 MAH IP67 3\/5 DIAS DE LLUVIA"},"content":{"rendered":"<h5 class=\"ui-pdp-title\">Lampara Reflector Solar Led Cob 90w Ip67 Sensor Movimiento 15000 Mah<\/h5>\n<p>CARACTER\u00cdSTICAS GENERALES<br \/>\n&#8211; Potencia en Watts: 90W<br \/>\n&#8211; Potencia en Lm: 2000Lm<br \/>\n&#8211; Tipo de Led: 210 LED SMD<br \/>\n&#8211; Autonom\u00eda de Carga (Sin recargar ni usar): 3 d\u00edas aprox.<br \/>\n&#8211; Tiempo de Carga: 10-12hs<br \/>\n&#8211; Duraci\u00f3n de Bater\u00eda: Uso general, 3hs aprox \/ Uso con Iluminaci\u00f3n al Max. 1\/2hs aprox.<br \/>\n&#8211; Color de Luz: Luz Blanca Fr\u00eda<br \/>\n&#8211; Alcance de Luz: 5 mts. aprox.<br \/>\n&#8211; Tipo de Sensor: Sensor de Movimiento<br \/>\n&#8211; Alcance de Sensores: 5 mts. aprox.<br \/>\n&#8211; Funcionamiento Sensor: A la noche y al detectar movimiento, se enciende por 10 segundos<br \/>\n&#8211; No permanece encendido constantemente, s\u00f3lo se enciende al detectar movimiento. La fotoc\u00e9lula evita que el encendido durante el d\u00eda<br \/>\n&#8211; Radio de Iluminaci\u00f3n: 5 mts. aprox.<br \/>\n&#8211; Panel Solar: IP67 (Apto exterior)<br \/>\n&#8211; Bot\u00f3n ON\/OFF &#8211; Intensidad<br \/>\n&#8211; No necesita mantenimiento peri\u00f3dico<br \/>\n&#8211; Es completamente aut\u00f3nomo y autom\u00e1tico<br \/>\n&#8211; No necesita instalaci\u00f3n el\u00e9ctrica<\/p>\n","protected":false},"excerpt":{"rendered":"<p>Lampara Reflector Solar Led Cob 90w Ip67 Sensor Movimiento 15000 Mah CARACTER\u00cdSTICAS GENERALES &#8211; Potencia en Watts: 90W &#8211; Potencia en Lm: 2000Lm &#8211; Tipo de Led: 210 LED SMD &#8211; Autonom\u00eda de Carga (Sin recargar ni usar): 3 d\u00edas aprox. &#8211; Tiempo de Carga: 10-12hs &#8211; Duraci\u00f3n de Bater\u00eda: Uso general, 3hs aprox \/ [&hellip;]<\/p>\n","protected":false},"featured_media":10574,"comment_status":"open","ping_status":"closed","template":"","meta":[],"product_brand":[],"product_cat":[244],"product_tag":[],"class_list":{"0":"post-10573","1":"product","2":"type-product","3":"status-publish","4":"has-post-thumbnail","6":"product_cat-lampara-solar-recargable","8":"first","9":"outofstock","10":"shipping-taxable","11":"purchasable","12":"product-type-simple"},"_links":{"self":[{"href":"https:\/\/disma.ar\/clientes\/wp-json\/wp\/v2\/product\/10573","targetHints":{"allow":["GET"]}}],"collection":[{"href":"https:\/\/disma.ar\/clientes\/wp-json\/wp\/v2\/product"}],"about":[{"href":"https:\/\/disma.ar\/clientes\/wp-json\/wp\/v2\/types\/product"}],"replies":[{"embeddable":true,"href":"https:\/\/disma.ar\/clientes\/wp-json\/wp\/v2\/comments?post=10573"}],"wp:featuredmedia":[{"embeddable":true,"href":"https:\/\/disma.ar\/clientes\/wp-json\/wp\/v2\/media\/10574"}],"wp:attachment":[{"href":"https:\/\/disma.ar\/clientes\/wp-json\/wp\/v2\/media?parent=10573"}],"wp:term":[{"taxonomy":"product_brand","embeddable":true,"href":"https:\/\/disma.ar\/clientes\/wp-json\/wp\/v2\/product_brand?post=10573"},{"taxonomy":"product_cat","embeddable":true,"href":"https:\/\/disma.ar\/clientes\/wp-json\/wp\/v2\/product_cat?post=10573"},{"taxonomy":"product_tag","embeddable":true,"href":"https:\/\/disma.ar\/clientes\/wp-json\/wp\/v2\/product_tag?post=10573"}],"curies":[{"name":"wp","href":"https:\/\/api.w.org\/{rel}","templated":true}]}}