{"id":10478,"date":"2024-02-26T12:25:41","date_gmt":"2024-02-26T15:25:41","guid":{"rendered":"https:\/\/disma.ar\/clientes\/?post_type=product&#038;p=10478"},"modified":"2026-03-17T10:25:04","modified_gmt":"2026-03-17T13:25:04","slug":"hub-usb-3-0-x-4-puertos-usb-3-0-super-speed-5gbps-30cm-con-led-slim-elemax","status":"publish","type":"product","link":"https:\/\/disma.ar\/clientes\/producto\/hub-usb-3-0-x-4-puertos-usb-3-0-super-speed-5gbps-30cm-con-led-slim-elemax\/","title":{"rendered":"HUB USB 3.0 X 4 PUERTOS USB 3.0 SUPER SPEED 5GBPS 30CM CON LED SLIM ELEMAX"},"content":{"rendered":"<ul>\n<li>HUB MULTIPLICADOR CARGA R\u00c1PIDA USB 3.0<br \/>\n4 Puertos<\/p>\n<ul>\n<li>Hub USB 3.0 de 4 puertos con velocidad de transferencia s\u00faper r\u00e1pida de hasta 5 Gbps.<\/li>\n<li>Compatible con versiones anteriores de USB 2.0 1.1.<\/li>\n<li>Plug and play, no necesita controlador.<\/li>\n<li>Sirve tanto para carga r\u00e1pida como para transferencia de datos.<\/li>\n<li>Peso ligero, tama\u00f1o peque\u00f1o, f\u00e1cil de llevar.<\/li>\n<\/ul>\n<p>DATOS T\u00c9CNICOS:<\/p>\n<ul>\n<li>4 PUERTOS.<\/li>\n<li>Material PL\u00c1STICO.<\/li>\n<li>Tipo de conector: USB 3.0 compatible con USB 2.0.<\/li>\n<li>N\u00famero de puerto 4.<\/li>\n<li>Velocidad de transmisi\u00f3n: 5Gbps.<\/li>\n<li>Soporta sistema Windows 2003 \/ XP \/ Vista \/ 7\/8\/10 y Mac.<\/li>\n<li>Medida del cable: 30 cm.<\/li>\n<li>Plug and play.<\/li>\n<\/ul>\n<\/li>\n<\/ul>\n","protected":false},"excerpt":{"rendered":"<p>HUB MULTIPLICADOR CARGA R\u00c1PIDA USB 3.0 4 Puertos Hub USB 3.0 de 4 puertos con velocidad de transferencia s\u00faper r\u00e1pida de hasta 5 Gbps. Compatible con versiones anteriores de USB 2.0 1.1. Plug and play, no necesita controlador. Sirve tanto para carga r\u00e1pida como para transferencia de datos. Peso ligero, tama\u00f1o peque\u00f1o, f\u00e1cil de llevar. [&hellip;]<\/p>\n","protected":false},"featured_media":14295,"comment_status":"open","ping_status":"closed","template":"","meta":[],"product_brand":[],"product_cat":[54],"product_tag":[],"class_list":{"0":"post-10478","1":"product","2":"type-product","3":"status-publish","4":"has-post-thumbnail","6":"product_cat-hub-usb","8":"first","9":"outofstock","10":"shipping-taxable","11":"purchasable","12":"product-type-simple"},"_links":{"self":[{"href":"https:\/\/disma.ar\/clientes\/wp-json\/wp\/v2\/product\/10478","targetHints":{"allow":["GET"]}}],"collection":[{"href":"https:\/\/disma.ar\/clientes\/wp-json\/wp\/v2\/product"}],"about":[{"href":"https:\/\/disma.ar\/clientes\/wp-json\/wp\/v2\/types\/product"}],"replies":[{"embeddable":true,"href":"https:\/\/disma.ar\/clientes\/wp-json\/wp\/v2\/comments?post=10478"}],"wp:featuredmedia":[{"embeddable":true,"href":"https:\/\/disma.ar\/clientes\/wp-json\/wp\/v2\/media\/14295"}],"wp:attachment":[{"href":"https:\/\/disma.ar\/clientes\/wp-json\/wp\/v2\/media?parent=10478"}],"wp:term":[{"taxonomy":"product_brand","embeddable":true,"href":"https:\/\/disma.ar\/clientes\/wp-json\/wp\/v2\/product_brand?post=10478"},{"taxonomy":"product_cat","embeddable":true,"href":"https:\/\/disma.ar\/clientes\/wp-json\/wp\/v2\/product_cat?post=10478"},{"taxonomy":"product_tag","embeddable":true,"href":"https:\/\/disma.ar\/clientes\/wp-json\/wp\/v2\/product_tag?post=10478"}],"curies":[{"name":"wp","href":"https:\/\/api.w.org\/{rel}","templated":true}]}}