{"id":10430,"date":"2024-02-22T15:12:47","date_gmt":"2024-02-22T18:12:47","guid":{"rendered":"https:\/\/disma.ar\/clientes\/?post_type=product&#038;p=10430"},"modified":"2026-02-11T13:31:05","modified_gmt":"2026-02-11T16:31:05","slug":"funda-protector-silicona-joystick-pc","status":"publish","type":"product","link":"https:\/\/disma.ar\/clientes\/producto\/funda-protector-silicona-joystick-pc\/","title":{"rendered":"FUNDA PROTECTOR SILICONA JOYSTICK PC"},"content":{"rendered":"<div id=\"headingOne\" class=\"card-header px-0\" role=\"tab\">\n<h3 class=\"panel-title\">Descripci\u00f3n<i class=\"fa fa-chevron-down pull-right\"><\/i><\/h3>\n<\/div>\n<div id=\"collapseOne\" class=\"collapse show\" role=\"tabpanel\" aria-labelledby=\"headingOne\">\n<div class=\"card-body pl-0\">Funda de silicona para un mayor agarre y protecci\u00f3n del mando.<br \/>\nCaracter\u00edsticas:<br \/>\nPersonalice su mando. Ofrece una mejor sujeci\u00f3n. Protege su mando contra ara\u00f1azos. Todos los botones y conexiones son accesibles. Lavable, f\u00e1cil de limpiar<\/div>\n<\/div>\n","protected":false},"excerpt":{"rendered":"<p>R. BALBOA<\/p>\n","protected":false},"featured_media":10432,"comment_status":"open","ping_status":"closed","template":"","meta":[],"product_brand":[],"product_cat":[203,363,202],"product_tag":[],"class_list":{"0":"post-10430","1":"product","2":"type-product","3":"status-publish","4":"has-post-thumbnail","6":"product_cat-consolas-de-video-juego","7":"product_cat-baterias-cables-plaquetas","8":"product_cat-entretenimiento","10":"first","11":"instock","12":"shipping-taxable","13":"purchasable","14":"product-type-simple"},"_links":{"self":[{"href":"https:\/\/disma.ar\/clientes\/wp-json\/wp\/v2\/product\/10430","targetHints":{"allow":["GET"]}}],"collection":[{"href":"https:\/\/disma.ar\/clientes\/wp-json\/wp\/v2\/product"}],"about":[{"href":"https:\/\/disma.ar\/clientes\/wp-json\/wp\/v2\/types\/product"}],"replies":[{"embeddable":true,"href":"https:\/\/disma.ar\/clientes\/wp-json\/wp\/v2\/comments?post=10430"}],"wp:featuredmedia":[{"embeddable":true,"href":"https:\/\/disma.ar\/clientes\/wp-json\/wp\/v2\/media\/10432"}],"wp:attachment":[{"href":"https:\/\/disma.ar\/clientes\/wp-json\/wp\/v2\/media?parent=10430"}],"wp:term":[{"taxonomy":"product_brand","embeddable":true,"href":"https:\/\/disma.ar\/clientes\/wp-json\/wp\/v2\/product_brand?post=10430"},{"taxonomy":"product_cat","embeddable":true,"href":"https:\/\/disma.ar\/clientes\/wp-json\/wp\/v2\/product_cat?post=10430"},{"taxonomy":"product_tag","embeddable":true,"href":"https:\/\/disma.ar\/clientes\/wp-json\/wp\/v2\/product_tag?post=10430"}],"curies":[{"name":"wp","href":"https:\/\/api.w.org\/{rel}","templated":true}]}}