{"id":10371,"date":"2024-02-16T17:20:39","date_gmt":"2024-02-16T20:20:39","guid":{"rendered":"https:\/\/disma.ar\/clientes\/?post_type=product&#038;p=10371"},"modified":"2026-04-21T14:14:22","modified_gmt":"2026-04-21T17:14:22","slug":"candado-alarma-para-moto-110db-con-sensor-de-shock","status":"publish","type":"product","link":"https:\/\/disma.ar\/clientes\/producto\/candado-alarma-para-moto-110db-con-sensor-de-shock\/","title":{"rendered":"CANDADO ALARMA PARA MOTO 110DB CON SENSOR DE SHOCK"},"content":{"rendered":"<div class=\"title--wrap--Ms9Zv4A\">\n<h5 data-pl=\"product-title\" data-spm-anchor-id=\"a2g0o.detail.0.i3.65fd31437k6siW\">Candado de alarma de sirena impermeable, candado de alarma para motocicleta, haz largo, bicicleta<\/h5>\n<\/div>\n<div>\n<ul class=\"seo-sellpoints--sellerPoint--bfm7Az1\">\n<li>\n<h5>imperme\u00e1vel e dur\u00e1vel: La cerradura de la puerta est\u00e1 hecha de material impermeable y resistente a los rayos uv, lo que puede proteger eficazmente tu bicicleta del envejecimiento. La tapa de candado est\u00e1 aislada y la cubierta de pvc impermeable permanece dentro del cuerpo.<\/h5>\n<\/li>\n<li>\n<h5>conveniente de usar: Conveniente de usar, conveniente para abrir y cerrar, puede evitar la p\u00e9rdida cuando no est\u00e9 en uso. El tama\u00f1o de la cerradura es peque\u00f1o, conveniente para llevar, se puede plegar y colocar en el bolso o bolsillo.<\/h5>\n<\/li>\n<li>\n<h5>embalagem original: Este es un candado de seguridad hecho en una combinaci\u00f3n de acero endurecido y un embalaje original.<\/h5>\n<\/li>\n<li>\n<h5>El candado de seguridad tiene un dise\u00f1o de bloqueo de bot\u00f3n, lo que permite un uso m\u00e1s c\u00f3modo y prolongado en su vida diaria.<\/h5>\n<\/li>\n<li>\n<h5>\u00a0Cerraduras de bloqueo personalizadas para cualquier persona, su familia o sus empleados de oficina, as\u00ed que el nombre es el mismo que siempre que se trata del regalo de alguien.<\/h5>\n<\/li>\n<\/ul>\n<\/div>\n","protected":false},"excerpt":{"rendered":"<p><strong>PERFECT GUARD<\/strong><\/p>\n","protected":false},"featured_media":10367,"comment_status":"open","ping_status":"closed","template":"","meta":[],"product_brand":[],"product_cat":[280],"product_tag":[],"class_list":{"0":"post-10371","1":"product","2":"type-product","3":"status-publish","4":"has-post-thumbnail","6":"product_cat-candado-notebook","8":"first","9":"outofstock","10":"shipping-taxable","11":"purchasable","12":"product-type-simple"},"_links":{"self":[{"href":"https:\/\/disma.ar\/clientes\/wp-json\/wp\/v2\/product\/10371","targetHints":{"allow":["GET"]}}],"collection":[{"href":"https:\/\/disma.ar\/clientes\/wp-json\/wp\/v2\/product"}],"about":[{"href":"https:\/\/disma.ar\/clientes\/wp-json\/wp\/v2\/types\/product"}],"replies":[{"embeddable":true,"href":"https:\/\/disma.ar\/clientes\/wp-json\/wp\/v2\/comments?post=10371"}],"wp:featuredmedia":[{"embeddable":true,"href":"https:\/\/disma.ar\/clientes\/wp-json\/wp\/v2\/media\/10367"}],"wp:attachment":[{"href":"https:\/\/disma.ar\/clientes\/wp-json\/wp\/v2\/media?parent=10371"}],"wp:term":[{"taxonomy":"product_brand","embeddable":true,"href":"https:\/\/disma.ar\/clientes\/wp-json\/wp\/v2\/product_brand?post=10371"},{"taxonomy":"product_cat","embeddable":true,"href":"https:\/\/disma.ar\/clientes\/wp-json\/wp\/v2\/product_cat?post=10371"},{"taxonomy":"product_tag","embeddable":true,"href":"https:\/\/disma.ar\/clientes\/wp-json\/wp\/v2\/product_tag?post=10371"}],"curies":[{"name":"wp","href":"https:\/\/api.w.org\/{rel}","templated":true}]}}