{"id":10199,"date":"2025-08-13T09:23:13","date_gmt":"2025-08-13T12:23:13","guid":{"rendered":"https:\/\/disma.ar\/clientes\/?post_type=product&#038;p=10199"},"modified":"2026-02-11T13:31:06","modified_gmt":"2026-02-11T16:31:06","slug":"consola-video-juego-sup-m3-900juegos-retro-16bits-pantalla-3-5-led-conexion-tv-carga-usb","status":"publish","type":"product","link":"https:\/\/disma.ar\/clientes\/producto\/consola-video-juego-sup-m3-900juegos-retro-16bits-pantalla-3-5-led-conexion-tv-carga-usb\/","title":{"rendered":"CONSOLA VIDEO JUEGO SUP M3 900JUEGOS RETRO 16BITS PANTALLA 3.5&#8243; LED CONEXION TV CARGA USB"},"content":{"rendered":"<p style=\"font-weight: 400;\"><b>ESPECIFICACIONES:<\/b><\/p>\n<p style=\"font-weight: 400;\">-Modelo: GAME BOX POWER M3<\/p>\n<p style=\"font-weight: 400;\">-Categor\u00eda: consola de juegos port\u00e1til<\/p>\n<p style=\"font-weight: 400;\">-Pantalla: pantalla a color HD de 3,0 pulgadas<\/p>\n<p style=\"font-weight: 400;\">-Capacidad de la bater\u00eda: 1020 mAh<\/p>\n<p style=\"font-weight: 400;\">-Tipo de juego: 900 juegos integrados<\/p>\n<p style=\"font-weight: 400;\">-Tipo de interfaz: USB<\/p>\n<p style=\"font-weight: 400;\">-Color: rojo, azul, negro<\/p>\n<p style=\"font-weight: 400;\">-Dimensiones: 9,9 * 6,8 * 1,2 cm<\/p>\n<p style=\"font-weight: 400;\">-Conexi\u00f3n de TV: admite conexi\u00f3n AV<\/p>\n<p style=\"font-weight: 400;\">-Tiempo en espera: alrededor de 10 horas<\/p>\n<p style=\"font-weight: 400;\">-Tiempo de juego: alrededor de 4 horas<\/p>\n<p style=\"font-weight: 400;\">-Tipo de bater\u00eda: bater\u00eda de litio extra\u00edble<\/p>\n","protected":false},"excerpt":{"rendered":"<p>Impo +21%<\/p>\n","protected":false},"featured_media":17249,"comment_status":"open","ping_status":"closed","template":"","meta":[],"product_brand":[],"product_cat":[203],"product_tag":[],"class_list":{"0":"post-10199","1":"product","2":"type-product","3":"status-publish","4":"has-post-thumbnail","6":"product_cat-consolas-de-video-juego","8":"first","9":"instock","10":"shipping-taxable","11":"purchasable","12":"product-type-simple"},"_links":{"self":[{"href":"https:\/\/disma.ar\/clientes\/wp-json\/wp\/v2\/product\/10199","targetHints":{"allow":["GET"]}}],"collection":[{"href":"https:\/\/disma.ar\/clientes\/wp-json\/wp\/v2\/product"}],"about":[{"href":"https:\/\/disma.ar\/clientes\/wp-json\/wp\/v2\/types\/product"}],"replies":[{"embeddable":true,"href":"https:\/\/disma.ar\/clientes\/wp-json\/wp\/v2\/comments?post=10199"}],"wp:featuredmedia":[{"embeddable":true,"href":"https:\/\/disma.ar\/clientes\/wp-json\/wp\/v2\/media\/17249"}],"wp:attachment":[{"href":"https:\/\/disma.ar\/clientes\/wp-json\/wp\/v2\/media?parent=10199"}],"wp:term":[{"taxonomy":"product_brand","embeddable":true,"href":"https:\/\/disma.ar\/clientes\/wp-json\/wp\/v2\/product_brand?post=10199"},{"taxonomy":"product_cat","embeddable":true,"href":"https:\/\/disma.ar\/clientes\/wp-json\/wp\/v2\/product_cat?post=10199"},{"taxonomy":"product_tag","embeddable":true,"href":"https:\/\/disma.ar\/clientes\/wp-json\/wp\/v2\/product_tag?post=10199"}],"curies":[{"name":"wp","href":"https:\/\/api.w.org\/{rel}","templated":true}]}}