{"id":10145,"date":"2025-09-30T11:10:43","date_gmt":"2025-09-30T14:10:43","guid":{"rendered":"https:\/\/disma.ar\/clientes\/?post_type=product&#038;p=10145"},"modified":"2026-04-30T10:38:50","modified_gmt":"2026-04-30T13:38:50","slug":"auricular-gamer-bluetooth-5-3-ipx4-tc-04-hifi-sound-calidad-premium-pantalla-indicador-de-porcentaje-carga-bateria-colores","status":"publish","type":"product","link":"https:\/\/disma.ar\/clientes\/producto\/auricular-gamer-bluetooth-5-3-ipx4-tc-04-hifi-sound-calidad-premium-pantalla-indicador-de-porcentaje-carga-bateria-colores\/","title":{"rendered":"***   OFERTA   *** AURICULAR GAMER BLUETOOTH 5.3 IPX4 TC-04 HIFI SOUND CALIDAD PREMIUM PANTALLA INDICADOR DE PORCENTAJE CARGA BATERIA COLOR NEGRO INALAMBRICO RECARGABLE"},"content":{"rendered":"<p>Tipo de auricular: In-ear Versi\u00f3n Bluetooth:5.3 Micr\u00f3fono: S\u00ed Reducci\u00f3n de ruido: Activo Impermeable: s\u00ed Control de reproducci\u00f3n:S\u00ed Trabajo del auricular: 2 horas Rango de transmisi\u00f3n: 10 metros Tiempo de espera incluyendo caso:24 horas Control de volumen: S\u00ed Capacidad del acumulador: 300mAh Tipo de chip: Jerry Rendimiento a prueba de agua: IPX4 Ya sea simple y binaural: est\u00e9reo bilateral Las funciones: bater\u00eda de larga duraci\u00f3n, funci\u00f3n de llamada, control por voz, soporte de m\u00fasica, pantalla digital Material: PC+ABS Estilo: dise\u00f1o creativo<\/p>\n<p>&nbsp;<\/p>\n","protected":false},"excerpt":{"rendered":"<p>Tipo de auricular: In-ear Versi\u00f3n Bluetooth:5.3 Micr\u00f3fono: S\u00ed Reducci\u00f3n de ruido: Activo Impermeable: s\u00ed Control de reproducci\u00f3n:S\u00ed Trabajo del auricular: 2 horas Rango de transmisi\u00f3n: 10 metros Tiempo de espera incluyendo caso:24 horas Control de volumen: S\u00ed Capacidad del acumulador: 300mAh Tipo de chip: Jerry Rendimiento a prueba de agua: IPX4 Ya sea simple y [&hellip;]<\/p>\n","protected":false},"featured_media":16580,"comment_status":"open","ping_status":"closed","template":"","meta":[],"product_brand":[],"product_cat":[394,33],"product_tag":[],"class_list":{"0":"post-10145","1":"product","2":"type-product","3":"status-publish","4":"has-post-thumbnail","6":"product_cat-caja-de-sorpresas","7":"product_cat-auriculares-bluetooth","9":"first","10":"instock","11":"shipping-taxable","12":"purchasable","13":"product-type-simple"},"_links":{"self":[{"href":"https:\/\/disma.ar\/clientes\/wp-json\/wp\/v2\/product\/10145","targetHints":{"allow":["GET"]}}],"collection":[{"href":"https:\/\/disma.ar\/clientes\/wp-json\/wp\/v2\/product"}],"about":[{"href":"https:\/\/disma.ar\/clientes\/wp-json\/wp\/v2\/types\/product"}],"replies":[{"embeddable":true,"href":"https:\/\/disma.ar\/clientes\/wp-json\/wp\/v2\/comments?post=10145"}],"wp:featuredmedia":[{"embeddable":true,"href":"https:\/\/disma.ar\/clientes\/wp-json\/wp\/v2\/media\/16580"}],"wp:attachment":[{"href":"https:\/\/disma.ar\/clientes\/wp-json\/wp\/v2\/media?parent=10145"}],"wp:term":[{"taxonomy":"product_brand","embeddable":true,"href":"https:\/\/disma.ar\/clientes\/wp-json\/wp\/v2\/product_brand?post=10145"},{"taxonomy":"product_cat","embeddable":true,"href":"https:\/\/disma.ar\/clientes\/wp-json\/wp\/v2\/product_cat?post=10145"},{"taxonomy":"product_tag","embeddable":true,"href":"https:\/\/disma.ar\/clientes\/wp-json\/wp\/v2\/product_tag?post=10145"}],"curies":[{"name":"wp","href":"https:\/\/api.w.org\/{rel}","templated":true}]}}