{"id":10896,"date":"2024-03-28T12:30:58","date_gmt":"2024-03-28T15:30:58","guid":{"rendered":"https:\/\/disma.ar\/clientes\/?page_id=10896"},"modified":"2025-04-17T19:38:08","modified_gmt":"2025-04-17T22:38:08","slug":"politicas-de-rma-garantias","status":"publish","type":"page","link":"https:\/\/disma.ar\/clientes\/politicas-de-rma-garantias\/","title":{"rendered":"Pol\u00edticas de RMA &#8211; GARANT\u00cdAS"},"content":{"rendered":"<p>Actualizamos pol\u00edticas de <em><strong>RMA MARZO 2025.<\/strong><\/em><\/p>\n<p>Productos de un valor inferior a $ 8000 . Garant\u00eda de prueba 72 horas.<br \/>\nProductos entre $8000 y $25000 . Garant\u00eda 30 d\u00edas.<br \/>\nproductos de $25000 en adelante garant\u00eda 60 d\u00edas.<\/p>\n<p>El plazo rige desde el momento de la entrega desde nuestro dep\u00f3sitos.<\/p>\n<p>Reclamos de <em><strong>roturas o faltantes<\/strong><\/em> dentro de los 7 d\u00edas de recibido el producto.<\/p>\n<p>Para hacer uso de la garant\u00eda el producto debe ingresar en las mismas condiciones que fuera entregado. <em><strong>NO stickers, NO caja rota, NO marcado.<\/strong><\/em><br \/>\nPara todos sin excepci\u00f3n.<\/p>\n<p><em>Se recibir\u00e1n los productos completos con sus accesorios en perfecto estado de conservaci\u00f3n con sus cajas, manuales o blisters.\u00a0<\/em><\/p>\n<p><strong>No realizamos cambios directos. <\/strong>\u00a0El producto debe ingresar a nuestros dep\u00f3sito para control, luego evaluaremos en cada caso la acci\u00f3n correspondiente sea nota de cr\u00e9dito, cambio o reparaci\u00f3n.<\/p>\n","protected":false},"excerpt":{"rendered":"<p>Actualizamos pol\u00edticas de RMA MARZO 2025. Productos de un valor inferior a $ 8000 . Garant\u00eda de prueba 72 horas. Productos entre $8000 y $25000 . Garant\u00eda 30 d\u00edas. productos de $25000 en adelante garant\u00eda 60 d\u00edas. El plazo rige desde el momento de la entrega desde nuestro dep\u00f3sitos. Reclamos de roturas o faltantes dentro [&hellip;]<\/p>\n","protected":false},"author":5,"featured_media":0,"parent":0,"menu_order":0,"comment_status":"closed","ping_status":"closed","template":"","meta":{"footnotes":""},"class_list":["post-10896","page","type-page","status-publish","hentry"],"_links":{"self":[{"href":"https:\/\/disma.ar\/clientes\/wp-json\/wp\/v2\/pages\/10896","targetHints":{"allow":["GET"]}}],"collection":[{"href":"https:\/\/disma.ar\/clientes\/wp-json\/wp\/v2\/pages"}],"about":[{"href":"https:\/\/disma.ar\/clientes\/wp-json\/wp\/v2\/types\/page"}],"author":[{"embeddable":true,"href":"https:\/\/disma.ar\/clientes\/wp-json\/wp\/v2\/users\/5"}],"replies":[{"embeddable":true,"href":"https:\/\/disma.ar\/clientes\/wp-json\/wp\/v2\/comments?post=10896"}],"version-history":[{"count":7,"href":"https:\/\/disma.ar\/clientes\/wp-json\/wp\/v2\/pages\/10896\/revisions"}],"predecessor-version":[{"id":16033,"href":"https:\/\/disma.ar\/clientes\/wp-json\/wp\/v2\/pages\/10896\/revisions\/16033"}],"wp:attachment":[{"href":"https:\/\/disma.ar\/clientes\/wp-json\/wp\/v2\/media?parent=10896"}],"curies":[{"name":"wp","href":"https:\/\/api.w.org\/{rel}","templated":true}]}}