{"id":10463,"date":"2024-02-25T11:36:49","date_gmt":"2024-02-25T14:36:49","guid":{"rendered":"https:\/\/disma.ar\/clientes\/?page_id=10463"},"modified":"2024-02-25T11:36:49","modified_gmt":"2024-02-25T14:36:49","slug":"quienes-somos","status":"publish","type":"page","link":"https:\/\/disma.ar\/clientes\/quienes-somos\/","title":{"rendered":"Quienes somos"},"content":{"rendered":"<p>Somos en primer lugar, amantes de lo que hacemos, nos gusta la tecnolog\u00eda y las novedades y desde hace 30 a\u00f1os estamos en el rubro como segunda generaci\u00f3n.<\/p>\n<p>Nos enfocamos en la venta mayorista exclusivamente, aportando apoyo de contenido a revendedores y asistencia a comercios.<\/p>\n<p>Encontrar\u00e1s con nosotros los items que no son f\u00e1ciles conseguir en el mercado del accesorio tecnol\u00f3gico para todo tipo de conectividad y de todos los tiempos.<\/p>\n<p>Como dec\u00edamos, amamos la tecnolog\u00eda pero nos oponemos a la frialdad de los robots. Por eso estamos para escuchar, resolver y aconsejar y dar respuesta a los requerimientos de la venta.<\/p>\n<p>(este texto fue escrito con inteligencia artificial)Jajaja, no! mentira!<br \/>\nEscribinos y conocenos<\/p>\n<p>Abrazos, el equipo de Despensa Digital<\/p>\n","protected":false},"excerpt":{"rendered":"<p>Somos en primer lugar, amantes de lo que hacemos, nos gusta la tecnolog\u00eda y las novedades y desde hace 30 a\u00f1os estamos en el rubro como segunda generaci\u00f3n. Nos enfocamos en la venta mayorista exclusivamente, aportando apoyo de contenido a revendedores y asistencia a comercios. Encontrar\u00e1s con nosotros los items que no son f\u00e1ciles conseguir [&hellip;]<\/p>\n","protected":false},"author":1,"featured_media":0,"parent":0,"menu_order":0,"comment_status":"closed","ping_status":"closed","template":"","meta":{"footnotes":""},"class_list":["post-10463","page","type-page","status-publish","hentry"],"_links":{"self":[{"href":"https:\/\/disma.ar\/clientes\/wp-json\/wp\/v2\/pages\/10463","targetHints":{"allow":["GET"]}}],"collection":[{"href":"https:\/\/disma.ar\/clientes\/wp-json\/wp\/v2\/pages"}],"about":[{"href":"https:\/\/disma.ar\/clientes\/wp-json\/wp\/v2\/types\/page"}],"author":[{"embeddable":true,"href":"https:\/\/disma.ar\/clientes\/wp-json\/wp\/v2\/users\/1"}],"replies":[{"embeddable":true,"href":"https:\/\/disma.ar\/clientes\/wp-json\/wp\/v2\/comments?post=10463"}],"version-history":[{"count":1,"href":"https:\/\/disma.ar\/clientes\/wp-json\/wp\/v2\/pages\/10463\/revisions"}],"predecessor-version":[{"id":10464,"href":"https:\/\/disma.ar\/clientes\/wp-json\/wp\/v2\/pages\/10463\/revisions\/10464"}],"wp:attachment":[{"href":"https:\/\/disma.ar\/clientes\/wp-json\/wp\/v2\/media?parent=10463"}],"curies":[{"name":"wp","href":"https:\/\/api.w.org\/{rel}","templated":true}]}}